{"id":352673,"date":"2026-04-02T07:53:38","date_gmt":"2026-04-02T05:53:38","guid":{"rendered":"https:\/\/interiorposter.com\/?post_type=product&#038;p=352673"},"modified":"2026-04-04T23:51:19","modified_gmt":"2026-04-04T21:51:19","slug":"uliczka-paryza-obraz-na-plotnie-inspirowany-stylem-vincenta-van-gogha","status":"publish","type":"product","link":"https:\/\/interiorposter.com\/pl\/product\/uliczka-paryza-obraz-na-plotnie-inspirowany-stylem-vincenta-van-gogha\/","title":{"rendered":"Uliczka Pary\u017ca &#8211; obraz na p\u0142\u00f3tnie inspirowany stylem Vincenta van Gogha"},"content":{"rendered":"<p>Obraz na p\u0142\u00f3tnie z motywem klimatycznej uliczki z kawiarniami o\u017cywionej wieczornym \u015bwiat\u0142em zachwyca artystycznym charakterem i wyj\u0105tkow\u0105 atmosfer\u0105 nocnego miasta. G\u0142\u0119bokie odcienie granatu, b\u0142\u0119kitu i czerni prze\u0142amane ciep\u0142ym blaskiem lamp oraz z\u0142ocistych okien tworz\u0105 efektown\u0105 kompozycj\u0119 pe\u0142n\u0105 emocji, elegancji i miejskiego uroku. To stylowa dekoracja do salonu, biura, restauracji, hotelu lub przedpokoju, idealna do wn\u0119trz nowoczesnych, artystycznych i inspirowanych miejskim pejza\u017cem. Ten obraz na \u015bcian\u0119 przyci\u0105ga wzrok, buduje nastrojowy klimat i dodaje przestrzeni wyrazisto\u015bci, ciep\u0142a oraz niepowtarzalnego charakteru.<\/p>\n","protected":false},"excerpt":{"rendered":"<p>Nastrojowy obraz na p\u0142\u00f3tnie z nocn\u0105 uliczk\u0105, kawiarniami i gwia\u017adzistym niebem w granatowo z\u0142otej tonacji. Stylowa dekoracja do salonu, biura lub restauracji, kt\u00f3ra wnosi elegancj\u0119, ciep\u0142o i miejski klimat.<\/p>\n","protected":false},"featured_media":352685,"comment_status":"closed","ping_status":"closed","template":"","meta":[],"product_brand":[],"product_cat":[88,76,291,137,305,299,122,73,91,85],"product_tag":[273,696,701,188],"class_list":{"0":"post-352673","1":"product","2":"type-product","3":"status-publish","4":"has-post-thumbnail","6":"product_cat-biuro","7":"product_cat-hotel-pl","8":"product_cat-ilustracje","9":"product_cat-krajobrazy","10":"product_cat-ludzie","11":"product_cat-malarskie","12":"product_cat-miasta-i-mosty","13":"product_cat-przedpokoj","14":"product_cat-restauracja","15":"product_cat-salon","16":"product_tag-dark-pl","17":"product_tag-nowoczesne-obrazy","18":"product_tag-poziomy","19":"product_tag-wielokolorowy","20":"pa_size-finishing-30x20-standard","21":"pa_size-finishing-30x20-na-ptnie-woskim","22":"pa_size-finishing-30x20-premium-print","23":"pa_size-finishing-30x20-akustyczny","24":"pa_size-finishing-60x40-standard","25":"pa_size-finishing-60x40-na-ptnie-woskim","26":"pa_size-finishing-60x40-premium-print","27":"pa_size-finishing-60x40-akustyczny","28":"pa_size-finishing-60x40-w-ramie-drewnianej-naturalnej","29":"pa_size-finishing-60x40-w-ramie-drewnianej-czarnej","30":"pa_size-finishing-90x60-standard","31":"pa_size-finishing-90x60-na-ptnie-woskim","32":"pa_size-finishing-90x60-premium-print","33":"pa_size-finishing-90x60-akustyczny","34":"pa_size-finishing-90x60-w-ramie-drewnianej-naturalnej","35":"pa_size-finishing-90x60-w-ramie-drewnianej-czarnej","36":"pa_size-finishing-120x80-standard","37":"pa_size-finishing-120x80-na-ptnie-woskim","38":"pa_size-finishing-120x80-premium-print","39":"pa_size-finishing-120x80-akustyczny","40":"pa_size-finishing-120x80-w-ramie-drewnianej-naturalnej","41":"pa_size-finishing-120x80-w-ramie-drewnianej-czarnej","43":"first","44":"instock","45":"purchasable","46":"product-type-variable","47":"has-default-attributes"},"aioseo_notices":[],"_links":{"self":[{"href":"https:\/\/interiorposter.com\/pl\/wp-json\/wp\/v2\/product\/352673","targetHints":{"allow":["GET"]}}],"collection":[{"href":"https:\/\/interiorposter.com\/pl\/wp-json\/wp\/v2\/product"}],"about":[{"href":"https:\/\/interiorposter.com\/pl\/wp-json\/wp\/v2\/types\/product"}],"replies":[{"embeddable":true,"href":"https:\/\/interiorposter.com\/pl\/wp-json\/wp\/v2\/comments?post=352673"}],"wp:featuredmedia":[{"embeddable":true,"href":"https:\/\/interiorposter.com\/pl\/wp-json\/wp\/v2\/media\/352685"}],"wp:attachment":[{"href":"https:\/\/interiorposter.com\/pl\/wp-json\/wp\/v2\/media?parent=352673"}],"wp:term":[{"taxonomy":"product_brand","embeddable":true,"href":"https:\/\/interiorposter.com\/pl\/wp-json\/wp\/v2\/product_brand?post=352673"},{"taxonomy":"product_cat","embeddable":true,"href":"https:\/\/interiorposter.com\/pl\/wp-json\/wp\/v2\/product_cat?post=352673"},{"taxonomy":"product_tag","embeddable":true,"href":"https:\/\/interiorposter.com\/pl\/wp-json\/wp\/v2\/product_tag?post=352673"}],"curies":[{"name":"wp","href":"https:\/\/api.w.org\/{rel}","templated":true}]}}