{"id":352152,"date":"2026-04-02T07:45:54","date_gmt":"2026-04-02T05:45:54","guid":{"rendered":"https:\/\/interiorposter.com\/?post_type=product&#038;p=352152"},"modified":"2026-04-04T23:41:46","modified_gmt":"2026-04-04T21:41:46","slug":"obraz-na-plotnie-stonehenge-pod-dramatycznym-niebem","status":"publish","type":"product","link":"https:\/\/interiorposter.com\/pl\/product\/obraz-na-plotnie-stonehenge-pod-dramatycznym-niebem\/","title":{"rendered":"Obraz na p\u0142\u00f3tnie Stonehenge pod dramatycznym niebem"},"content":{"rendered":"<p>Obraz na p\u0142\u00f3tnie z motywem Stonehenge przyci\u0105ga wzrok monumentalnym charakterem i niezwykle nastrojow\u0105 atmosfer\u0105. Historyczna kamienna budowla zestawiona z rozleg\u0142ym, dramatycznym niebem w odcieniach br\u0105zu, be\u017cu i przygaszonej zieleni tworzy wyrazist\u0105 kompozycj\u0119 pe\u0142n\u0105 tajemnicy i si\u0142y. To efektowna dekoracja do salonu, biura, przedpokoju, hotelu lub restauracji, idealna do wn\u0119trz nowoczesnych, industrialnych i inspirowanych podr\u00f3\u017cami. Ten obraz na \u015bcian\u0119 nadaje przestrzeni g\u0142\u0119bi, mocnego charakteru i wyj\u0105tkowego klimatu, staj\u0105c si\u0119 dekoracj\u0105, kt\u00f3ra przyci\u0105ga uwag\u0119 i budzi emocje.<\/p>\n","protected":false},"excerpt":{"rendered":"<p>Wyrazisty obraz na p\u0142\u00f3tnie ze Stonehenge pod dramatycznym niebem w be\u017cowo br\u0105zowej tonacji. Efektowna dekoracja do salonu, biura lub hotelu, kt\u00f3ra wnosi tajemniczy klimat i mocny charakter.<\/p>\n","protected":false},"featured_media":352154,"comment_status":"closed","ping_status":"closed","template":"","meta":[],"product_brand":[],"product_cat":[88,110,76,291,137,107,73,91,85,209],"product_tag":[696,706,188],"class_list":{"0":"post-352152","1":"product","2":"type-product","3":"status-publish","4":"has-post-thumbnail","6":"product_cat-biuro","7":"product_cat-fotografia","8":"product_cat-hotel-pl","9":"product_cat-ilustracje","10":"product_cat-krajobrazy","11":"product_cat-nowoczesne","12":"product_cat-przedpokoj","13":"product_cat-restauracja","14":"product_cat-salon","15":"product_cat-sztuka-koncepcyjna","16":"product_tag-nowoczesne-obrazy","17":"product_tag-pionowy","18":"product_tag-wielokolorowy","19":"pa_size-finishing-20x30-standard","20":"pa_size-finishing-20x30-na-ptnie-woskim","21":"pa_size-finishing-20x30-premium-print","22":"pa_size-finishing-20x30-akustyczny","23":"pa_size-finishing-40x60-standard","24":"pa_size-finishing-40x60-na-ptnie-woskim","25":"pa_size-finishing-40x60-premium-print","26":"pa_size-finishing-40x60-akustyczny","27":"pa_size-finishing-40x60-w-ramie-drewnianej-naturalnej","28":"pa_size-finishing-40x60-w-ramie-drewnianej-czarnej","29":"pa_size-finishing-60x90-standard","30":"pa_size-finishing-60x90-na-ptnie-woskim","31":"pa_size-finishing-60x90-premium-print","32":"pa_size-finishing-60x90-akustyczny","33":"pa_size-finishing-60x90-w-ramie-drewnianej-naturalnej","34":"pa_size-finishing-60x90-w-ramie-drewnianej-czarnej","35":"pa_size-finishing-80x120-standard","36":"pa_size-finishing-80x120-na-ptnie-woskim","37":"pa_size-finishing-80x120-premium-print","38":"pa_size-finishing-80x120-akustyczny","39":"pa_size-finishing-80x120-w-ramie-drewnianej-naturalnej","40":"pa_size-finishing-80x120-w-ramie-drewnianej-czarnej","42":"first","43":"instock","44":"purchasable","45":"product-type-variable","46":"has-default-attributes"},"aioseo_notices":[],"_links":{"self":[{"href":"https:\/\/interiorposter.com\/pl\/wp-json\/wp\/v2\/product\/352152","targetHints":{"allow":["GET"]}}],"collection":[{"href":"https:\/\/interiorposter.com\/pl\/wp-json\/wp\/v2\/product"}],"about":[{"href":"https:\/\/interiorposter.com\/pl\/wp-json\/wp\/v2\/types\/product"}],"replies":[{"embeddable":true,"href":"https:\/\/interiorposter.com\/pl\/wp-json\/wp\/v2\/comments?post=352152"}],"wp:featuredmedia":[{"embeddable":true,"href":"https:\/\/interiorposter.com\/pl\/wp-json\/wp\/v2\/media\/352154"}],"wp:attachment":[{"href":"https:\/\/interiorposter.com\/pl\/wp-json\/wp\/v2\/media?parent=352152"}],"wp:term":[{"taxonomy":"product_brand","embeddable":true,"href":"https:\/\/interiorposter.com\/pl\/wp-json\/wp\/v2\/product_brand?post=352152"},{"taxonomy":"product_cat","embeddable":true,"href":"https:\/\/interiorposter.com\/pl\/wp-json\/wp\/v2\/product_cat?post=352152"},{"taxonomy":"product_tag","embeddable":true,"href":"https:\/\/interiorposter.com\/pl\/wp-json\/wp\/v2\/product_tag?post=352152"}],"curies":[{"name":"wp","href":"https:\/\/api.w.org\/{rel}","templated":true}]}}