{"id":35200,"date":"2025-06-23T05:01:01","date_gmt":"2025-06-23T03:01:01","guid":{"rendered":"https:\/\/interiorposter.com\/?post_type=product&#038;p=35200"},"modified":"2026-03-19T01:30:19","modified_gmt":"2026-03-19T00:30:19","slug":"obraz-na-plotnie-zloty-zachod-slonca-nad-spokojnym-morzem","status":"publish","type":"product","link":"https:\/\/interiorposter.com\/pl\/product\/obraz-na-plotnie-zloty-zachod-slonca-nad-spokojnym-morzem\/","title":{"rendered":"Obraz na p\u0142\u00f3tnie Z\u0142oty zach\u00f3d s\u0142o\u0144ca nad spokojnym morzem"},"content":{"rendered":"<p>Wprowad\u017a do wn\u0119trza ciep\u0142o i spok\u00f3j ko\u0144c\u00f3wki dnia: z\u0142ote s\u0142o\u0144ce opada nad horyzontem, a jego blask odbija si\u0119 na tafli morza, tworz\u0105c koj\u0105c\u0105 \u015bwietlist\u0105 \u015bcie\u017ck\u0119. Na pierwszym planie jasny piasek i naturalne, rze\u017abiarskie drewno dodaj\u0105 scenie charakteru i wakacyjnej swobody. Ten obraz na p\u0142\u00f3tnie roz\u015bwietla \u015bcian\u0119 i buduje relaksuj\u0105cy klimat, idealny do odpoczynku. Ciep\u0142a paleta z\u0142ota, pomara\u0144czy i be\u017cy po\u0142\u0105czona z ch\u0142odniejszym b\u0142\u0119kitem wody \u015bwietnie pasuje do salonu, sypialni, biura, hotelu, restauracji lub przedpokoju jako elegancki obraz na \u015bcian\u0119 z motywem morza.<\/p>\n","protected":false},"excerpt":{"rendered":"<p>Obraz na p\u0142\u00f3tnie z pla\u017c\u0105 i z\u0142otym zachodem s\u0142o\u0144ca nad morzem. Ciep\u0142e pomara\u0144cze i be\u017ce tworz\u0105 przytulny, wakacyjny nastr\u00f3j.<\/p>\n","protected":false},"featured_media":147215,"comment_status":"open","ping_status":"closed","template":"","meta":[],"product_brand":[],"product_cat":[88,110,76,137,82,67,143,73,91,85,113,70],"product_tag":[701,188],"class_list":{"0":"post-35200","1":"product","2":"type-product","3":"status-publish","4":"has-post-thumbnail","6":"product_cat-biuro","7":"product_cat-fotografia","8":"product_cat-hotel-pl","9":"product_cat-krajobrazy","10":"product_cat-kuchnia","11":"product_cat-lazienka","12":"product_cat-morze-i-wybrzeze","13":"product_cat-przedpokoj","14":"product_cat-restauracja","15":"product_cat-salon","16":"product_cat-skandynawskie","17":"product_cat-sypialnia","18":"product_tag-poziomy","19":"product_tag-wielokolorowy","21":"first","22":"instock","23":"taxable","24":"shipping-taxable","25":"purchasable","26":"product-type-variable","27":"has-default-attributes"},"aioseo_notices":[],"_links":{"self":[{"href":"https:\/\/interiorposter.com\/pl\/wp-json\/wp\/v2\/product\/35200","targetHints":{"allow":["GET"]}}],"collection":[{"href":"https:\/\/interiorposter.com\/pl\/wp-json\/wp\/v2\/product"}],"about":[{"href":"https:\/\/interiorposter.com\/pl\/wp-json\/wp\/v2\/types\/product"}],"replies":[{"embeddable":true,"href":"https:\/\/interiorposter.com\/pl\/wp-json\/wp\/v2\/comments?post=35200"}],"wp:featuredmedia":[{"embeddable":true,"href":"https:\/\/interiorposter.com\/pl\/wp-json\/wp\/v2\/media\/147215"}],"wp:attachment":[{"href":"https:\/\/interiorposter.com\/pl\/wp-json\/wp\/v2\/media?parent=35200"}],"wp:term":[{"taxonomy":"product_brand","embeddable":true,"href":"https:\/\/interiorposter.com\/pl\/wp-json\/wp\/v2\/product_brand?post=35200"},{"taxonomy":"product_cat","embeddable":true,"href":"https:\/\/interiorposter.com\/pl\/wp-json\/wp\/v2\/product_cat?post=35200"},{"taxonomy":"product_tag","embeddable":true,"href":"https:\/\/interiorposter.com\/pl\/wp-json\/wp\/v2\/product_tag?post=35200"}],"curies":[{"name":"wp","href":"https:\/\/api.w.org\/{rel}","templated":true}]}}