{"id":351989,"date":"2026-04-02T07:42:58","date_gmt":"2026-04-02T05:42:58","guid":{"rendered":"https:\/\/interiorposter.com\/?post_type=product&#038;p=351989"},"modified":"2026-04-04T02:59:30","modified_gmt":"2026-04-04T00:59:30","slug":"obraz-na-plotnie-lodz-w-barwnym-blasku-wieczoru","status":"publish","type":"product","link":"https:\/\/interiorposter.com\/pl\/product\/obraz-na-plotnie-lodz-w-barwnym-blasku-wieczoru\/","title":{"rendered":"Obraz na p\u0142\u00f3tnie \u0141\u00f3d\u017a w barwnym blasku wieczoru"},"content":{"rendered":"<p>Wyj\u0105tkowy obraz na p\u0142\u00f3tnie z \u0142odzi\u0105 na spokojnej wodzie zachwyca intensywn\u0105 kolorystyk\u0105 i malarskim klimatem pe\u0142nym emocji. Po\u0142\u0105czenie g\u0142\u0119bokich odcieni b\u0142\u0119kitu, fioletu, r\u00f3\u017cu i pomara\u0144czu tworzy efektown\u0105 kompozycj\u0119, kt\u00f3ra o\u017cywia wn\u0119trze i przyci\u0105ga wzrok ju\u017c od pierwszej chwili. To stylowy obraz do salonu, sypialni, biura, hotelu lub restauracji, idealny do aran\u017cacji nowoczesnych i artystycznych. Motyw \u0142odzi, odbi\u0107 \u015bwiat\u0142a oraz wieczornej scenerii nadaje dekoracji wyj\u0105tkow\u0105 g\u0142\u0119bi\u0119, a obraz na \u015bcian\u0119 staje si\u0119 mocnym akcentem buduj\u0105cym nastrojow\u0105, eleganck\u0105 atmosfer\u0119.<\/p>\n","protected":false},"excerpt":{"rendered":"<p>Malarski obraz na p\u0142\u00f3tnie z \u0142odzi\u0105 na wodzie w intensywnych odcieniach b\u0142\u0119kitu, r\u00f3\u017cu i pomara\u0144czu. Efektowna dekoracja do salonu, biura, hotelu i nowoczesnych wn\u0119trz.<\/p>\n","protected":false},"featured_media":351991,"comment_status":"closed","ping_status":"closed","template":"","meta":[],"product_brand":[],"product_cat":[88,76,137,143,267,91,85,70],"product_tag":[273,696,701,188],"class_list":{"0":"post-351989","1":"product","2":"type-product","3":"status-publish","4":"has-post-thumbnail","6":"product_cat-biuro","7":"product_cat-hotel-pl","8":"product_cat-krajobrazy","9":"product_cat-morze-i-wybrzeze","10":"product_cat-nocne","11":"product_cat-restauracja","12":"product_cat-salon","13":"product_cat-sypialnia","14":"product_tag-dark-pl","15":"product_tag-nowoczesne-obrazy","16":"product_tag-poziomy","17":"product_tag-wielokolorowy","18":"pa_size-finishing-30x20-standard","19":"pa_size-finishing-30x20-na-ptnie-woskim","20":"pa_size-finishing-30x20-premium-print","21":"pa_size-finishing-30x20-akustyczny","22":"pa_size-finishing-60x40-standard","23":"pa_size-finishing-60x40-na-ptnie-woskim","24":"pa_size-finishing-60x40-premium-print","25":"pa_size-finishing-60x40-akustyczny","26":"pa_size-finishing-60x40-w-ramie-drewnianej-naturalnej","27":"pa_size-finishing-60x40-w-ramie-drewnianej-czarnej","28":"pa_size-finishing-90x60-standard","29":"pa_size-finishing-90x60-na-ptnie-woskim","30":"pa_size-finishing-90x60-premium-print","31":"pa_size-finishing-90x60-akustyczny","32":"pa_size-finishing-90x60-w-ramie-drewnianej-naturalnej","33":"pa_size-finishing-90x60-w-ramie-drewnianej-czarnej","34":"pa_size-finishing-120x80-standard","35":"pa_size-finishing-120x80-na-ptnie-woskim","36":"pa_size-finishing-120x80-premium-print","37":"pa_size-finishing-120x80-akustyczny","38":"pa_size-finishing-120x80-w-ramie-drewnianej-naturalnej","39":"pa_size-finishing-120x80-w-ramie-drewnianej-czarnej","41":"first","42":"instock","43":"purchasable","44":"product-type-variable","45":"has-default-attributes"},"aioseo_notices":[],"_links":{"self":[{"href":"https:\/\/interiorposter.com\/pl\/wp-json\/wp\/v2\/product\/351989","targetHints":{"allow":["GET"]}}],"collection":[{"href":"https:\/\/interiorposter.com\/pl\/wp-json\/wp\/v2\/product"}],"about":[{"href":"https:\/\/interiorposter.com\/pl\/wp-json\/wp\/v2\/types\/product"}],"replies":[{"embeddable":true,"href":"https:\/\/interiorposter.com\/pl\/wp-json\/wp\/v2\/comments?post=351989"}],"wp:featuredmedia":[{"embeddable":true,"href":"https:\/\/interiorposter.com\/pl\/wp-json\/wp\/v2\/media\/351991"}],"wp:attachment":[{"href":"https:\/\/interiorposter.com\/pl\/wp-json\/wp\/v2\/media?parent=351989"}],"wp:term":[{"taxonomy":"product_brand","embeddable":true,"href":"https:\/\/interiorposter.com\/pl\/wp-json\/wp\/v2\/product_brand?post=351989"},{"taxonomy":"product_cat","embeddable":true,"href":"https:\/\/interiorposter.com\/pl\/wp-json\/wp\/v2\/product_cat?post=351989"},{"taxonomy":"product_tag","embeddable":true,"href":"https:\/\/interiorposter.com\/pl\/wp-json\/wp\/v2\/product_tag?post=351989"}],"curies":[{"name":"wp","href":"https:\/\/api.w.org\/{rel}","templated":true}]}}