{"id":351038,"date":"2026-04-02T07:28:41","date_gmt":"2026-04-02T05:28:41","guid":{"rendered":"https:\/\/interiorposter.com\/?post_type=product&#038;p=351038"},"modified":"2026-04-04T23:36:55","modified_gmt":"2026-04-04T21:36:55","slug":"obraz-na-plotnie-klasyczny-pejzaz-z-willa-i-jeziorem","status":"publish","type":"product","link":"https:\/\/interiorposter.com\/pl\/product\/obraz-na-plotnie-klasyczny-pejzaz-z-willa-i-jeziorem\/","title":{"rendered":"Obraz na p\u0142\u00f3tnie Klasyczny pejza\u017c z will\u0105 i jeziorem"},"content":{"rendered":"<p>Obraz na p\u0142\u00f3tnie z motywem eleganckiej willi nad spokojn\u0105 wod\u0105 zachwyca klasycznym urokiem i atmosfer\u0105 wyciszenia. Subtelna kompozycja w odcieniach szaro\u015bci, z\u0142amanej bieli i delikatnych be\u017c\u00f3w tworzy ponadczasow\u0105 dekoracj\u0119, kt\u00f3ra pi\u0119knie podkre\u015bla charakter wn\u0119trza. Widok \u0142\u00f3dki, smuk\u0142ych drzew i romantycznej architektury wprowadza do przestrzeni harmoni\u0119, lekko\u015b\u0107 i szlachetny styl. To doskona\u0142y obraz do salonu, sypialni, biura, hotelu lub restauracji, szczeg\u00f3lnie do aran\u017cacji klasycznych, eleganckich i inspirowanych natur\u0105. Taki obraz na \u015bcian\u0119 dodaje wn\u0119trzu spokoju, klasy i wyrafinowanego klimatu.<\/p>\n","protected":false},"excerpt":{"rendered":"<p>Elegancki obraz na p\u0142\u00f3tnie z klasycznym pejza\u017cem, will\u0105 i \u0142\u00f3dk\u0105 na jeziorze w szaro be\u017cowej tonacji. Stylowa dekoracja do salonu, sypialni lub biura, kt\u00f3ra wnosi harmoni\u0119 i ponadczasowy urok.<\/p>\n","protected":false},"featured_media":351040,"comment_status":"closed","ping_status":"closed","template":"","meta":[],"product_brand":[],"product_cat":[88,101,76,137,299,143,91,125,85,70],"product_tag":[696,701,182],"class_list":{"0":"post-351038","1":"product","2":"type-product","3":"status-publish","4":"has-post-thumbnail","6":"product_cat-biuro","7":"product_cat-glamour-pl","8":"product_cat-hotel-pl","9":"product_cat-krajobrazy","10":"product_cat-malarskie","11":"product_cat-morze-i-wybrzeze","12":"product_cat-restauracja","13":"product_cat-rosliny-i-kwiaty","14":"product_cat-salon","15":"product_cat-sypialnia","16":"product_tag-nowoczesne-obrazy","17":"product_tag-poziomy","18":"product_tag-szary","19":"pa_size-finishing-30x20-standard","20":"pa_size-finishing-30x20-na-ptnie-woskim","21":"pa_size-finishing-30x20-premium-print","22":"pa_size-finishing-30x20-akustyczny","23":"pa_size-finishing-60x40-standard","24":"pa_size-finishing-60x40-na-ptnie-woskim","25":"pa_size-finishing-60x40-premium-print","26":"pa_size-finishing-60x40-akustyczny","27":"pa_size-finishing-60x40-w-ramie-drewnianej-naturalnej","28":"pa_size-finishing-60x40-w-ramie-drewnianej-czarnej","29":"pa_size-finishing-90x60-standard","30":"pa_size-finishing-90x60-na-ptnie-woskim","31":"pa_size-finishing-90x60-premium-print","32":"pa_size-finishing-90x60-akustyczny","33":"pa_size-finishing-90x60-w-ramie-drewnianej-naturalnej","34":"pa_size-finishing-90x60-w-ramie-drewnianej-czarnej","35":"pa_size-finishing-120x80-standard","36":"pa_size-finishing-120x80-na-ptnie-woskim","37":"pa_size-finishing-120x80-premium-print","38":"pa_size-finishing-120x80-akustyczny","39":"pa_size-finishing-120x80-w-ramie-drewnianej-naturalnej","40":"pa_size-finishing-120x80-w-ramie-drewnianej-czarnej","42":"first","43":"instock","44":"purchasable","45":"product-type-variable","46":"has-default-attributes"},"aioseo_notices":[],"_links":{"self":[{"href":"https:\/\/interiorposter.com\/pl\/wp-json\/wp\/v2\/product\/351038","targetHints":{"allow":["GET"]}}],"collection":[{"href":"https:\/\/interiorposter.com\/pl\/wp-json\/wp\/v2\/product"}],"about":[{"href":"https:\/\/interiorposter.com\/pl\/wp-json\/wp\/v2\/types\/product"}],"replies":[{"embeddable":true,"href":"https:\/\/interiorposter.com\/pl\/wp-json\/wp\/v2\/comments?post=351038"}],"wp:featuredmedia":[{"embeddable":true,"href":"https:\/\/interiorposter.com\/pl\/wp-json\/wp\/v2\/media\/351040"}],"wp:attachment":[{"href":"https:\/\/interiorposter.com\/pl\/wp-json\/wp\/v2\/media?parent=351038"}],"wp:term":[{"taxonomy":"product_brand","embeddable":true,"href":"https:\/\/interiorposter.com\/pl\/wp-json\/wp\/v2\/product_brand?post=351038"},{"taxonomy":"product_cat","embeddable":true,"href":"https:\/\/interiorposter.com\/pl\/wp-json\/wp\/v2\/product_cat?post=351038"},{"taxonomy":"product_tag","embeddable":true,"href":"https:\/\/interiorposter.com\/pl\/wp-json\/wp\/v2\/product_tag?post=351038"}],"curies":[{"name":"wp","href":"https:\/\/api.w.org\/{rel}","templated":true}]}}