{"id":349213,"date":"2026-04-02T06:58:13","date_gmt":"2026-04-02T04:58:13","guid":{"rendered":"https:\/\/interiorposter.com\/?post_type=product&#038;p=349213"},"modified":"2026-04-04T23:02:19","modified_gmt":"2026-04-04T21:02:19","slug":"obraz-na-plotnie-gorskie-wybrzeze-w-blekitnej-tonacji","status":"publish","type":"product","link":"https:\/\/interiorposter.com\/pl\/product\/obraz-na-plotnie-gorskie-wybrzeze-w-blekitnej-tonacji\/","title":{"rendered":"Obraz na p\u0142\u00f3tnie G\u00f3rskie wybrze\u017ce w b\u0142\u0119kitnej tonacji"},"content":{"rendered":"<p>Obraz na p\u0142\u00f3tnie z motywem malowniczego g\u00f3rskiego wybrze\u017ca zachwyca spokojem, elegancj\u0105 i ponadczasowym urokiem inspirowanym klasycznym malarstwem. Subtelna kompozycja w odcieniach b\u0142\u0119kitu, szaro\u015bci i z\u0142amanej bieli wprowadza do wn\u0119trza harmoni\u0119 oraz wra\u017cenie lekko\u015bci. Widok spokojnej zatoki, g\u00f3r i smuk\u0142ych drzew tworzy wyrafinowan\u0105 dekoracj\u0119, kt\u00f3ra pi\u0119knie podkre\u015bla charakter salonu, sypialni, biura, hotelu lub restauracji. Ten obraz na \u015bcian\u0119 doskonale odnajduje si\u0119 w aran\u017cacjach nowoczesnych, klasycznych i \u015br\u00f3dziemnomorskich, dodaj\u0105c przestrzeni spokoju, \u015bwiat\u0142a i artystycznego klimatu.<\/p>\n","protected":false},"excerpt":{"rendered":"<p>Elegancki obraz na p\u0142\u00f3tnie z g\u00f3rskim wybrze\u017cem w b\u0142\u0119kitnych i szarych tonach. Stylowa dekoracja do salonu, sypialni lub biura, kt\u00f3ra wnosi harmoni\u0119, lekko\u015b\u0107 i malarski charakter.<\/p>\n","protected":false},"featured_media":349215,"comment_status":"closed","ping_status":"closed","template":"","meta":[],"product_brand":[],"product_cat":[88,76,137,299,143,91,125,85,113,70],"product_tag":[696,701,188],"class_list":{"0":"post-349213","1":"product","2":"type-product","3":"status-publish","4":"has-post-thumbnail","6":"product_cat-biuro","7":"product_cat-hotel-pl","8":"product_cat-krajobrazy","9":"product_cat-malarskie","10":"product_cat-morze-i-wybrzeze","11":"product_cat-restauracja","12":"product_cat-rosliny-i-kwiaty","13":"product_cat-salon","14":"product_cat-skandynawskie","15":"product_cat-sypialnia","16":"product_tag-nowoczesne-obrazy","17":"product_tag-poziomy","18":"product_tag-wielokolorowy","19":"pa_size-finishing-30x20-standard","20":"pa_size-finishing-30x20-na-ptnie-woskim","21":"pa_size-finishing-30x20-premium-print","22":"pa_size-finishing-30x20-akustyczny","23":"pa_size-finishing-60x40-standard","24":"pa_size-finishing-60x40-na-ptnie-woskim","25":"pa_size-finishing-60x40-premium-print","26":"pa_size-finishing-60x40-akustyczny","27":"pa_size-finishing-60x40-w-ramie-drewnianej-naturalnej","28":"pa_size-finishing-60x40-w-ramie-drewnianej-czarnej","29":"pa_size-finishing-90x60-standard","30":"pa_size-finishing-90x60-na-ptnie-woskim","31":"pa_size-finishing-90x60-premium-print","32":"pa_size-finishing-90x60-akustyczny","33":"pa_size-finishing-90x60-w-ramie-drewnianej-naturalnej","34":"pa_size-finishing-90x60-w-ramie-drewnianej-czarnej","35":"pa_size-finishing-120x80-standard","36":"pa_size-finishing-120x80-na-ptnie-woskim","37":"pa_size-finishing-120x80-premium-print","38":"pa_size-finishing-120x80-akustyczny","39":"pa_size-finishing-120x80-w-ramie-drewnianej-naturalnej","40":"pa_size-finishing-120x80-w-ramie-drewnianej-czarnej","42":"first","43":"instock","44":"purchasable","45":"product-type-variable","46":"has-default-attributes"},"aioseo_notices":[],"_links":{"self":[{"href":"https:\/\/interiorposter.com\/pl\/wp-json\/wp\/v2\/product\/349213","targetHints":{"allow":["GET"]}}],"collection":[{"href":"https:\/\/interiorposter.com\/pl\/wp-json\/wp\/v2\/product"}],"about":[{"href":"https:\/\/interiorposter.com\/pl\/wp-json\/wp\/v2\/types\/product"}],"replies":[{"embeddable":true,"href":"https:\/\/interiorposter.com\/pl\/wp-json\/wp\/v2\/comments?post=349213"}],"wp:featuredmedia":[{"embeddable":true,"href":"https:\/\/interiorposter.com\/pl\/wp-json\/wp\/v2\/media\/349215"}],"wp:attachment":[{"href":"https:\/\/interiorposter.com\/pl\/wp-json\/wp\/v2\/media?parent=349213"}],"wp:term":[{"taxonomy":"product_brand","embeddable":true,"href":"https:\/\/interiorposter.com\/pl\/wp-json\/wp\/v2\/product_brand?post=349213"},{"taxonomy":"product_cat","embeddable":true,"href":"https:\/\/interiorposter.com\/pl\/wp-json\/wp\/v2\/product_cat?post=349213"},{"taxonomy":"product_tag","embeddable":true,"href":"https:\/\/interiorposter.com\/pl\/wp-json\/wp\/v2\/product_tag?post=349213"}],"curies":[{"name":"wp","href":"https:\/\/api.w.org\/{rel}","templated":true}]}}