{"id":349050,"date":"2026-04-02T06:55:18","date_gmt":"2026-04-02T04:55:18","guid":{"rendered":"https:\/\/interiorposter.com\/?post_type=product&#038;p=349050"},"modified":"2026-04-04T22:54:18","modified_gmt":"2026-04-04T20:54:18","slug":"obraz-na-plotnie-stylizowana-fala-w-vintage-klimacie","status":"publish","type":"product","link":"https:\/\/interiorposter.com\/pl\/product\/obraz-na-plotnie-stylizowana-fala-w-vintage-klimacie\/","title":{"rendered":"Obraz na p\u0142\u00f3tnie Stylizowana fala w vintage klimacie"},"content":{"rendered":"<p>Obraz na p\u0142\u00f3tnie z motywem dynamicznej, stylizowanej fali przyci\u0105ga wzrok dekoracyjn\u0105 lini\u0105 i artystycznym charakterem inspirowanym dawn\u0105 grafik\u0105. Po\u0142\u0105czenie be\u017cu, z\u0142amanej bieli, przygaszonego br\u0105zu i ch\u0142odnych akcent\u00f3w niebieskiego tworzy efektown\u0105 kompozycj\u0119, kt\u00f3ra dodaje wn\u0119trzu wyrazisto\u015bci, a jednocze\u015bnie zachowuje elegancki, stonowany wygl\u0105d. To doskona\u0142a dekoracja do salonu, biura, przedpokoju, hotelu lub restauracji, szczeg\u00f3lnie w aran\u017cacjach nowoczesnych, industrialnych i inspirowanych sztuk\u0105. Ten obraz na \u015bcian\u0119 wprowadza do przestrzeni energi\u0119, rytm i ponadczasowy klimat morza w nietypowym, ilustracyjnym wydaniu.<\/p>\n","protected":false},"excerpt":{"rendered":"<p>Efektowny obraz na p\u0142\u00f3tnie ze stylizowan\u0105 fal\u0105 w be\u017cowo niebieskiej tonacji. Artystyczna dekoracja do salonu, biura lub restauracji, kt\u00f3ra wnosi energi\u0119, charakter i morski klimat.<\/p>\n","protected":false},"featured_media":349052,"comment_status":"closed","ping_status":"closed","template":"","meta":[],"product_brand":[],"product_cat":[88,76,291,143,73,91,85,209],"product_tag":[696,701,188],"class_list":{"0":"post-349050","1":"product","2":"type-product","3":"status-publish","4":"has-post-thumbnail","6":"product_cat-biuro","7":"product_cat-hotel-pl","8":"product_cat-ilustracje","9":"product_cat-morze-i-wybrzeze","10":"product_cat-przedpokoj","11":"product_cat-restauracja","12":"product_cat-salon","13":"product_cat-sztuka-koncepcyjna","14":"product_tag-nowoczesne-obrazy","15":"product_tag-poziomy","16":"product_tag-wielokolorowy","17":"pa_size-finishing-30x20-standard","18":"pa_size-finishing-30x20-na-ptnie-woskim","19":"pa_size-finishing-30x20-premium-print","20":"pa_size-finishing-30x20-akustyczny","21":"pa_size-finishing-60x40-standard","22":"pa_size-finishing-60x40-na-ptnie-woskim","23":"pa_size-finishing-60x40-premium-print","24":"pa_size-finishing-60x40-akustyczny","25":"pa_size-finishing-60x40-w-ramie-drewnianej-naturalnej","26":"pa_size-finishing-60x40-w-ramie-drewnianej-czarnej","27":"pa_size-finishing-90x60-standard","28":"pa_size-finishing-90x60-na-ptnie-woskim","29":"pa_size-finishing-90x60-premium-print","30":"pa_size-finishing-90x60-akustyczny","31":"pa_size-finishing-90x60-w-ramie-drewnianej-naturalnej","32":"pa_size-finishing-90x60-w-ramie-drewnianej-czarnej","33":"pa_size-finishing-120x80-standard","34":"pa_size-finishing-120x80-na-ptnie-woskim","35":"pa_size-finishing-120x80-premium-print","36":"pa_size-finishing-120x80-akustyczny","37":"pa_size-finishing-120x80-w-ramie-drewnianej-naturalnej","38":"pa_size-finishing-120x80-w-ramie-drewnianej-czarnej","40":"first","41":"instock","42":"purchasable","43":"product-type-variable","44":"has-default-attributes"},"aioseo_notices":[],"_links":{"self":[{"href":"https:\/\/interiorposter.com\/pl\/wp-json\/wp\/v2\/product\/349050","targetHints":{"allow":["GET"]}}],"collection":[{"href":"https:\/\/interiorposter.com\/pl\/wp-json\/wp\/v2\/product"}],"about":[{"href":"https:\/\/interiorposter.com\/pl\/wp-json\/wp\/v2\/types\/product"}],"replies":[{"embeddable":true,"href":"https:\/\/interiorposter.com\/pl\/wp-json\/wp\/v2\/comments?post=349050"}],"wp:featuredmedia":[{"embeddable":true,"href":"https:\/\/interiorposter.com\/pl\/wp-json\/wp\/v2\/media\/349052"}],"wp:attachment":[{"href":"https:\/\/interiorposter.com\/pl\/wp-json\/wp\/v2\/media?parent=349050"}],"wp:term":[{"taxonomy":"product_brand","embeddable":true,"href":"https:\/\/interiorposter.com\/pl\/wp-json\/wp\/v2\/product_brand?post=349050"},{"taxonomy":"product_cat","embeddable":true,"href":"https:\/\/interiorposter.com\/pl\/wp-json\/wp\/v2\/product_cat?post=349050"},{"taxonomy":"product_tag","embeddable":true,"href":"https:\/\/interiorposter.com\/pl\/wp-json\/wp\/v2\/product_tag?post=349050"}],"curies":[{"name":"wp","href":"https:\/\/api.w.org\/{rel}","templated":true}]}}