{"id":348628,"date":"2026-04-02T06:49:11","date_gmt":"2026-04-02T04:49:11","guid":{"rendered":"https:\/\/interiorposter.com\/?post_type=product&#038;p=348628"},"modified":"2026-04-04T22:49:24","modified_gmt":"2026-04-04T20:49:24","slug":"obraz-na-plotnie-kolorowy-pejzaz-nad-woda","status":"publish","type":"product","link":"https:\/\/interiorposter.com\/pl\/product\/obraz-na-plotnie-kolorowy-pejzaz-nad-woda\/","title":{"rendered":"Obraz na p\u0142\u00f3tnie Kolorowy pejza\u017c nad wod\u0105"},"content":{"rendered":"<p>Obraz na p\u0142\u00f3tnie z motywem malarskiego pejza\u017cu nad wod\u0105 przyci\u0105ga wzrok intensywn\u0105, artystyczn\u0105 kolorystyk\u0105 i lekk\u0105, pe\u0142n\u0105 \u015bwiat\u0142a kompozycj\u0105. Po\u0142\u0105czenie odcieni fioletu, b\u0142\u0119kitu, turkusu, r\u00f3\u017cu, zieleni i ciep\u0142ych akcent\u00f3w pomara\u0144czu tworzy wyj\u0105tkow\u0105 dekoracj\u0119, kt\u00f3ra o\u017cywia wn\u0119trze i nadaje mu nowoczesny, kreatywny charakter. To doskona\u0142y wyb\u00f3r do salonu, sypialni, biura, hotelu lub restauracji, szczeg\u00f3lnie tam, gdzie liczy si\u0119 efektowna grafika na \u015bcianie i niebanalny klimat. Ten obraz na \u015bcian\u0119 pi\u0119knie rozja\u015bnia przestrze\u0144, dodaje jej energii i staje si\u0119 wyrazistym akcentem inspirowanym natur\u0105 oraz malarsk\u0105 swobod\u0105.<\/p>\n","protected":false},"excerpt":{"rendered":"<p>Efektowny obraz na p\u0142\u00f3tnie z kolorowym pejza\u017cem nad wod\u0105 w odcieniach fioletu, b\u0142\u0119kitu, r\u00f3\u017cu i zieleni. Artystyczna dekoracja do salonu, sypialni lub biura, kt\u00f3ra wnosi energi\u0119, \u015bwiat\u0142o i nowoczesny styl.<\/p>\n","protected":false},"featured_media":348630,"comment_status":"closed","ping_status":"closed","template":"","meta":[],"product_brand":[],"product_cat":[88,76,291,137,299,107,91,125,85,70,256],"product_tag":[696,701,188],"class_list":{"0":"post-348628","1":"product","2":"type-product","3":"status-publish","4":"has-post-thumbnail","6":"product_cat-biuro","7":"product_cat-hotel-pl","8":"product_cat-ilustracje","9":"product_cat-krajobrazy","10":"product_cat-malarskie","11":"product_cat-nowoczesne","12":"product_cat-restauracja","13":"product_cat-rosliny-i-kwiaty","14":"product_cat-salon","15":"product_cat-sypialnia","16":"product_cat-zwierzeta-i-natura","17":"product_tag-nowoczesne-obrazy","18":"product_tag-poziomy","19":"product_tag-wielokolorowy","20":"pa_size-finishing-30x20-standard","21":"pa_size-finishing-30x20-na-ptnie-woskim","22":"pa_size-finishing-30x20-premium-print","23":"pa_size-finishing-30x20-akustyczny","24":"pa_size-finishing-60x40-standard","25":"pa_size-finishing-60x40-na-ptnie-woskim","26":"pa_size-finishing-60x40-premium-print","27":"pa_size-finishing-60x40-akustyczny","28":"pa_size-finishing-60x40-w-ramie-drewnianej-naturalnej","29":"pa_size-finishing-60x40-w-ramie-drewnianej-czarnej","30":"pa_size-finishing-90x60-standard","31":"pa_size-finishing-90x60-na-ptnie-woskim","32":"pa_size-finishing-90x60-premium-print","33":"pa_size-finishing-90x60-akustyczny","34":"pa_size-finishing-90x60-w-ramie-drewnianej-naturalnej","35":"pa_size-finishing-90x60-w-ramie-drewnianej-czarnej","36":"pa_size-finishing-120x80-standard","37":"pa_size-finishing-120x80-na-ptnie-woskim","38":"pa_size-finishing-120x80-premium-print","39":"pa_size-finishing-120x80-akustyczny","40":"pa_size-finishing-120x80-w-ramie-drewnianej-naturalnej","41":"pa_size-finishing-120x80-w-ramie-drewnianej-czarnej","43":"first","44":"instock","45":"purchasable","46":"product-type-variable","47":"has-default-attributes"},"aioseo_notices":[],"_links":{"self":[{"href":"https:\/\/interiorposter.com\/pl\/wp-json\/wp\/v2\/product\/348628","targetHints":{"allow":["GET"]}}],"collection":[{"href":"https:\/\/interiorposter.com\/pl\/wp-json\/wp\/v2\/product"}],"about":[{"href":"https:\/\/interiorposter.com\/pl\/wp-json\/wp\/v2\/types\/product"}],"replies":[{"embeddable":true,"href":"https:\/\/interiorposter.com\/pl\/wp-json\/wp\/v2\/comments?post=348628"}],"wp:featuredmedia":[{"embeddable":true,"href":"https:\/\/interiorposter.com\/pl\/wp-json\/wp\/v2\/media\/348630"}],"wp:attachment":[{"href":"https:\/\/interiorposter.com\/pl\/wp-json\/wp\/v2\/media?parent=348628"}],"wp:term":[{"taxonomy":"product_brand","embeddable":true,"href":"https:\/\/interiorposter.com\/pl\/wp-json\/wp\/v2\/product_brand?post=348628"},{"taxonomy":"product_cat","embeddable":true,"href":"https:\/\/interiorposter.com\/pl\/wp-json\/wp\/v2\/product_cat?post=348628"},{"taxonomy":"product_tag","embeddable":true,"href":"https:\/\/interiorposter.com\/pl\/wp-json\/wp\/v2\/product_tag?post=348628"}],"curies":[{"name":"wp","href":"https:\/\/api.w.org\/{rel}","templated":true}]}}