{"id":348417,"date":"2026-04-02T06:46:10","date_gmt":"2026-04-02T04:46:10","guid":{"rendered":"https:\/\/interiorposter.com\/?post_type=product&#038;p=348417"},"modified":"2026-04-04T22:42:15","modified_gmt":"2026-04-04T20:42:15","slug":"obraz-na-plotnie-jezioro-w-malarskiej-mgielce","status":"publish","type":"product","link":"https:\/\/interiorposter.com\/pl\/product\/obraz-na-plotnie-jezioro-w-malarskiej-mgielce\/","title":{"rendered":"Obraz na p\u0142\u00f3tnie Jezioro w malarskiej mgie\u0142ce"},"content":{"rendered":"<p>Obraz na p\u0142\u00f3tnie z motywem spokojnego jeziora otoczonego ciemn\u0105 lini\u0105 drzew zachwyca subteln\u0105, malarsk\u0105 form\u0105 i atmosfer\u0105 wyciszenia. Przenikaj\u0105ce si\u0119 odcienie be\u017cu, szaro\u015bci, z\u0142amanej bieli i przygaszonego br\u0105zu tworz\u0105 eleganck\u0105 kompozycj\u0119, kt\u00f3ra wnosi do wn\u0119trza harmoni\u0119 oraz ponadczasowy styl. To dekoracja idealna do salonu, sypialni, biura, hotelu lub restauracji, szczeg\u00f3lnie w aran\u017cacjach nowoczesnych, minimalistycznych i skandynawskich. Taki obraz na \u015bcian\u0119 pi\u0119knie buduje spokojny klimat, optycznie porz\u0105dkuje przestrze\u0144 i staje si\u0119 stylowym akcentem inspirowanym natur\u0105.<\/p>\n","protected":false},"excerpt":{"rendered":"<p>Elegancki obraz na p\u0142\u00f3tnie z motywem jeziora i linii drzew w stonowanych be\u017cach, szaro\u015bciach i br\u0105zach. Subtelna dekoracja do salonu, sypialni lub biura, kt\u00f3ra wnosi harmoni\u0119 i spokojny klimat.<\/p>\n","protected":false},"featured_media":348419,"comment_status":"closed","ping_status":"closed","template":"","meta":[],"product_brand":[],"product_cat":[88,76,137,299,104,107,91,85,113,70],"product_tag":[696,701,182,188],"class_list":{"0":"post-348417","1":"product","2":"type-product","3":"status-publish","4":"has-post-thumbnail","6":"product_cat-biuro","7":"product_cat-hotel-pl","8":"product_cat-krajobrazy","9":"product_cat-malarskie","10":"product_cat-minimalistyczne","11":"product_cat-nowoczesne","12":"product_cat-restauracja","13":"product_cat-salon","14":"product_cat-skandynawskie","15":"product_cat-sypialnia","16":"product_tag-nowoczesne-obrazy","17":"product_tag-poziomy","18":"product_tag-szary","19":"product_tag-wielokolorowy","20":"pa_size-finishing-30x20-standard","21":"pa_size-finishing-30x20-na-ptnie-woskim","22":"pa_size-finishing-30x20-premium-print","23":"pa_size-finishing-30x20-akustyczny","24":"pa_size-finishing-60x40-standard","25":"pa_size-finishing-60x40-na-ptnie-woskim","26":"pa_size-finishing-60x40-premium-print","27":"pa_size-finishing-60x40-akustyczny","28":"pa_size-finishing-60x40-w-ramie-drewnianej-naturalnej","29":"pa_size-finishing-60x40-w-ramie-drewnianej-czarnej","30":"pa_size-finishing-90x60-standard","31":"pa_size-finishing-90x60-na-ptnie-woskim","32":"pa_size-finishing-90x60-premium-print","33":"pa_size-finishing-90x60-akustyczny","34":"pa_size-finishing-90x60-w-ramie-drewnianej-naturalnej","35":"pa_size-finishing-90x60-w-ramie-drewnianej-czarnej","36":"pa_size-finishing-120x80-standard","37":"pa_size-finishing-120x80-na-ptnie-woskim","38":"pa_size-finishing-120x80-premium-print","39":"pa_size-finishing-120x80-akustyczny","40":"pa_size-finishing-120x80-w-ramie-drewnianej-naturalnej","41":"pa_size-finishing-120x80-w-ramie-drewnianej-czarnej","43":"first","44":"instock","45":"purchasable","46":"product-type-variable","47":"has-default-attributes"},"aioseo_notices":[],"_links":{"self":[{"href":"https:\/\/interiorposter.com\/pl\/wp-json\/wp\/v2\/product\/348417","targetHints":{"allow":["GET"]}}],"collection":[{"href":"https:\/\/interiorposter.com\/pl\/wp-json\/wp\/v2\/product"}],"about":[{"href":"https:\/\/interiorposter.com\/pl\/wp-json\/wp\/v2\/types\/product"}],"replies":[{"embeddable":true,"href":"https:\/\/interiorposter.com\/pl\/wp-json\/wp\/v2\/comments?post=348417"}],"wp:featuredmedia":[{"embeddable":true,"href":"https:\/\/interiorposter.com\/pl\/wp-json\/wp\/v2\/media\/348419"}],"wp:attachment":[{"href":"https:\/\/interiorposter.com\/pl\/wp-json\/wp\/v2\/media?parent=348417"}],"wp:term":[{"taxonomy":"product_brand","embeddable":true,"href":"https:\/\/interiorposter.com\/pl\/wp-json\/wp\/v2\/product_brand?post=348417"},{"taxonomy":"product_cat","embeddable":true,"href":"https:\/\/interiorposter.com\/pl\/wp-json\/wp\/v2\/product_cat?post=348417"},{"taxonomy":"product_tag","embeddable":true,"href":"https:\/\/interiorposter.com\/pl\/wp-json\/wp\/v2\/product_tag?post=348417"}],"curies":[{"name":"wp","href":"https:\/\/api.w.org\/{rel}","templated":true}]}}