{"id":348198,"date":"2026-04-02T06:43:02","date_gmt":"2026-04-02T04:43:02","guid":{"rendered":"https:\/\/interiorposter.com\/?post_type=product&#038;p=348198"},"modified":"2026-04-04T22:38:14","modified_gmt":"2026-04-04T20:38:14","slug":"obraz-na-plotnie-ksiezyc-nad-laka-o-zmierzchu","status":"publish","type":"product","link":"https:\/\/interiorposter.com\/pl\/product\/obraz-na-plotnie-ksiezyc-nad-laka-o-zmierzchu\/","title":{"rendered":"Obraz na p\u0142\u00f3tnie Ksi\u0119\u017cyc nad \u0142\u0105k\u0105 o zmierzchu"},"content":{"rendered":"<p>Obraz na p\u0142\u00f3tnie z motywem pe\u0142nego ksi\u0119\u017cyca unosz\u0105cego si\u0119 nad delikatn\u0105 \u0142\u0105k\u0105 zachwyca nastrojow\u0105 atmosfer\u0105 i subteln\u0105 magi\u0105 wieczornego pejza\u017cu. Po\u0142\u0105czenie fiolet\u00f3w, r\u00f3\u017c\u00f3w, granatu i jasnych srebrzystych ton\u00f3w tworzy wyj\u0105tkow\u0105 kompozycj\u0119, kt\u00f3ra przyci\u0105ga wzrok i nadaje wn\u0119trzu romantyczny, spokojny charakter. To efektowna dekoracja do salonu, sypialni, przedpokoju, biura, hotelu lub restauracji, idealna do aran\u017cacji nowoczesnych, minimalistycznych i artystycznych. Ten obraz na \u015bcian\u0119 pi\u0119knie buduje klimat wn\u0119trza, wprowadzaj\u0105c nut\u0119 tajemniczo\u015bci, lekko\u015bci i wyciszenia.<\/p>\n","protected":false},"excerpt":{"rendered":"<p>Nastrojowy obraz na p\u0142\u00f3tnie z pe\u0142nym ksi\u0119\u017cycem nad \u0142\u0105k\u0105 w odcieniach fioletu, r\u00f3\u017cu i granatu. Stylowa dekoracja do salonu, sypialni lub biura, kt\u00f3ra wnosi spok\u00f3j, magi\u0119 i wyj\u0105tkowy klimat.<\/p>\n","protected":false},"featured_media":348200,"comment_status":"closed","ping_status":"closed","template":"","meta":[],"product_brand":[],"product_cat":[88,76,291,137,104,267,107,73,91,125,85,70,209],"product_tag":[273,696,706,188],"class_list":{"0":"post-348198","1":"product","2":"type-product","3":"status-publish","4":"has-post-thumbnail","6":"product_cat-biuro","7":"product_cat-hotel-pl","8":"product_cat-ilustracje","9":"product_cat-krajobrazy","10":"product_cat-minimalistyczne","11":"product_cat-nocne","12":"product_cat-nowoczesne","13":"product_cat-przedpokoj","14":"product_cat-restauracja","15":"product_cat-rosliny-i-kwiaty","16":"product_cat-salon","17":"product_cat-sypialnia","18":"product_cat-sztuka-koncepcyjna","19":"product_tag-dark-pl","20":"product_tag-nowoczesne-obrazy","21":"product_tag-pionowy","22":"product_tag-wielokolorowy","23":"pa_size-finishing-20x30-standard","24":"pa_size-finishing-20x30-na-ptnie-woskim","25":"pa_size-finishing-20x30-premium-print","26":"pa_size-finishing-20x30-akustyczny","27":"pa_size-finishing-40x60-standard","28":"pa_size-finishing-40x60-na-ptnie-woskim","29":"pa_size-finishing-40x60-premium-print","30":"pa_size-finishing-40x60-akustyczny","31":"pa_size-finishing-40x60-w-ramie-drewnianej-naturalnej","32":"pa_size-finishing-40x60-w-ramie-drewnianej-czarnej","33":"pa_size-finishing-60x90-standard","34":"pa_size-finishing-60x90-na-ptnie-woskim","35":"pa_size-finishing-60x90-premium-print","36":"pa_size-finishing-60x90-akustyczny","37":"pa_size-finishing-60x90-w-ramie-drewnianej-naturalnej","38":"pa_size-finishing-60x90-w-ramie-drewnianej-czarnej","39":"pa_size-finishing-80x120-standard","40":"pa_size-finishing-80x120-na-ptnie-woskim","41":"pa_size-finishing-80x120-premium-print","42":"pa_size-finishing-80x120-akustyczny","43":"pa_size-finishing-80x120-w-ramie-drewnianej-naturalnej","44":"pa_size-finishing-80x120-w-ramie-drewnianej-czarnej","46":"first","47":"instock","48":"purchasable","49":"product-type-variable","50":"has-default-attributes"},"aioseo_notices":[],"_links":{"self":[{"href":"https:\/\/interiorposter.com\/pl\/wp-json\/wp\/v2\/product\/348198","targetHints":{"allow":["GET"]}}],"collection":[{"href":"https:\/\/interiorposter.com\/pl\/wp-json\/wp\/v2\/product"}],"about":[{"href":"https:\/\/interiorposter.com\/pl\/wp-json\/wp\/v2\/types\/product"}],"replies":[{"embeddable":true,"href":"https:\/\/interiorposter.com\/pl\/wp-json\/wp\/v2\/comments?post=348198"}],"wp:featuredmedia":[{"embeddable":true,"href":"https:\/\/interiorposter.com\/pl\/wp-json\/wp\/v2\/media\/348200"}],"wp:attachment":[{"href":"https:\/\/interiorposter.com\/pl\/wp-json\/wp\/v2\/media?parent=348198"}],"wp:term":[{"taxonomy":"product_brand","embeddable":true,"href":"https:\/\/interiorposter.com\/pl\/wp-json\/wp\/v2\/product_brand?post=348198"},{"taxonomy":"product_cat","embeddable":true,"href":"https:\/\/interiorposter.com\/pl\/wp-json\/wp\/v2\/product_cat?post=348198"},{"taxonomy":"product_tag","embeddable":true,"href":"https:\/\/interiorposter.com\/pl\/wp-json\/wp\/v2\/product_tag?post=348198"}],"curies":[{"name":"wp","href":"https:\/\/api.w.org\/{rel}","templated":true}]}}