{"id":347979,"date":"2026-04-02T06:40:02","date_gmt":"2026-04-02T04:40:02","guid":{"rendered":"https:\/\/interiorposter.com\/?post_type=product&#038;p=347979"},"modified":"2026-04-04T22:31:46","modified_gmt":"2026-04-04T20:31:46","slug":"obraz-na-plotnie-samotne-drzewo-w-pastelowym-pejzazu","status":"publish","type":"product","link":"https:\/\/interiorposter.com\/pl\/product\/obraz-na-plotnie-samotne-drzewo-w-pastelowym-pejzazu\/","title":{"rendered":"Obraz na p\u0142\u00f3tnie Samotne drzewo w pastelowym pejza\u017cu"},"content":{"rendered":"<p>Obraz na p\u0142\u00f3tnie z motywem samotnego drzewa odbijaj\u0105cego si\u0119 w spokojnej tafli wody zachwyca lekko\u015bci\u0105, cisz\u0105 i subteln\u0105 elegancj\u0105. Delikatna kompozycja w odcieniach pudrowego r\u00f3\u017cu, jasnego be\u017cu, szaro\u015bci i rozbielonego b\u0142\u0119kitu wprowadza do wn\u0119trza harmoni\u0119 oraz poczucie przestrzeni. To wyj\u0105tkowa dekoracja do salonu, sypialni, przedpokoju, biura lub hotelu, idealna do aran\u017cacji nowoczesnych, minimalistycznych i skandynawskich. Ten obraz na \u015bcian\u0119 pomaga stworzy\u0107 spokojny, wyrafinowany klimat i staje si\u0119 pi\u0119knym akcentem dla wn\u0119trz inspirowanych natur\u0105 oraz delikatn\u0105 kolorystyk\u0105.<\/p>\n","protected":false},"excerpt":{"rendered":"<p>Subtelny obraz na p\u0142\u00f3tnie z samotnym drzewem i odbiciem w wodzie w pastelowych odcieniach r\u00f3\u017cu, be\u017cu i b\u0142\u0119kitu. Elegancka dekoracja do salonu, sypialni lub biura, kt\u00f3ra wnosi spok\u00f3j i lekko\u015b\u0107.<\/p>\n","protected":false},"featured_media":347981,"comment_status":"closed","ping_status":"closed","template":"","meta":[],"product_brand":[],"product_cat":[88,76,137,299,104,107,73,125,85,113,70],"product_tag":[276,696,279,706],"class_list":{"0":"post-347979","1":"product","2":"type-product","3":"status-publish","4":"has-post-thumbnail","6":"product_cat-biuro","7":"product_cat-hotel-pl","8":"product_cat-krajobrazy","9":"product_cat-malarskie","10":"product_cat-minimalistyczne","11":"product_cat-nowoczesne","12":"product_cat-przedpokoj","13":"product_cat-rosliny-i-kwiaty","14":"product_cat-salon","15":"product_cat-skandynawskie","16":"product_cat-sypialnia","17":"product_tag-jasne","18":"product_tag-nowoczesne-obrazy","19":"product_tag-pastelowe","20":"product_tag-pionowy","21":"pa_size-finishing-20x30-standard","22":"pa_size-finishing-20x30-na-ptnie-woskim","23":"pa_size-finishing-20x30-premium-print","24":"pa_size-finishing-20x30-akustyczny","25":"pa_size-finishing-40x60-standard","26":"pa_size-finishing-40x60-na-ptnie-woskim","27":"pa_size-finishing-40x60-premium-print","28":"pa_size-finishing-40x60-akustyczny","29":"pa_size-finishing-40x60-w-ramie-drewnianej-naturalnej","30":"pa_size-finishing-40x60-w-ramie-drewnianej-czarnej","31":"pa_size-finishing-60x90-standard","32":"pa_size-finishing-60x90-na-ptnie-woskim","33":"pa_size-finishing-60x90-premium-print","34":"pa_size-finishing-60x90-akustyczny","35":"pa_size-finishing-60x90-w-ramie-drewnianej-naturalnej","36":"pa_size-finishing-60x90-w-ramie-drewnianej-czarnej","37":"pa_size-finishing-80x120-standard","38":"pa_size-finishing-80x120-na-ptnie-woskim","39":"pa_size-finishing-80x120-premium-print","40":"pa_size-finishing-80x120-akustyczny","41":"pa_size-finishing-80x120-w-ramie-drewnianej-naturalnej","42":"pa_size-finishing-80x120-w-ramie-drewnianej-czarnej","44":"first","45":"instock","46":"purchasable","47":"product-type-variable","48":"has-default-attributes"},"aioseo_notices":[],"_links":{"self":[{"href":"https:\/\/interiorposter.com\/pl\/wp-json\/wp\/v2\/product\/347979","targetHints":{"allow":["GET"]}}],"collection":[{"href":"https:\/\/interiorposter.com\/pl\/wp-json\/wp\/v2\/product"}],"about":[{"href":"https:\/\/interiorposter.com\/pl\/wp-json\/wp\/v2\/types\/product"}],"replies":[{"embeddable":true,"href":"https:\/\/interiorposter.com\/pl\/wp-json\/wp\/v2\/comments?post=347979"}],"wp:featuredmedia":[{"embeddable":true,"href":"https:\/\/interiorposter.com\/pl\/wp-json\/wp\/v2\/media\/347981"}],"wp:attachment":[{"href":"https:\/\/interiorposter.com\/pl\/wp-json\/wp\/v2\/media?parent=347979"}],"wp:term":[{"taxonomy":"product_brand","embeddable":true,"href":"https:\/\/interiorposter.com\/pl\/wp-json\/wp\/v2\/product_brand?post=347979"},{"taxonomy":"product_cat","embeddable":true,"href":"https:\/\/interiorposter.com\/pl\/wp-json\/wp\/v2\/product_cat?post=347979"},{"taxonomy":"product_tag","embeddable":true,"href":"https:\/\/interiorposter.com\/pl\/wp-json\/wp\/v2\/product_tag?post=347979"}],"curies":[{"name":"wp","href":"https:\/\/api.w.org\/{rel}","templated":true}]}}