{"id":347768,"date":"2026-04-02T06:37:07","date_gmt":"2026-04-02T04:37:07","guid":{"rendered":"https:\/\/interiorposter.com\/?post_type=product&#038;p=347768"},"modified":"2026-04-04T22:23:42","modified_gmt":"2026-04-04T20:23:42","slug":"szeroki-obraz-na-plotnie-mglisty-las-nad-jeziorem","status":"publish","type":"product","link":"https:\/\/interiorposter.com\/pl\/product\/szeroki-obraz-na-plotnie-mglisty-las-nad-jeziorem\/","title":{"rendered":"Szeroki obraz na p\u0142\u00f3tnie Mglisty las nad jeziorem"},"content":{"rendered":"<p>Szeroki obraz na p\u0142\u00f3tnie z motywem mglistego lasu odbijaj\u0105cego si\u0119 w spokojnej tafli jeziora wprowadza do wn\u0119trza atmosfer\u0119 ciszy, harmonii i naturalnej elegancji. Delikatne przej\u015bcia szaro\u015bci, z\u0142amanej bieli, be\u017c\u00f3w i przygaszonej zieleni tworz\u0105 jasn\u0105, subteln\u0105 kompozycj\u0119, kt\u00f3ra pi\u0119knie podkre\u015bla charakter nowoczesnych aran\u017cacji. Taki obraz do salonu doskonale sprawdzi si\u0119 tak\u017ce w sypialni, biurze, przedpokoju, hotelu lub restauracji, dodaj\u0105c przestrzeni lekko\u015bci i wyrafinowanego klimatu. To stylowa dekoracja na \u015bcian\u0119 dla os\u00f3b, kt\u00f3re ceni\u0105 natur\u0119, spok\u00f3j i ponadczasowe pi\u0119kno.<\/p>\n","protected":false},"excerpt":{"rendered":"<p>Szeroki obraz na p\u0142\u00f3tnie z mglistym lasem nad jeziorem w szaro be\u017cowej tonacji. Elegancka dekoracja do salonu, sypialni lub biura, kt\u00f3ra wnosi spok\u00f3j, harmoni\u0119 i naturalny klimat.<\/p>\n","protected":false},"featured_media":347770,"comment_status":"closed","ping_status":"closed","template":"","meta":[],"product_brand":[],"product_cat":[88,110,76,137,299,107,73,91,125,85,113,70,256],"product_tag":[696,917,701,182],"class_list":{"0":"post-347768","1":"product","2":"type-product","3":"status-publish","4":"has-post-thumbnail","6":"product_cat-biuro","7":"product_cat-fotografia","8":"product_cat-hotel-pl","9":"product_cat-krajobrazy","10":"product_cat-malarskie","11":"product_cat-nowoczesne","12":"product_cat-przedpokoj","13":"product_cat-restauracja","14":"product_cat-rosliny-i-kwiaty","15":"product_cat-salon","16":"product_cat-skandynawskie","17":"product_cat-sypialnia","18":"product_cat-zwierzeta-i-natura","19":"product_tag-nowoczesne-obrazy","20":"product_tag-panoramiczne","21":"product_tag-poziomy","22":"product_tag-szary","23":"pa_size-finishing-90x30-standard","24":"pa_size-finishing-90x30-na-ptnie-woskim","25":"pa_size-finishing-90x30-premium-print","26":"pa_size-finishing-90x30-akustyczny","27":"pa_size-finishing-90x30-w-ramie-drewnianej-naturalnej","28":"pa_size-finishing-90x30-w-ramie-drewnianej-czarnej","29":"pa_size-finishing-120x40-standard","30":"pa_size-finishing-120x40-na-ptnie-woskim","31":"pa_size-finishing-120x40-premium-print","32":"pa_size-finishing-120x40-akustyczny","33":"pa_size-finishing-120x40-w-ramie-drewnianej-naturalnej","34":"pa_size-finishing-120x40-w-ramie-drewnianej-czarnej","35":"pa_size-finishing-135x45-standard","36":"pa_size-finishing-135x45-na-ptnie-woskim","37":"pa_size-finishing-135x45-premium-print","38":"pa_size-finishing-135x45-akustyczny","39":"pa_size-finishing-150x50-standard","40":"pa_size-finishing-150x50-na-ptnie-woskim","41":"pa_size-finishing-150x50-premium-print","42":"pa_size-finishing-150x50-akustyczny","43":"pa_size-finishing-150x50-w-ramie-drewnianej-naturalnej","44":"pa_size-finishing-150x50-w-ramie-drewnianej-czarnej","46":"first","47":"instock","48":"purchasable","49":"product-type-variable","50":"has-default-attributes"},"aioseo_notices":[],"_links":{"self":[{"href":"https:\/\/interiorposter.com\/pl\/wp-json\/wp\/v2\/product\/347768","targetHints":{"allow":["GET"]}}],"collection":[{"href":"https:\/\/interiorposter.com\/pl\/wp-json\/wp\/v2\/product"}],"about":[{"href":"https:\/\/interiorposter.com\/pl\/wp-json\/wp\/v2\/types\/product"}],"replies":[{"embeddable":true,"href":"https:\/\/interiorposter.com\/pl\/wp-json\/wp\/v2\/comments?post=347768"}],"wp:featuredmedia":[{"embeddable":true,"href":"https:\/\/interiorposter.com\/pl\/wp-json\/wp\/v2\/media\/347770"}],"wp:attachment":[{"href":"https:\/\/interiorposter.com\/pl\/wp-json\/wp\/v2\/media?parent=347768"}],"wp:term":[{"taxonomy":"product_brand","embeddable":true,"href":"https:\/\/interiorposter.com\/pl\/wp-json\/wp\/v2\/product_brand?post=347768"},{"taxonomy":"product_cat","embeddable":true,"href":"https:\/\/interiorposter.com\/pl\/wp-json\/wp\/v2\/product_cat?post=347768"},{"taxonomy":"product_tag","embeddable":true,"href":"https:\/\/interiorposter.com\/pl\/wp-json\/wp\/v2\/product_tag?post=347768"}],"curies":[{"name":"wp","href":"https:\/\/api.w.org\/{rel}","templated":true}]}}