{"id":346486,"date":"2026-04-02T06:19:30","date_gmt":"2026-04-02T04:19:30","guid":{"rendered":"https:\/\/interiorposter.com\/?post_type=product&#038;p=346486"},"modified":"2026-04-04T22:18:05","modified_gmt":"2026-04-04T20:18:05","slug":"obraz-na-plotnie-pustynne-wydmy-w-bezowych-tonach","status":"publish","type":"product","link":"https:\/\/interiorposter.com\/pl\/product\/obraz-na-plotnie-pustynne-wydmy-w-bezowych-tonach\/","title":{"rendered":"Obraz na p\u0142\u00f3tnie Pustynne wydmy w be\u017cowych tonach"},"content":{"rendered":"<p>Obraz na p\u0142\u00f3tnie z motywem mi\u0119kkich pustynnych wydm zachwyca spokojem, lekko\u015bci\u0105 i subteln\u0105 elegancj\u0105. P\u0142ynne linie piasku oraz delikatne przej\u015bcia be\u017c\u00f3w, piaskowych br\u0105z\u00f3w i jasnych nude tworz\u0105 harmonijn\u0105 kompozycj\u0119, kt\u00f3ra optycznie uspokaja wn\u0119trze i nadaje mu nowoczesny charakter. To stylowa dekoracja do salonu, sypialni, przedpokoju, biura, hotelu lub restauracji, idealna do aran\u017cacji minimalistycznych, skandynawskich i nowoczesnych. Ten obraz na \u015bcian\u0119 pi\u0119knie ociepla przestrze\u0144, wprowadza atmosfer\u0119 relaksu i staje si\u0119 eleganckim akcentem inspirowanym natur\u0105.<\/p>\n","protected":false},"excerpt":{"rendered":"<p>Subtelny obraz na p\u0142\u00f3tnie z motywem pustynnych wydm w be\u017cowych i piaskowych tonach. Elegancka dekoracja do salonu, sypialni lub biura, kt\u00f3ra wnosi spok\u00f3j, lekko\u015b\u0107 i nowoczesny styl.<\/p>\n","protected":false},"featured_media":346488,"comment_status":"closed","ping_status":"closed","template":"","meta":[],"product_brand":[],"product_cat":[88,110,76,137,104,107,73,91,85,113,70,256],"product_tag":[276,696,279,706],"class_list":{"0":"post-346486","1":"product","2":"type-product","3":"status-publish","4":"has-post-thumbnail","6":"product_cat-biuro","7":"product_cat-fotografia","8":"product_cat-hotel-pl","9":"product_cat-krajobrazy","10":"product_cat-minimalistyczne","11":"product_cat-nowoczesne","12":"product_cat-przedpokoj","13":"product_cat-restauracja","14":"product_cat-salon","15":"product_cat-skandynawskie","16":"product_cat-sypialnia","17":"product_cat-zwierzeta-i-natura","18":"product_tag-jasne","19":"product_tag-nowoczesne-obrazy","20":"product_tag-pastelowe","21":"product_tag-pionowy","22":"pa_size-finishing-20x30-standard","23":"pa_size-finishing-20x30-na-ptnie-woskim","24":"pa_size-finishing-20x30-premium-print","25":"pa_size-finishing-20x30-akustyczny","26":"pa_size-finishing-40x60-standard","27":"pa_size-finishing-40x60-na-ptnie-woskim","28":"pa_size-finishing-40x60-premium-print","29":"pa_size-finishing-40x60-akustyczny","30":"pa_size-finishing-40x60-w-ramie-drewnianej-naturalnej","31":"pa_size-finishing-40x60-w-ramie-drewnianej-czarnej","32":"pa_size-finishing-60x90-standard","33":"pa_size-finishing-60x90-na-ptnie-woskim","34":"pa_size-finishing-60x90-premium-print","35":"pa_size-finishing-60x90-akustyczny","36":"pa_size-finishing-60x90-w-ramie-drewnianej-naturalnej","37":"pa_size-finishing-60x90-w-ramie-drewnianej-czarnej","38":"pa_size-finishing-80x120-standard","39":"pa_size-finishing-80x120-na-ptnie-woskim","40":"pa_size-finishing-80x120-premium-print","41":"pa_size-finishing-80x120-akustyczny","42":"pa_size-finishing-80x120-w-ramie-drewnianej-naturalnej","43":"pa_size-finishing-80x120-w-ramie-drewnianej-czarnej","45":"first","46":"instock","47":"product-type-variable","48":"has-default-attributes"},"aioseo_notices":[],"_links":{"self":[{"href":"https:\/\/interiorposter.com\/pl\/wp-json\/wp\/v2\/product\/346486","targetHints":{"allow":["GET"]}}],"collection":[{"href":"https:\/\/interiorposter.com\/pl\/wp-json\/wp\/v2\/product"}],"about":[{"href":"https:\/\/interiorposter.com\/pl\/wp-json\/wp\/v2\/types\/product"}],"replies":[{"embeddable":true,"href":"https:\/\/interiorposter.com\/pl\/wp-json\/wp\/v2\/comments?post=346486"}],"wp:featuredmedia":[{"embeddable":true,"href":"https:\/\/interiorposter.com\/pl\/wp-json\/wp\/v2\/media\/346488"}],"wp:attachment":[{"href":"https:\/\/interiorposter.com\/pl\/wp-json\/wp\/v2\/media?parent=346486"}],"wp:term":[{"taxonomy":"product_brand","embeddable":true,"href":"https:\/\/interiorposter.com\/pl\/wp-json\/wp\/v2\/product_brand?post=346486"},{"taxonomy":"product_cat","embeddable":true,"href":"https:\/\/interiorposter.com\/pl\/wp-json\/wp\/v2\/product_cat?post=346486"},{"taxonomy":"product_tag","embeddable":true,"href":"https:\/\/interiorposter.com\/pl\/wp-json\/wp\/v2\/product_tag?post=346486"}],"curies":[{"name":"wp","href":"https:\/\/api.w.org\/{rel}","templated":true}]}}