{"id":346048,"date":"2026-04-02T06:13:20","date_gmt":"2026-04-02T04:13:20","guid":{"rendered":"https:\/\/interiorposter.com\/?post_type=product&#038;p=346048"},"modified":"2026-04-04T02:53:24","modified_gmt":"2026-04-04T00:53:24","slug":"obraz-na-plotnie-skaliste-wybrzeze-w-jasnej-tonacji","status":"publish","type":"product","link":"https:\/\/interiorposter.com\/pl\/product\/obraz-na-plotnie-skaliste-wybrzeze-w-jasnej-tonacji\/","title":{"rendered":"Obraz na p\u0142\u00f3tnie Skaliste wybrze\u017ce w jasnej tonacji"},"content":{"rendered":"<p>Subtelny obraz na p\u0142\u00f3tnie ze skalistym wybrze\u017cem i spokojn\u0105 wod\u0105 zachwyca minimalistyczn\u0105 kompozycj\u0105 oraz naturalnym spokojem. Jasna, stonowana kolorystyka oparta na odcieniach bieli, be\u017cu, szaro\u015bci i przygaszonych br\u0105z\u00f3w wprowadza do wn\u0119trza lekko\u015b\u0107, harmoni\u0119 i wra\u017cenie przestrzeni. To elegancki obraz do salonu, sypialni, biura, hotelu lub przedpokoju, idealny do aran\u017cacji nowoczesnych, skandynawskich i minimalistycznych. Nadmorski krajobraz w tak oszcz\u0119dnym, artystycznym uj\u0119ciu pi\u0119knie podkre\u015bla spokojny charakter wn\u0119trza i sprawia, \u017ce obraz na \u015bcian\u0119 staje si\u0119 stylowym akcentem sprzyjaj\u0105cym wyciszeniu.<\/p>\n","protected":false},"excerpt":{"rendered":"<p>Jasny obraz na p\u0142\u00f3tnie ze skalistym wybrze\u017cem i spokojn\u0105 wod\u0105. Stylowa dekoracja do salonu, sypialni, biura i wn\u0119trz w naturalnym minimalistycznym stylu.<\/p>\n","protected":false},"featured_media":346050,"comment_status":"closed","ping_status":"closed","template":"","meta":[],"product_brand":[],"product_cat":[88,110,76,137,104,143,107,73,85,113,70],"product_tag":[276,696,706,188],"class_list":{"0":"post-346048","1":"product","2":"type-product","3":"status-publish","4":"has-post-thumbnail","6":"product_cat-biuro","7":"product_cat-fotografia","8":"product_cat-hotel-pl","9":"product_cat-krajobrazy","10":"product_cat-minimalistyczne","11":"product_cat-morze-i-wybrzeze","12":"product_cat-nowoczesne","13":"product_cat-przedpokoj","14":"product_cat-salon","15":"product_cat-skandynawskie","16":"product_cat-sypialnia","17":"product_tag-jasne","18":"product_tag-nowoczesne-obrazy","19":"product_tag-pionowy","20":"product_tag-wielokolorowy","21":"pa_size-finishing-20x30-standard","22":"pa_size-finishing-20x30-na-ptnie-woskim","23":"pa_size-finishing-20x30-premium-print","24":"pa_size-finishing-20x30-akustyczny","25":"pa_size-finishing-40x60-standard","26":"pa_size-finishing-40x60-na-ptnie-woskim","27":"pa_size-finishing-40x60-premium-print","28":"pa_size-finishing-40x60-akustyczny","29":"pa_size-finishing-40x60-w-ramie-drewnianej-naturalnej","30":"pa_size-finishing-40x60-w-ramie-drewnianej-czarnej","31":"pa_size-finishing-60x90-standard","32":"pa_size-finishing-60x90-na-ptnie-woskim","33":"pa_size-finishing-60x90-premium-print","34":"pa_size-finishing-60x90-akustyczny","35":"pa_size-finishing-60x90-w-ramie-drewnianej-naturalnej","36":"pa_size-finishing-60x90-w-ramie-drewnianej-czarnej","37":"pa_size-finishing-80x120-standard","38":"pa_size-finishing-80x120-na-ptnie-woskim","39":"pa_size-finishing-80x120-premium-print","40":"pa_size-finishing-80x120-akustyczny","41":"pa_size-finishing-80x120-w-ramie-drewnianej-naturalnej","42":"pa_size-finishing-80x120-w-ramie-drewnianej-czarnej","44":"first","45":"instock","46":"purchasable","47":"product-type-variable","48":"has-default-attributes"},"aioseo_notices":[],"_links":{"self":[{"href":"https:\/\/interiorposter.com\/pl\/wp-json\/wp\/v2\/product\/346048","targetHints":{"allow":["GET"]}}],"collection":[{"href":"https:\/\/interiorposter.com\/pl\/wp-json\/wp\/v2\/product"}],"about":[{"href":"https:\/\/interiorposter.com\/pl\/wp-json\/wp\/v2\/types\/product"}],"replies":[{"embeddable":true,"href":"https:\/\/interiorposter.com\/pl\/wp-json\/wp\/v2\/comments?post=346048"}],"wp:featuredmedia":[{"embeddable":true,"href":"https:\/\/interiorposter.com\/pl\/wp-json\/wp\/v2\/media\/346050"}],"wp:attachment":[{"href":"https:\/\/interiorposter.com\/pl\/wp-json\/wp\/v2\/media?parent=346048"}],"wp:term":[{"taxonomy":"product_brand","embeddable":true,"href":"https:\/\/interiorposter.com\/pl\/wp-json\/wp\/v2\/product_brand?post=346048"},{"taxonomy":"product_cat","embeddable":true,"href":"https:\/\/interiorposter.com\/pl\/wp-json\/wp\/v2\/product_cat?post=346048"},{"taxonomy":"product_tag","embeddable":true,"href":"https:\/\/interiorposter.com\/pl\/wp-json\/wp\/v2\/product_tag?post=346048"}],"curies":[{"name":"wp","href":"https:\/\/api.w.org\/{rel}","templated":true}]}}