{"id":344742,"date":"2026-04-02T05:55:38","date_gmt":"2026-04-02T03:55:38","guid":{"rendered":"https:\/\/interiorposter.com\/?post_type=product&#038;p=344742"},"modified":"2026-04-04T22:12:12","modified_gmt":"2026-04-04T20:12:12","slug":"obraz-na-plotnie-falochron-o-swicie-nad-morzem","status":"publish","type":"product","link":"https:\/\/interiorposter.com\/pl\/product\/obraz-na-plotnie-falochron-o-swicie-nad-morzem\/","title":{"rendered":"Obraz na p\u0142\u00f3tnie Falochron o \u015bwicie nad morzem"},"content":{"rendered":"<p>Obraz na p\u0142\u00f3tnie z motywem drewnianych pali falochronu zanurzonych w spokojnej wodzie przyci\u0105ga uwag\u0119 minimalistyczn\u0105 form\u0105 i wyj\u0105tkowym klimatem wyciszenia. Delikatne przej\u015bcia be\u017c\u00f3w, br\u0105z\u00f3w i szaro\u015bci tworz\u0105 eleganck\u0105, jasn\u0105 kompozycj\u0119 inspirowan\u0105 morzem i wybrze\u017cem. To dekoracja, kt\u00f3ra doskonale podkre\u015bli charakter salonu, sypialni, przedpokoju, biura, hotelu lub restauracji, wprowadzaj\u0105c do wn\u0119trza harmoni\u0119 i subteln\u0105 g\u0142\u0119bi\u0119. Ten obraz na \u015bcian\u0119 \u015bwietnie odnajduje si\u0119 w nowoczesnych, skandynawskich i minimalistycznych aran\u017cacjach, dodaj\u0105c przestrzeni spokoju, klasy i ponadczasowego stylu.<\/p>\n","protected":false},"excerpt":{"rendered":"<p>Elegancki obraz na p\u0142\u00f3tnie z motywem drewnianych pali falochronu nad spokojnym morzem w be\u017cowo br\u0105zowej tonacji. Stylowa dekoracja do salonu, sypialni lub biura, kt\u00f3ra wnosi harmoni\u0119 i wyciszaj\u0105cy klimat.<\/p>\n","protected":false},"featured_media":344744,"comment_status":"closed","ping_status":"closed","template":"","meta":[],"product_brand":[],"product_cat":[88,110,76,134,137,104,143,107,73,91,85,113,70],"product_tag":[696,706,188],"class_list":{"0":"post-344742","1":"product","2":"type-product","3":"status-publish","4":"has-post-thumbnail","6":"product_cat-biuro","7":"product_cat-fotografia","8":"product_cat-hotel-pl","9":"product_cat-industrialne","10":"product_cat-krajobrazy","11":"product_cat-minimalistyczne","12":"product_cat-morze-i-wybrzeze","13":"product_cat-nowoczesne","14":"product_cat-przedpokoj","15":"product_cat-restauracja","16":"product_cat-salon","17":"product_cat-skandynawskie","18":"product_cat-sypialnia","19":"product_tag-nowoczesne-obrazy","20":"product_tag-pionowy","21":"product_tag-wielokolorowy","22":"pa_size-finishing-20x30-standard","23":"pa_size-finishing-20x30-na-ptnie-woskim","24":"pa_size-finishing-20x30-premium-print","25":"pa_size-finishing-20x30-akustyczny","26":"pa_size-finishing-40x60-standard","27":"pa_size-finishing-40x60-na-ptnie-woskim","28":"pa_size-finishing-40x60-premium-print","29":"pa_size-finishing-40x60-akustyczny","30":"pa_size-finishing-40x60-w-ramie-drewnianej-naturalnej","31":"pa_size-finishing-40x60-w-ramie-drewnianej-czarnej","32":"pa_size-finishing-60x90-standard","33":"pa_size-finishing-60x90-na-ptnie-woskim","34":"pa_size-finishing-60x90-premium-print","35":"pa_size-finishing-60x90-akustyczny","36":"pa_size-finishing-60x90-w-ramie-drewnianej-naturalnej","37":"pa_size-finishing-60x90-w-ramie-drewnianej-czarnej","38":"pa_size-finishing-80x120-standard","39":"pa_size-finishing-80x120-na-ptnie-woskim","40":"pa_size-finishing-80x120-premium-print","41":"pa_size-finishing-80x120-akustyczny","42":"pa_size-finishing-80x120-w-ramie-drewnianej-naturalnej","43":"pa_size-finishing-80x120-w-ramie-drewnianej-czarnej","45":"first","46":"instock","47":"purchasable","48":"product-type-variable","49":"has-default-attributes"},"aioseo_notices":[],"_links":{"self":[{"href":"https:\/\/interiorposter.com\/pl\/wp-json\/wp\/v2\/product\/344742","targetHints":{"allow":["GET"]}}],"collection":[{"href":"https:\/\/interiorposter.com\/pl\/wp-json\/wp\/v2\/product"}],"about":[{"href":"https:\/\/interiorposter.com\/pl\/wp-json\/wp\/v2\/types\/product"}],"replies":[{"embeddable":true,"href":"https:\/\/interiorposter.com\/pl\/wp-json\/wp\/v2\/comments?post=344742"}],"wp:featuredmedia":[{"embeddable":true,"href":"https:\/\/interiorposter.com\/pl\/wp-json\/wp\/v2\/media\/344744"}],"wp:attachment":[{"href":"https:\/\/interiorposter.com\/pl\/wp-json\/wp\/v2\/media?parent=344742"}],"wp:term":[{"taxonomy":"product_brand","embeddable":true,"href":"https:\/\/interiorposter.com\/pl\/wp-json\/wp\/v2\/product_brand?post=344742"},{"taxonomy":"product_cat","embeddable":true,"href":"https:\/\/interiorposter.com\/pl\/wp-json\/wp\/v2\/product_cat?post=344742"},{"taxonomy":"product_tag","embeddable":true,"href":"https:\/\/interiorposter.com\/pl\/wp-json\/wp\/v2\/product_tag?post=344742"}],"curies":[{"name":"wp","href":"https:\/\/api.w.org\/{rel}","templated":true}]}}