{"id":344523,"date":"2026-04-02T05:52:31","date_gmt":"2026-04-02T03:52:31","guid":{"rendered":"https:\/\/interiorposter.com\/?post_type=product&#038;p=344523"},"modified":"2026-04-04T02:47:33","modified_gmt":"2026-04-04T00:47:33","slug":"obraz-na-plotnie-pomost-o-zachodzie-slonca-z-kamieniami","status":"publish","type":"product","link":"https:\/\/interiorposter.com\/pl\/product\/obraz-na-plotnie-pomost-o-zachodzie-slonca-z-kamieniami\/","title":{"rendered":"Obraz na p\u0142\u00f3tnie Pomost o zachodzie s\u0142o\u0144ca z kamieniami"},"content":{"rendered":"<p>Nastrojowy obraz na p\u0142\u00f3tnie z drewnianym pomostem, kamieniami i spokojn\u0105 tafl\u0105 wody zachwyca eleganck\u0105 kompozycj\u0105 oraz wyciszaj\u0105cym klimatem. Ciep\u0142e \u015bwiat\u0142o zachodz\u0105cego s\u0142o\u0144ca subtelnie rozja\u015bnia ciemniejsz\u0105 sceneri\u0119, tworz\u0105c harmonijne po\u0142\u0105czenie br\u0105z\u00f3w, szaro\u015bci, be\u017c\u00f3w i przygaszonych r\u00f3\u017c\u00f3w. To stylowy obraz do salonu, sypialni, hotelu, biura lub przedpokoju, idealny do wn\u0119trz nowoczesnych, minimalistycznych i inspirowanych natur\u0105. Dekoracja przyci\u0105ga wzrok g\u0142\u0119bi\u0105 perspektywy i spokojnym charakterem, dzi\u0119ki czemu obraz na \u015bcian\u0119 pi\u0119knie buduje atmosfer\u0119 relaksu i ponadczasowej elegancji.<\/p>\n","protected":false},"excerpt":{"rendered":"<p>Nastrojowy obraz na p\u0142\u00f3tnie z pomostem, kamieniami i zachodem s\u0142o\u0144ca. Elegancka dekoracja do salonu, sypialni, biura i wn\u0119trz w spokojnym naturalnym stylu.<\/p>\n","protected":false},"featured_media":344525,"comment_status":"closed","ping_status":"closed","template":"","meta":[],"product_brand":[],"product_cat":[88,110,76,137,104,143,107,73,85,113,70],"product_tag":[273,696,706,188],"class_list":{"0":"post-344523","1":"product","2":"type-product","3":"status-publish","4":"has-post-thumbnail","6":"product_cat-biuro","7":"product_cat-fotografia","8":"product_cat-hotel-pl","9":"product_cat-krajobrazy","10":"product_cat-minimalistyczne","11":"product_cat-morze-i-wybrzeze","12":"product_cat-nowoczesne","13":"product_cat-przedpokoj","14":"product_cat-salon","15":"product_cat-skandynawskie","16":"product_cat-sypialnia","17":"product_tag-dark-pl","18":"product_tag-nowoczesne-obrazy","19":"product_tag-pionowy","20":"product_tag-wielokolorowy","21":"pa_size-finishing-20x30-standard","22":"pa_size-finishing-20x30-na-ptnie-woskim","23":"pa_size-finishing-20x30-premium-print","24":"pa_size-finishing-20x30-akustyczny","25":"pa_size-finishing-40x60-standard","26":"pa_size-finishing-40x60-na-ptnie-woskim","27":"pa_size-finishing-40x60-premium-print","28":"pa_size-finishing-40x60-akustyczny","29":"pa_size-finishing-40x60-w-ramie-drewnianej-naturalnej","30":"pa_size-finishing-40x60-w-ramie-drewnianej-czarnej","31":"pa_size-finishing-60x90-standard","32":"pa_size-finishing-60x90-na-ptnie-woskim","33":"pa_size-finishing-60x90-premium-print","34":"pa_size-finishing-60x90-akustyczny","35":"pa_size-finishing-60x90-w-ramie-drewnianej-naturalnej","36":"pa_size-finishing-60x90-w-ramie-drewnianej-czarnej","37":"pa_size-finishing-80x120-standard","38":"pa_size-finishing-80x120-na-ptnie-woskim","39":"pa_size-finishing-80x120-premium-print","40":"pa_size-finishing-80x120-akustyczny","41":"pa_size-finishing-80x120-w-ramie-drewnianej-naturalnej","42":"pa_size-finishing-80x120-w-ramie-drewnianej-czarnej","44":"first","45":"instock","46":"purchasable","47":"product-type-variable","48":"has-default-attributes"},"aioseo_notices":[],"_links":{"self":[{"href":"https:\/\/interiorposter.com\/pl\/wp-json\/wp\/v2\/product\/344523","targetHints":{"allow":["GET"]}}],"collection":[{"href":"https:\/\/interiorposter.com\/pl\/wp-json\/wp\/v2\/product"}],"about":[{"href":"https:\/\/interiorposter.com\/pl\/wp-json\/wp\/v2\/types\/product"}],"replies":[{"embeddable":true,"href":"https:\/\/interiorposter.com\/pl\/wp-json\/wp\/v2\/comments?post=344523"}],"wp:featuredmedia":[{"embeddable":true,"href":"https:\/\/interiorposter.com\/pl\/wp-json\/wp\/v2\/media\/344525"}],"wp:attachment":[{"href":"https:\/\/interiorposter.com\/pl\/wp-json\/wp\/v2\/media?parent=344523"}],"wp:term":[{"taxonomy":"product_brand","embeddable":true,"href":"https:\/\/interiorposter.com\/pl\/wp-json\/wp\/v2\/product_brand?post=344523"},{"taxonomy":"product_cat","embeddable":true,"href":"https:\/\/interiorposter.com\/pl\/wp-json\/wp\/v2\/product_cat?post=344523"},{"taxonomy":"product_tag","embeddable":true,"href":"https:\/\/interiorposter.com\/pl\/wp-json\/wp\/v2\/product_tag?post=344523"}],"curies":[{"name":"wp","href":"https:\/\/api.w.org\/{rel}","templated":true}]}}