{"id":34363,"date":"2025-06-23T04:49:07","date_gmt":"2025-06-23T02:49:07","guid":{"rendered":"https:\/\/interiorposter.com\/?post_type=product&#038;p=34363"},"modified":"2026-03-19T01:30:40","modified_gmt":"2026-03-19T00:30:40","slug":"obraz-na-plotnie-bungalowy-na-wodzie-i-turkus-laguny","status":"publish","type":"product","link":"https:\/\/interiorposter.com\/pl\/product\/obraz-na-plotnie-bungalowy-na-wodzie-i-turkus-laguny\/","title":{"rendered":"Obraz na p\u0142\u00f3tnie Bungalowy na wodzie i turkus laguny"},"content":{"rendered":"<p>Wnie\u015b do wn\u0119trza klimat luksusowych wakacji: bungalowy na wodzie, palmy i krystalicznie turkusowa laguna tworz\u0105 widok, kt\u00f3ry uspokaja i od razu poprawia nastr\u00f3j. Ten obraz na p\u0142\u00f3tnie roz\u015bwietla przestrze\u0144, dodaje jej lekko\u015bci i wprowadza wra\u017cenie bezkresu, idealne do strefy relaksu. \u015awie\u017ca paleta turkus\u00f3w, b\u0142\u0119kit\u00f3w i zieleni prze\u0142amana be\u017cem strzech i ciep\u0142ym br\u0105zem zabudowy pi\u0119knie wsp\u00f3\u0142gra z naturalnymi materia\u0142ami oraz nowoczesnymi aran\u017cacjami. \u015awietny jako obraz do salonu, sypialni, biura, hotelu, restauracji lub przedpokoju, gdy szukasz eleganckich obraz\u00f3w na \u015bcian\u0119 z motywem morza.<\/p>\n","protected":false},"excerpt":{"rendered":"<p>Obraz na p\u0142\u00f3tnie z bungalowami na wodzie i turkusow\u0105 lagun\u0105. Jasne b\u0142\u0119kity i zielenie wnosz\u0105 relaks, \u015bwie\u017co\u015b\u0107 i wakacyjny luksus.<\/p>\n","protected":false},"featured_media":146891,"comment_status":"open","ping_status":"closed","template":"","meta":[],"product_brand":[],"product_cat":[88,110,76,137,143,107,73,91,125,85,70],"product_tag":[701,188],"class_list":{"0":"post-34363","1":"product","2":"type-product","3":"status-publish","4":"has-post-thumbnail","6":"product_cat-biuro","7":"product_cat-fotografia","8":"product_cat-hotel-pl","9":"product_cat-krajobrazy","10":"product_cat-morze-i-wybrzeze","11":"product_cat-nowoczesne","12":"product_cat-przedpokoj","13":"product_cat-restauracja","14":"product_cat-rosliny-i-kwiaty","15":"product_cat-salon","16":"product_cat-sypialnia","17":"product_tag-poziomy","18":"product_tag-wielokolorowy","20":"first","21":"instock","22":"taxable","23":"shipping-taxable","24":"purchasable","25":"product-type-variable","26":"has-default-attributes"},"aioseo_notices":[],"_links":{"self":[{"href":"https:\/\/interiorposter.com\/pl\/wp-json\/wp\/v2\/product\/34363","targetHints":{"allow":["GET"]}}],"collection":[{"href":"https:\/\/interiorposter.com\/pl\/wp-json\/wp\/v2\/product"}],"about":[{"href":"https:\/\/interiorposter.com\/pl\/wp-json\/wp\/v2\/types\/product"}],"replies":[{"embeddable":true,"href":"https:\/\/interiorposter.com\/pl\/wp-json\/wp\/v2\/comments?post=34363"}],"wp:featuredmedia":[{"embeddable":true,"href":"https:\/\/interiorposter.com\/pl\/wp-json\/wp\/v2\/media\/146891"}],"wp:attachment":[{"href":"https:\/\/interiorposter.com\/pl\/wp-json\/wp\/v2\/media?parent=34363"}],"wp:term":[{"taxonomy":"product_brand","embeddable":true,"href":"https:\/\/interiorposter.com\/pl\/wp-json\/wp\/v2\/product_brand?post=34363"},{"taxonomy":"product_cat","embeddable":true,"href":"https:\/\/interiorposter.com\/pl\/wp-json\/wp\/v2\/product_cat?post=34363"},{"taxonomy":"product_tag","embeddable":true,"href":"https:\/\/interiorposter.com\/pl\/wp-json\/wp\/v2\/product_tag?post=34363"}],"curies":[{"name":"wp","href":"https:\/\/api.w.org\/{rel}","templated":true}]}}