{"id":337029,"date":"2026-04-02T04:13:49","date_gmt":"2026-04-02T02:13:49","guid":{"rendered":"https:\/\/interiorposter.com\/?post_type=product&#038;p=337029"},"modified":"2026-04-05T01:14:36","modified_gmt":"2026-04-04T23:14:36","slug":"obraz-na-plotnie-lezaki-pod-palmami-nad-morzem","status":"publish","type":"product","link":"https:\/\/interiorposter.com\/pl\/product\/obraz-na-plotnie-lezaki-pod-palmami-nad-morzem\/","title":{"rendered":"Obraz na p\u0142\u00f3tnie Le\u017caki pod palmami nad morzem"},"content":{"rendered":"<p>Obraz na p\u0142\u00f3tnie z motywem le\u017cak\u00f3w ustawionych na piaszczystej pla\u017cy pod palmami zachwyca atmosfer\u0105 relaksu, \u015bwiat\u0142em i egzotycznym urokiem. Ciep\u0142e odcienie be\u017cu, piaskowego br\u0105zu, z\u0142ocistych li\u015bci palm oraz delikatnych szaro\u015bci tworz\u0105 harmonijn\u0105 kompozycj\u0119, kt\u00f3ra wnosi do wn\u0119trza wakacyjny spok\u00f3j i eleganck\u0105 lekko\u015b\u0107. To stylowa dekoracja do salonu, sypialni, hotelu, restauracji lub biura, idealna do aran\u017cacji nowoczesnych, naturalnych i inspirowanych podr\u00f3\u017cami. Ten obraz na \u015bcian\u0119 przyci\u0105ga wzrok i pozwala stworzy\u0107 przestrze\u0144 pe\u0142n\u0105 odpoczynku, s\u0142o\u0144ca i przyjemnego nadmorskiego klimatu.<\/p>\n","protected":false},"excerpt":{"rendered":"<p>Stylowy obraz na p\u0142\u00f3tnie z le\u017cakami pod palmami na pla\u017cy nad morzem. Elegancka dekoracja do salonu, sypialni lub hotelu, kt\u00f3ra wnosi relaks, \u015bwiat\u0142o i egzotyczny klimat.<\/p>\n","protected":false},"featured_media":337031,"comment_status":"closed","ping_status":"closed","template":"","meta":[],"product_brand":[],"product_cat":[88,110,76,137,143,107,91,85,70],"product_tag":[696,706,188],"class_list":{"0":"post-337029","1":"product","2":"type-product","3":"status-publish","4":"has-post-thumbnail","6":"product_cat-biuro","7":"product_cat-fotografia","8":"product_cat-hotel-pl","9":"product_cat-krajobrazy","10":"product_cat-morze-i-wybrzeze","11":"product_cat-nowoczesne","12":"product_cat-restauracja","13":"product_cat-salon","14":"product_cat-sypialnia","15":"product_tag-nowoczesne-obrazy","16":"product_tag-pionowy","17":"product_tag-wielokolorowy","18":"pa_size-finishing-20x30-standard","19":"pa_size-finishing-20x30-na-ptnie-woskim","20":"pa_size-finishing-20x30-premium-print","21":"pa_size-finishing-20x30-akustyczny","22":"pa_size-finishing-40x60-standard","23":"pa_size-finishing-40x60-na-ptnie-woskim","24":"pa_size-finishing-40x60-premium-print","25":"pa_size-finishing-40x60-akustyczny","26":"pa_size-finishing-40x60-w-ramie-drewnianej-naturalnej","27":"pa_size-finishing-40x60-w-ramie-drewnianej-czarnej","28":"pa_size-finishing-60x90-standard","29":"pa_size-finishing-60x90-na-ptnie-woskim","30":"pa_size-finishing-60x90-premium-print","31":"pa_size-finishing-60x90-akustyczny","32":"pa_size-finishing-60x90-w-ramie-drewnianej-naturalnej","33":"pa_size-finishing-60x90-w-ramie-drewnianej-czarnej","34":"pa_size-finishing-80x120-standard","35":"pa_size-finishing-80x120-na-ptnie-woskim","36":"pa_size-finishing-80x120-premium-print","37":"pa_size-finishing-80x120-akustyczny","38":"pa_size-finishing-80x120-w-ramie-drewnianej-naturalnej","39":"pa_size-finishing-80x120-w-ramie-drewnianej-czarnej","41":"first","42":"instock","43":"purchasable","44":"product-type-variable","45":"has-default-attributes"},"aioseo_notices":[],"_links":{"self":[{"href":"https:\/\/interiorposter.com\/pl\/wp-json\/wp\/v2\/product\/337029","targetHints":{"allow":["GET"]}}],"collection":[{"href":"https:\/\/interiorposter.com\/pl\/wp-json\/wp\/v2\/product"}],"about":[{"href":"https:\/\/interiorposter.com\/pl\/wp-json\/wp\/v2\/types\/product"}],"replies":[{"embeddable":true,"href":"https:\/\/interiorposter.com\/pl\/wp-json\/wp\/v2\/comments?post=337029"}],"wp:featuredmedia":[{"embeddable":true,"href":"https:\/\/interiorposter.com\/pl\/wp-json\/wp\/v2\/media\/337031"}],"wp:attachment":[{"href":"https:\/\/interiorposter.com\/pl\/wp-json\/wp\/v2\/media?parent=337029"}],"wp:term":[{"taxonomy":"product_brand","embeddable":true,"href":"https:\/\/interiorposter.com\/pl\/wp-json\/wp\/v2\/product_brand?post=337029"},{"taxonomy":"product_cat","embeddable":true,"href":"https:\/\/interiorposter.com\/pl\/wp-json\/wp\/v2\/product_cat?post=337029"},{"taxonomy":"product_tag","embeddable":true,"href":"https:\/\/interiorposter.com\/pl\/wp-json\/wp\/v2\/product_tag?post=337029"}],"curies":[{"name":"wp","href":"https:\/\/api.w.org\/{rel}","templated":true}]}}