{"id":336818,"date":"2026-04-02T04:11:14","date_gmt":"2026-04-02T02:11:14","guid":{"rendered":"https:\/\/interiorposter.com\/?post_type=product&#038;p=336818"},"modified":"2026-04-05T01:09:54","modified_gmt":"2026-04-04T23:09:54","slug":"obraz-na-plotnie-wzburzone-morze-w-turkusowych-tonach","status":"publish","type":"product","link":"https:\/\/interiorposter.com\/pl\/product\/obraz-na-plotnie-wzburzone-morze-w-turkusowych-tonach\/","title":{"rendered":"Obraz na p\u0142\u00f3tnie Wzburzone morze w turkusowych tonach"},"content":{"rendered":"<p>Obraz na p\u0142\u00f3tnie z motywem wzburzonego morza zachwyca si\u0142\u0105 natury, dynamik\u0105 i wyj\u0105tkow\u0105 g\u0142\u0119bi\u0105 koloru. Spienione fale w odcieniach turkusu, morskiej zieleni, bieli i szaro\u015bci tworz\u0105 efektown\u0105 kompozycj\u0119, kt\u00f3ra przyci\u0105ga wzrok i nadaje wn\u0119trzu wyrazisty, nowoczesny charakter. To stylowa dekoracja do salonu, biura, hotelu, restauracji lub przedpokoju, idealna do aran\u017cacji nowoczesnych, industrialnych i inspirowanych natur\u0105. Ten obraz na \u015bcian\u0119 wnosi do przestrzeni energi\u0119, \u015bwie\u017co\u015b\u0107 i elegancki klimat, staj\u0105c si\u0119 mocnym akcentem dla wn\u0119trz, kt\u00f3re maj\u0105 robi\u0107 wra\u017cenie.<\/p>\n","protected":false},"excerpt":{"rendered":"<p>Efektowny obraz na p\u0142\u00f3tnie z wzburzonym morzem w turkusowo szarej tonacji. Nowoczesna dekoracja do salonu, biura lub hotelu, kt\u00f3ra wnosi energi\u0119, g\u0142\u0119bi\u0119 i morski klimat.<\/p>\n","protected":false},"featured_media":336820,"comment_status":"closed","ping_status":"closed","template":"","meta":[],"product_brand":[],"product_cat":[88,76,137,299,143,73,91,85],"product_tag":[696,701,182,188],"class_list":{"0":"post-336818","1":"product","2":"type-product","3":"status-publish","4":"has-post-thumbnail","6":"product_cat-biuro","7":"product_cat-hotel-pl","8":"product_cat-krajobrazy","9":"product_cat-malarskie","10":"product_cat-morze-i-wybrzeze","11":"product_cat-przedpokoj","12":"product_cat-restauracja","13":"product_cat-salon","14":"product_tag-nowoczesne-obrazy","15":"product_tag-poziomy","16":"product_tag-szary","17":"product_tag-wielokolorowy","18":"pa_size-finishing-30x20-standard","19":"pa_size-finishing-30x20-na-ptnie-woskim","20":"pa_size-finishing-30x20-premium-print","21":"pa_size-finishing-30x20-akustyczny","22":"pa_size-finishing-60x40-standard","23":"pa_size-finishing-60x40-na-ptnie-woskim","24":"pa_size-finishing-60x40-premium-print","25":"pa_size-finishing-60x40-akustyczny","26":"pa_size-finishing-60x40-w-ramie-drewnianej-naturalnej","27":"pa_size-finishing-60x40-w-ramie-drewnianej-czarnej","28":"pa_size-finishing-90x60-standard","29":"pa_size-finishing-90x60-na-ptnie-woskim","30":"pa_size-finishing-90x60-premium-print","31":"pa_size-finishing-90x60-akustyczny","32":"pa_size-finishing-90x60-w-ramie-drewnianej-naturalnej","33":"pa_size-finishing-90x60-w-ramie-drewnianej-czarnej","34":"pa_size-finishing-120x80-standard","35":"pa_size-finishing-120x80-na-ptnie-woskim","36":"pa_size-finishing-120x80-premium-print","37":"pa_size-finishing-120x80-akustyczny","38":"pa_size-finishing-120x80-w-ramie-drewnianej-naturalnej","39":"pa_size-finishing-120x80-w-ramie-drewnianej-czarnej","41":"first","42":"instock","43":"purchasable","44":"product-type-variable","45":"has-default-attributes"},"aioseo_notices":[],"_links":{"self":[{"href":"https:\/\/interiorposter.com\/pl\/wp-json\/wp\/v2\/product\/336818","targetHints":{"allow":["GET"]}}],"collection":[{"href":"https:\/\/interiorposter.com\/pl\/wp-json\/wp\/v2\/product"}],"about":[{"href":"https:\/\/interiorposter.com\/pl\/wp-json\/wp\/v2\/types\/product"}],"replies":[{"embeddable":true,"href":"https:\/\/interiorposter.com\/pl\/wp-json\/wp\/v2\/comments?post=336818"}],"wp:featuredmedia":[{"embeddable":true,"href":"https:\/\/interiorposter.com\/pl\/wp-json\/wp\/v2\/media\/336820"}],"wp:attachment":[{"href":"https:\/\/interiorposter.com\/pl\/wp-json\/wp\/v2\/media?parent=336818"}],"wp:term":[{"taxonomy":"product_brand","embeddable":true,"href":"https:\/\/interiorposter.com\/pl\/wp-json\/wp\/v2\/product_brand?post=336818"},{"taxonomy":"product_cat","embeddable":true,"href":"https:\/\/interiorposter.com\/pl\/wp-json\/wp\/v2\/product_cat?post=336818"},{"taxonomy":"product_tag","embeddable":true,"href":"https:\/\/interiorposter.com\/pl\/wp-json\/wp\/v2\/product_tag?post=336818"}],"curies":[{"name":"wp","href":"https:\/\/api.w.org\/{rel}","templated":true}]}}