{"id":336161,"date":"2026-04-02T04:02:59","date_gmt":"2026-04-02T02:02:59","guid":{"rendered":"https:\/\/interiorposter.com\/?post_type=product&#038;p=336161"},"modified":"2026-04-05T01:05:22","modified_gmt":"2026-04-04T23:05:22","slug":"obraz-na-plotnie-mglista-wyspa-nad-spokojnym-jeziorem","status":"publish","type":"product","link":"https:\/\/interiorposter.com\/pl\/product\/obraz-na-plotnie-mglista-wyspa-nad-spokojnym-jeziorem\/","title":{"rendered":"Obraz na p\u0142\u00f3tnie Mglista wyspa nad spokojnym jeziorem"},"content":{"rendered":"<p>Obraz na p\u0142\u00f3tnie z motywem mglistej wyspy otoczonej spokojn\u0105 tafl\u0105 jeziora zachwyca naturalnym spokojem i subteln\u0105 elegancj\u0105. Delikatne odcienie przygaszonej zieleni, be\u017cu, szaro\u015bci i z\u0142amanej bieli tworz\u0105 harmonijn\u0105 kompozycj\u0119, kt\u00f3ra wprowadza do wn\u0119trza atmosfer\u0119 wyciszenia i blisko\u015bci natury. Taki obraz do salonu doskonale sprawdzi si\u0119 tak\u017ce w sypialni, biurze, hotelu lub przedpokoju, szczeg\u00f3lnie w aran\u017cacjach skandynawskich, minimalistycznych i nowoczesnych. To stylowa dekoracja na \u015bcian\u0119, kt\u00f3ra optycznie uspokaja przestrze\u0144, dodaje jej lekko\u015bci i staje si\u0119 ponadczasowym akcentem inspirowanym krajobrazem jeziora oraz le\u015bnej wyspy.<\/p>\n","protected":false},"excerpt":{"rendered":"<p>Subtelny obraz na p\u0142\u00f3tnie z mglist\u0105 wysp\u0105 i spokojnym jeziorem w szaro be\u017cowo zielonej tonacji. Elegancka dekoracja do salonu, sypialni lub biura, kt\u00f3ra wnosi harmoni\u0119, lekko\u015b\u0107 i naturalny klimat.<\/p>\n","protected":false},"featured_media":336163,"comment_status":"closed","ping_status":"closed","template":"","meta":[],"product_brand":[],"product_cat":[88,110,76,137,73,125,85,113,70],"product_tag":[696,706,188],"class_list":{"0":"post-336161","1":"product","2":"type-product","3":"status-publish","4":"has-post-thumbnail","6":"product_cat-biuro","7":"product_cat-fotografia","8":"product_cat-hotel-pl","9":"product_cat-krajobrazy","10":"product_cat-przedpokoj","11":"product_cat-rosliny-i-kwiaty","12":"product_cat-salon","13":"product_cat-skandynawskie","14":"product_cat-sypialnia","15":"product_tag-nowoczesne-obrazy","16":"product_tag-pionowy","17":"product_tag-wielokolorowy","18":"pa_size-finishing-20x30-standard","19":"pa_size-finishing-20x30-na-ptnie-woskim","20":"pa_size-finishing-20x30-premium-print","21":"pa_size-finishing-20x30-akustyczny","22":"pa_size-finishing-40x60-standard","23":"pa_size-finishing-40x60-na-ptnie-woskim","24":"pa_size-finishing-40x60-premium-print","25":"pa_size-finishing-40x60-akustyczny","26":"pa_size-finishing-40x60-w-ramie-drewnianej-naturalnej","27":"pa_size-finishing-40x60-w-ramie-drewnianej-czarnej","28":"pa_size-finishing-60x90-standard","29":"pa_size-finishing-60x90-na-ptnie-woskim","30":"pa_size-finishing-60x90-premium-print","31":"pa_size-finishing-60x90-akustyczny","32":"pa_size-finishing-60x90-w-ramie-drewnianej-naturalnej","33":"pa_size-finishing-60x90-w-ramie-drewnianej-czarnej","34":"pa_size-finishing-80x120-standard","35":"pa_size-finishing-80x120-na-ptnie-woskim","36":"pa_size-finishing-80x120-premium-print","37":"pa_size-finishing-80x120-akustyczny","38":"pa_size-finishing-80x120-w-ramie-drewnianej-naturalnej","39":"pa_size-finishing-80x120-w-ramie-drewnianej-czarnej","41":"first","42":"instock","43":"purchasable","44":"product-type-variable","45":"has-default-attributes"},"aioseo_notices":[],"_links":{"self":[{"href":"https:\/\/interiorposter.com\/pl\/wp-json\/wp\/v2\/product\/336161","targetHints":{"allow":["GET"]}}],"collection":[{"href":"https:\/\/interiorposter.com\/pl\/wp-json\/wp\/v2\/product"}],"about":[{"href":"https:\/\/interiorposter.com\/pl\/wp-json\/wp\/v2\/types\/product"}],"replies":[{"embeddable":true,"href":"https:\/\/interiorposter.com\/pl\/wp-json\/wp\/v2\/comments?post=336161"}],"wp:featuredmedia":[{"embeddable":true,"href":"https:\/\/interiorposter.com\/pl\/wp-json\/wp\/v2\/media\/336163"}],"wp:attachment":[{"href":"https:\/\/interiorposter.com\/pl\/wp-json\/wp\/v2\/media?parent=336161"}],"wp:term":[{"taxonomy":"product_brand","embeddable":true,"href":"https:\/\/interiorposter.com\/pl\/wp-json\/wp\/v2\/product_brand?post=336161"},{"taxonomy":"product_cat","embeddable":true,"href":"https:\/\/interiorposter.com\/pl\/wp-json\/wp\/v2\/product_cat?post=336161"},{"taxonomy":"product_tag","embeddable":true,"href":"https:\/\/interiorposter.com\/pl\/wp-json\/wp\/v2\/product_tag?post=336161"}],"curies":[{"name":"wp","href":"https:\/\/api.w.org\/{rel}","templated":true}]}}