{"id":335942,"date":"2026-04-02T04:00:14","date_gmt":"2026-04-02T02:00:14","guid":{"rendered":"https:\/\/interiorposter.com\/?post_type=product&#038;p=335942"},"modified":"2026-04-04T03:23:29","modified_gmt":"2026-04-04T01:23:29","slug":"obraz-na-plotnie-gorski-szczyt-wsrod-mgly","status":"publish","type":"product","link":"https:\/\/interiorposter.com\/pl\/product\/obraz-na-plotnie-gorski-szczyt-wsrod-mgly\/","title":{"rendered":"Obraz na p\u0142\u00f3tnie G\u00f3rski szczyt w\u015br\u00f3d mg\u0142y"},"content":{"rendered":"<p>Nastrojowy obraz na p\u0142\u00f3tnie z monumentalnym g\u00f3rskim szczytem wy\u0142aniaj\u0105cym si\u0119 z mg\u0142y zachwyca spokojem, surowym pi\u0119knem natury i eleganck\u0105 prostot\u0105. Jasna, stonowana kompozycja oparta na odcieniach szaro\u015bci, bieli i przygaszonych be\u017c\u00f3w wprowadza do wn\u0119trza harmoni\u0119, przestrze\u0144 i wyj\u0105tkowy klimat. To stylowy obraz do salonu, sypialni, biura, hotelu lub przedpokoju, idealny do aran\u017cacji nowoczesnych, minimalistycznych i skandynawskich. G\u00f3rski krajobraz w tak subtelnym uj\u0119ciu przyci\u0105ga wzrok i sprzyja wyciszeniu, a obraz na \u015bcian\u0119 staje si\u0119 ponadczasowym akcentem o naturalnym, eleganckim charakterze.<\/p>\n","protected":false},"excerpt":{"rendered":"<p>Jasny obraz na p\u0142\u00f3tnie z g\u00f3rskim szczytem otulonym mg\u0142\u0105. Stylowa dekoracja do salonu, sypialni, biura i wn\u0119trz w spokojnym naturalnym stylu.<\/p>\n","protected":false},"featured_media":335944,"comment_status":"closed","ping_status":"closed","template":"","meta":[],"product_brand":[],"product_cat":[88,110,76,137,104,107,73,85,113,70],"product_tag":[276,696,279,706,182],"class_list":{"0":"post-335942","1":"product","2":"type-product","3":"status-publish","4":"has-post-thumbnail","6":"product_cat-biuro","7":"product_cat-fotografia","8":"product_cat-hotel-pl","9":"product_cat-krajobrazy","10":"product_cat-minimalistyczne","11":"product_cat-nowoczesne","12":"product_cat-przedpokoj","13":"product_cat-salon","14":"product_cat-skandynawskie","15":"product_cat-sypialnia","16":"product_tag-jasne","17":"product_tag-nowoczesne-obrazy","18":"product_tag-pastelowe","19":"product_tag-pionowy","20":"product_tag-szary","21":"pa_size-finishing-20x30-standard","22":"pa_size-finishing-20x30-na-ptnie-woskim","23":"pa_size-finishing-20x30-premium-print","24":"pa_size-finishing-20x30-akustyczny","25":"pa_size-finishing-40x60-standard","26":"pa_size-finishing-40x60-na-ptnie-woskim","27":"pa_size-finishing-40x60-premium-print","28":"pa_size-finishing-40x60-akustyczny","29":"pa_size-finishing-40x60-w-ramie-drewnianej-naturalnej","30":"pa_size-finishing-40x60-w-ramie-drewnianej-czarnej","31":"pa_size-finishing-60x90-standard","32":"pa_size-finishing-60x90-na-ptnie-woskim","33":"pa_size-finishing-60x90-premium-print","34":"pa_size-finishing-60x90-akustyczny","35":"pa_size-finishing-60x90-w-ramie-drewnianej-naturalnej","36":"pa_size-finishing-60x90-w-ramie-drewnianej-czarnej","37":"pa_size-finishing-80x120-standard","38":"pa_size-finishing-80x120-na-ptnie-woskim","39":"pa_size-finishing-80x120-premium-print","40":"pa_size-finishing-80x120-akustyczny","41":"pa_size-finishing-80x120-w-ramie-drewnianej-naturalnej","42":"pa_size-finishing-80x120-w-ramie-drewnianej-czarnej","44":"first","45":"instock","46":"purchasable","47":"product-type-variable","48":"has-default-attributes"},"aioseo_notices":[],"_links":{"self":[{"href":"https:\/\/interiorposter.com\/pl\/wp-json\/wp\/v2\/product\/335942","targetHints":{"allow":["GET"]}}],"collection":[{"href":"https:\/\/interiorposter.com\/pl\/wp-json\/wp\/v2\/product"}],"about":[{"href":"https:\/\/interiorposter.com\/pl\/wp-json\/wp\/v2\/types\/product"}],"replies":[{"embeddable":true,"href":"https:\/\/interiorposter.com\/pl\/wp-json\/wp\/v2\/comments?post=335942"}],"wp:featuredmedia":[{"embeddable":true,"href":"https:\/\/interiorposter.com\/pl\/wp-json\/wp\/v2\/media\/335944"}],"wp:attachment":[{"href":"https:\/\/interiorposter.com\/pl\/wp-json\/wp\/v2\/media?parent=335942"}],"wp:term":[{"taxonomy":"product_brand","embeddable":true,"href":"https:\/\/interiorposter.com\/pl\/wp-json\/wp\/v2\/product_brand?post=335942"},{"taxonomy":"product_cat","embeddable":true,"href":"https:\/\/interiorposter.com\/pl\/wp-json\/wp\/v2\/product_cat?post=335942"},{"taxonomy":"product_tag","embeddable":true,"href":"https:\/\/interiorposter.com\/pl\/wp-json\/wp\/v2\/product_tag?post=335942"}],"curies":[{"name":"wp","href":"https:\/\/api.w.org\/{rel}","templated":true}]}}