{"id":335285,"date":"2026-04-02T03:52:24","date_gmt":"2026-04-02T01:52:24","guid":{"rendered":"https:\/\/interiorposter.com\/?post_type=product&#038;p=335285"},"modified":"2026-04-04T03:19:02","modified_gmt":"2026-04-04T01:19:02","slug":"obraz-na-plotnie-refleksy-na-tafli-wody","status":"publish","type":"product","link":"https:\/\/interiorposter.com\/pl\/product\/obraz-na-plotnie-refleksy-na-tafli-wody\/","title":{"rendered":"Obraz na p\u0142\u00f3tnie Refleksy na tafli wody"},"content":{"rendered":"<p>Subtelny obraz na p\u0142\u00f3tnie przedstawiaj\u0105cy tafl\u0119 wody z delikatnymi refleksami i rozchodz\u0105cymi si\u0119 kr\u0119gami wnosi do wn\u0119trza spok\u00f3j, lekko\u015b\u0107 i eleganck\u0105 harmoni\u0119. Jasna, stonowana kompozycja oparta na odcieniach bieli, szaro\u015bci i przygaszonej czerni tworzy nowoczesn\u0105 dekoracj\u0119 o wyciszaj\u0105cym charakterze. To stylowy obraz do salonu, sypialni, \u0142azienki, hotelu lub biura, idealny do aran\u017cacji minimalistycznych, nowoczesnych i inspirowanych estetyk\u0105 spa. Motyw wody pi\u0119knie buduje atmosfer\u0119 relaksu, a obraz na \u015bcian\u0119 subtelnie podkre\u015bla spokojny i elegancki charakter przestrzeni.<\/p>\n","protected":false},"excerpt":{"rendered":"<p>Jasny obraz na p\u0142\u00f3tnie z tafl\u0105 wody, refleksami i delikatnymi kr\u0119gami. Elegancka dekoracja do salonu, sypialni, \u0142azienki i nowoczesnych wn\u0119trz sprzyjaj\u0105cych relaksowi.<\/p>\n","protected":false},"featured_media":335287,"comment_status":"closed","ping_status":"closed","template":"","meta":[],"product_brand":[],"product_cat":[88,110,212,76,134,67,104,143,85,70],"product_tag":[696,706,182],"class_list":{"0":"post-335285","1":"product","2":"type-product","3":"status-publish","4":"has-post-thumbnail","6":"product_cat-biuro","7":"product_cat-fotografia","8":"product_cat-geometryczne","9":"product_cat-hotel-pl","10":"product_cat-industrialne","11":"product_cat-lazienka","12":"product_cat-minimalistyczne","13":"product_cat-morze-i-wybrzeze","14":"product_cat-salon","15":"product_cat-sypialnia","16":"product_tag-nowoczesne-obrazy","17":"product_tag-pionowy","18":"product_tag-szary","19":"pa_size-finishing-20x30-standard","20":"pa_size-finishing-20x30-na-ptnie-woskim","21":"pa_size-finishing-20x30-premium-print","22":"pa_size-finishing-20x30-akustyczny","23":"pa_size-finishing-40x60-standard","24":"pa_size-finishing-40x60-na-ptnie-woskim","25":"pa_size-finishing-40x60-premium-print","26":"pa_size-finishing-40x60-akustyczny","27":"pa_size-finishing-40x60-w-ramie-drewnianej-naturalnej","28":"pa_size-finishing-40x60-w-ramie-drewnianej-czarnej","29":"pa_size-finishing-60x90-standard","30":"pa_size-finishing-60x90-na-ptnie-woskim","31":"pa_size-finishing-60x90-premium-print","32":"pa_size-finishing-60x90-akustyczny","33":"pa_size-finishing-60x90-w-ramie-drewnianej-naturalnej","34":"pa_size-finishing-60x90-w-ramie-drewnianej-czarnej","35":"pa_size-finishing-80x120-standard","36":"pa_size-finishing-80x120-na-ptnie-woskim","37":"pa_size-finishing-80x120-premium-print","38":"pa_size-finishing-80x120-akustyczny","39":"pa_size-finishing-80x120-w-ramie-drewnianej-naturalnej","40":"pa_size-finishing-80x120-w-ramie-drewnianej-czarnej","42":"first","43":"instock","44":"purchasable","45":"product-type-variable","46":"has-default-attributes"},"aioseo_notices":[],"_links":{"self":[{"href":"https:\/\/interiorposter.com\/pl\/wp-json\/wp\/v2\/product\/335285","targetHints":{"allow":["GET"]}}],"collection":[{"href":"https:\/\/interiorposter.com\/pl\/wp-json\/wp\/v2\/product"}],"about":[{"href":"https:\/\/interiorposter.com\/pl\/wp-json\/wp\/v2\/types\/product"}],"replies":[{"embeddable":true,"href":"https:\/\/interiorposter.com\/pl\/wp-json\/wp\/v2\/comments?post=335285"}],"wp:featuredmedia":[{"embeddable":true,"href":"https:\/\/interiorposter.com\/pl\/wp-json\/wp\/v2\/media\/335287"}],"wp:attachment":[{"href":"https:\/\/interiorposter.com\/pl\/wp-json\/wp\/v2\/media?parent=335285"}],"wp:term":[{"taxonomy":"product_brand","embeddable":true,"href":"https:\/\/interiorposter.com\/pl\/wp-json\/wp\/v2\/product_brand?post=335285"},{"taxonomy":"product_cat","embeddable":true,"href":"https:\/\/interiorposter.com\/pl\/wp-json\/wp\/v2\/product_cat?post=335285"},{"taxonomy":"product_tag","embeddable":true,"href":"https:\/\/interiorposter.com\/pl\/wp-json\/wp\/v2\/product_tag?post=335285"}],"curies":[{"name":"wp","href":"https:\/\/api.w.org\/{rel}","templated":true}]}}