{"id":334409,"date":"2026-05-09T22:05:04","date_gmt":"2026-05-09T20:05:04","guid":{"rendered":"https:\/\/interiorposter.com\/?post_type=product&#038;p=334409"},"modified":"2026-05-09T22:05:06","modified_gmt":"2026-05-09T20:05:06","slug":"obraz-na-plotnie-samotne-drzewo-we-mgle-w-gorach","status":"publish","type":"product","link":"https:\/\/interiorposter.com\/pl\/product\/obraz-na-plotnie-samotne-drzewo-we-mgle-w-gorach\/","title":{"rendered":"Obraz na p\u0142\u00f3tnie samotne drzewo we mgle w g\u00f3rach"},"content":{"rendered":"<p>Obraz na p\u0142\u00f3tnie z samotnym drzewem na zielonym zboczu w\u015br\u00f3d mglistych g\u00f3r wprowadza do wn\u0119trza spok\u00f3j, przestrze\u0144 i naturaln\u0105 \u015bwie\u017co\u015b\u0107. Subtelna perspektywa, mi\u0119kkie \u015bwiat\u0142o oraz kontrast soczystej zieleni z jasn\u0105 mg\u0142\u0105 tworz\u0105 kompozycj\u0119 eleganck\u0105 i wyciszaj\u0105c\u0105. To pi\u0119kny obraz do salonu, sypialni, biura, hotelu lub przedpokoju, szczeg\u00f3lnie do aran\u017cacji nowoczesnych, skandynawskich i inspirowanych natur\u0105. Uk\u0142ad kolorystyczny jest jasny, z akcentami zieleni, bieli, szaro\u015bci i grafitu.<\/p>\n","protected":false},"excerpt":{"rendered":"<p>Nastrojowy obraz na p\u0142\u00f3tnie z samotnym drzewem na g\u00f3rskim zboczu. Spokojna dekoracja do salonu, sypialni lub biura.<\/p>\n","protected":false},"featured_media":334411,"comment_status":"closed","ping_status":"closed","template":"","meta":[],"product_brand":[],"product_cat":[88,110,76,137,73,125,85,113,70],"product_tag":[1302,696,706,188],"class_list":{"0":"post-334409","1":"product","2":"type-product","3":"status-publish","4":"has-post-thumbnail","6":"product_cat-biuro","7":"product_cat-fotografia","8":"product_cat-hotel-pl","9":"product_cat-krajobrazy","10":"product_cat-przedpokoj","11":"product_cat-rosliny-i-kwiaty","12":"product_cat-salon","13":"product_cat-skandynawskie","14":"product_cat-sypialnia","15":"product_tag-drzewo","16":"product_tag-nowoczesne-obrazy","17":"product_tag-pionowy","18":"product_tag-wielokolorowy","19":"pa_size-finishing-20x30-standard","20":"pa_size-finishing-20x30-na-ptnie-woskim","21":"pa_size-finishing-20x30-premium-print","22":"pa_size-finishing-20x30-akustyczny","23":"pa_size-finishing-40x60-standard","24":"pa_size-finishing-40x60-na-ptnie-woskim","25":"pa_size-finishing-40x60-premium-print","26":"pa_size-finishing-40x60-akustyczny","27":"pa_size-finishing-40x60-w-ramie-drewnianej-naturalnej","28":"pa_size-finishing-40x60-w-ramie-drewnianej-czarnej","29":"pa_size-finishing-60x90-standard","30":"pa_size-finishing-60x90-na-ptnie-woskim","31":"pa_size-finishing-60x90-premium-print","32":"pa_size-finishing-60x90-akustyczny","33":"pa_size-finishing-60x90-w-ramie-drewnianej-naturalnej","34":"pa_size-finishing-60x90-w-ramie-drewnianej-czarnej","35":"pa_size-finishing-80x120-standard","36":"pa_size-finishing-80x120-na-ptnie-woskim","37":"pa_size-finishing-80x120-premium-print","38":"pa_size-finishing-80x120-akustyczny","39":"pa_size-finishing-80x120-w-ramie-drewnianej-naturalnej","40":"pa_size-finishing-80x120-w-ramie-drewnianej-czarnej","42":"first","43":"instock","44":"purchasable","45":"product-type-variable","46":"has-default-attributes"},"aioseo_notices":[],"_links":{"self":[{"href":"https:\/\/interiorposter.com\/pl\/wp-json\/wp\/v2\/product\/334409","targetHints":{"allow":["GET"]}}],"collection":[{"href":"https:\/\/interiorposter.com\/pl\/wp-json\/wp\/v2\/product"}],"about":[{"href":"https:\/\/interiorposter.com\/pl\/wp-json\/wp\/v2\/types\/product"}],"replies":[{"embeddable":true,"href":"https:\/\/interiorposter.com\/pl\/wp-json\/wp\/v2\/comments?post=334409"}],"wp:featuredmedia":[{"embeddable":true,"href":"https:\/\/interiorposter.com\/pl\/wp-json\/wp\/v2\/media\/334411"}],"wp:attachment":[{"href":"https:\/\/interiorposter.com\/pl\/wp-json\/wp\/v2\/media?parent=334409"}],"wp:term":[{"taxonomy":"product_brand","embeddable":true,"href":"https:\/\/interiorposter.com\/pl\/wp-json\/wp\/v2\/product_brand?post=334409"},{"taxonomy":"product_cat","embeddable":true,"href":"https:\/\/interiorposter.com\/pl\/wp-json\/wp\/v2\/product_cat?post=334409"},{"taxonomy":"product_tag","embeddable":true,"href":"https:\/\/interiorposter.com\/pl\/wp-json\/wp\/v2\/product_tag?post=334409"}],"curies":[{"name":"wp","href":"https:\/\/api.w.org\/{rel}","templated":true}]}}