{"id":333370,"date":"2026-04-02T03:29:15","date_gmt":"2026-04-02T01:29:15","guid":{"rendered":"https:\/\/interiorposter.com\/?post_type=product&#038;p=333370"},"modified":"2026-04-04T03:09:05","modified_gmt":"2026-04-04T01:09:05","slug":"obraz-na-plotnie-spokojne-morze-w-jasnej-tonacji","status":"publish","type":"product","link":"https:\/\/interiorposter.com\/pl\/product\/obraz-na-plotnie-spokojne-morze-w-jasnej-tonacji\/","title":{"rendered":"Obraz na p\u0142\u00f3tnie Spokojne morze w jasnej tonacji"},"content":{"rendered":"<p>Subtelny obraz na p\u0142\u00f3tnie z motywem spokojnego morza i delikatnych fal zachwyca prostot\u0105 oraz koj\u0105c\u0105 atmosfer\u0105. Jasna, stonowana kompozycja oparta na odcieniach be\u017cu, kremu, bieli i jasnych szaro\u015bci wnosi do wn\u0119trza harmoni\u0119, lekko\u015b\u0107 i wra\u017cenie przestrzeni. To elegancki obraz do salonu, sypialni, biura, hotelu lub przedpokoju, idealny do aran\u017cacji nowoczesnych, minimalistycznych i skandynawskich. Nadmorski pejza\u017c w tak oszcz\u0119dnym, artystycznym uj\u0119ciu sprzyja wyciszeniu i relaksowi, a obraz na \u015bcian\u0119 pi\u0119knie dope\u0142nia jasne wn\u0119trze, nadaj\u0105c mu spokojny i ponadczasowy charakter.<\/p>\n","protected":false},"excerpt":{"rendered":"<p>Jasny obraz na p\u0142\u00f3tnie ze spokojnym morzem i delikatnymi falami. Stylowa dekoracja do salonu, sypialni, biura i wn\u0119trz w naturalnym minimalistycznym stylu.<\/p>\n","protected":false},"featured_media":333372,"comment_status":"closed","ping_status":"closed","template":"","meta":[],"product_brand":[],"product_cat":[88,110,76,137,104,143,107,73,85,113,70],"product_tag":[276,696,279,701],"class_list":{"0":"post-333370","1":"product","2":"type-product","3":"status-publish","4":"has-post-thumbnail","6":"product_cat-biuro","7":"product_cat-fotografia","8":"product_cat-hotel-pl","9":"product_cat-krajobrazy","10":"product_cat-minimalistyczne","11":"product_cat-morze-i-wybrzeze","12":"product_cat-nowoczesne","13":"product_cat-przedpokoj","14":"product_cat-salon","15":"product_cat-skandynawskie","16":"product_cat-sypialnia","17":"product_tag-jasne","18":"product_tag-nowoczesne-obrazy","19":"product_tag-pastelowe","20":"product_tag-poziomy","21":"pa_size-finishing-60x40-w-ramie-drewnianej-naturalnej","22":"pa_size-finishing-60x40-w-ramie-drewnianej-czarnej","23":"pa_size-finishing-90x60-standard","24":"pa_size-finishing-90x60-na-ptnie-woskim","25":"pa_size-finishing-90x60-premium-print","26":"pa_size-finishing-90x60-akustyczny","27":"pa_size-finishing-90x60-w-ramie-drewnianej-naturalnej","28":"pa_size-finishing-90x60-w-ramie-drewnianej-czarnej","29":"pa_size-finishing-120x80-standard","30":"pa_size-finishing-120x80-na-ptnie-woskim","31":"pa_size-finishing-120x80-premium-print","32":"pa_size-finishing-120x80-akustyczny","33":"pa_size-finishing-120x80-w-ramie-drewnianej-naturalnej","34":"pa_size-finishing-120x80-w-ramie-drewnianej-czarnej","36":"first","37":"instock","38":"purchasable","39":"product-type-variable","40":"has-default-attributes"},"aioseo_notices":[],"_links":{"self":[{"href":"https:\/\/interiorposter.com\/pl\/wp-json\/wp\/v2\/product\/333370","targetHints":{"allow":["GET"]}}],"collection":[{"href":"https:\/\/interiorposter.com\/pl\/wp-json\/wp\/v2\/product"}],"about":[{"href":"https:\/\/interiorposter.com\/pl\/wp-json\/wp\/v2\/types\/product"}],"replies":[{"embeddable":true,"href":"https:\/\/interiorposter.com\/pl\/wp-json\/wp\/v2\/comments?post=333370"}],"wp:featuredmedia":[{"embeddable":true,"href":"https:\/\/interiorposter.com\/pl\/wp-json\/wp\/v2\/media\/333372"}],"wp:attachment":[{"href":"https:\/\/interiorposter.com\/pl\/wp-json\/wp\/v2\/media?parent=333370"}],"wp:term":[{"taxonomy":"product_brand","embeddable":true,"href":"https:\/\/interiorposter.com\/pl\/wp-json\/wp\/v2\/product_brand?post=333370"},{"taxonomy":"product_cat","embeddable":true,"href":"https:\/\/interiorposter.com\/pl\/wp-json\/wp\/v2\/product_cat?post=333370"},{"taxonomy":"product_tag","embeddable":true,"href":"https:\/\/interiorposter.com\/pl\/wp-json\/wp\/v2\/product_tag?post=333370"}],"curies":[{"name":"wp","href":"https:\/\/api.w.org\/{rel}","templated":true}]}}