{"id":329811,"date":"2026-05-09T22:05:09","date_gmt":"2026-05-09T20:05:09","guid":{"rendered":"https:\/\/interiorposter.com\/?post_type=product&#038;p=329811"},"modified":"2026-05-11T02:58:02","modified_gmt":"2026-05-11T00:58:02","slug":"obraz-na-plotnie-drzewo-w-blasku-ksiezyca","status":"publish","type":"product","link":"https:\/\/interiorposter.com\/pl\/product\/obraz-na-plotnie-drzewo-w-blasku-ksiezyca\/","title":{"rendered":"Obraz na p\u0142\u00f3tnie drzewo w blasku ksi\u0119\u017cyca"},"content":{"rendered":"<p>Obraz na p\u0142\u00f3tnie z sylwetk\u0105 drzewa na tle ogromnego ksi\u0119\u017cyca tworzy nastrojow\u0105 dekoracj\u0119 pe\u0142n\u0105 ciszy, tajemnicy i elegancji. Ciemne niebo, delikatne gwiazdy oraz lec\u0105ce ptaki nadaj\u0105 kompozycji g\u0142\u0119bi i wyj\u0105tkowego klimatu. To efektowny obraz na \u015bcian\u0119 do salonu, sypialni, biura, hotelu lub przedpokoju, szczeg\u00f3lnie do wn\u0119trz nowoczesnych, minimalistycznych i inspirowanych natur\u0105. Uk\u0142ad kolorystyczny jest ciemny i szary, z dominacj\u0105 czerni, grafitu, granatu oraz jasnego srebrzystego ksi\u0119\u017cyca.<\/p>\n","protected":false},"excerpt":{"rendered":"<p>Nastrojowy obraz na p\u0142\u00f3tnie z drzewem na tle pe\u0142ni ksi\u0119\u017cyca. Elegancka dekoracja do salonu, sypialni lub biura.<\/p>\n","protected":false},"featured_media":329813,"comment_status":"closed","ping_status":"closed","template":"","meta":[],"product_brand":[],"product_cat":[88,110,76,104,267,107,73,125,85,70],"product_tag":[273,1302,696,706,182],"class_list":{"0":"post-329811","1":"product","2":"type-product","3":"status-publish","4":"has-post-thumbnail","6":"product_cat-biuro","7":"product_cat-fotografia","8":"product_cat-hotel-pl","9":"product_cat-minimalistyczne","10":"product_cat-nocne","11":"product_cat-nowoczesne","12":"product_cat-przedpokoj","13":"product_cat-rosliny-i-kwiaty","14":"product_cat-salon","15":"product_cat-sypialnia","16":"product_tag-dark-pl","17":"product_tag-drzewo","18":"product_tag-nowoczesne-obrazy","19":"product_tag-pionowy","20":"product_tag-szary","21":"pa_size-finishing-20x30-standard","22":"pa_size-finishing-20x30-na-ptnie-woskim","23":"pa_size-finishing-20x30-premium-print","24":"pa_size-finishing-20x30-akustyczny","25":"pa_size-finishing-40x60-standard","26":"pa_size-finishing-40x60-na-ptnie-woskim","27":"pa_size-finishing-40x60-premium-print","28":"pa_size-finishing-40x60-akustyczny","29":"pa_size-finishing-40x60-w-ramie-drewnianej-naturalnej","30":"pa_size-finishing-40x60-w-ramie-drewnianej-czarnej","31":"pa_size-finishing-60x90-standard","32":"pa_size-finishing-60x90-na-ptnie-woskim","33":"pa_size-finishing-60x90-premium-print","34":"pa_size-finishing-60x90-akustyczny","35":"pa_size-finishing-60x90-w-ramie-drewnianej-naturalnej","36":"pa_size-finishing-60x90-w-ramie-drewnianej-czarnej","37":"pa_size-finishing-80x120-standard","38":"pa_size-finishing-80x120-na-ptnie-woskim","39":"pa_size-finishing-80x120-premium-print","40":"pa_size-finishing-80x120-akustyczny","41":"pa_size-finishing-80x120-w-ramie-drewnianej-naturalnej","42":"pa_size-finishing-80x120-w-ramie-drewnianej-czarnej","44":"first","45":"instock","46":"purchasable","47":"product-type-variable","48":"has-default-attributes"},"aioseo_notices":[],"_links":{"self":[{"href":"https:\/\/interiorposter.com\/pl\/wp-json\/wp\/v2\/product\/329811","targetHints":{"allow":["GET"]}}],"collection":[{"href":"https:\/\/interiorposter.com\/pl\/wp-json\/wp\/v2\/product"}],"about":[{"href":"https:\/\/interiorposter.com\/pl\/wp-json\/wp\/v2\/types\/product"}],"replies":[{"embeddable":true,"href":"https:\/\/interiorposter.com\/pl\/wp-json\/wp\/v2\/comments?post=329811"}],"wp:featuredmedia":[{"embeddable":true,"href":"https:\/\/interiorposter.com\/pl\/wp-json\/wp\/v2\/media\/329813"}],"wp:attachment":[{"href":"https:\/\/interiorposter.com\/pl\/wp-json\/wp\/v2\/media?parent=329811"}],"wp:term":[{"taxonomy":"product_brand","embeddable":true,"href":"https:\/\/interiorposter.com\/pl\/wp-json\/wp\/v2\/product_brand?post=329811"},{"taxonomy":"product_cat","embeddable":true,"href":"https:\/\/interiorposter.com\/pl\/wp-json\/wp\/v2\/product_cat?post=329811"},{"taxonomy":"product_tag","embeddable":true,"href":"https:\/\/interiorposter.com\/pl\/wp-json\/wp\/v2\/product_tag?post=329811"}],"curies":[{"name":"wp","href":"https:\/\/api.w.org\/{rel}","templated":true}]}}