{"id":32689,"date":"2026-01-29T00:22:15","date_gmt":"2026-01-28T23:22:15","guid":{"rendered":"https:\/\/interiorposter.com\/?post_type=product&#038;p=32689"},"modified":"2026-03-19T01:00:36","modified_gmt":"2026-03-19T00:00:36","slug":"obraz-na-plotnie-panorama-warszawy-o-zachodzie-slonca","status":"publish","type":"product","link":"https:\/\/interiorposter.com\/pl\/product\/obraz-na-plotnie-panorama-warszawy-o-zachodzie-slonca\/","title":{"rendered":"Obraz na p\u0142\u00f3tnie Panorama Warszawy o zachodzie s\u0142o\u0144ca"},"content":{"rendered":"<p>Ten obraz na p\u0142\u00f3tnie przedstawia panoram\u0119 Warszawy w z\u0142otej godzinie, gdy s\u0142o\u0144ce roz\u015bwietla szklane wie\u017cowce i podkre\u015bla rytm nowoczesnej architektury. Ciep\u0142e odcienie z\u0142ota i pomara\u0144czu przechodz\u0105 w fiolet oraz granat nieba, a ch\u0142odne b\u0142\u0119kity fasad dodaj\u0105 ca\u0142o\u015bci elegancji i g\u0142\u0119bi. To \u015bwietny wyb\u00f3r jako obraz do salonu, biura lub sypialni, a tak\u017ce do przedpokoju, hotelu czy restauracji, gdzie doda wn\u0119trzu przestrzeni i miejskiej energii. Idealny, je\u015bli szukasz eleganckiej dekoracji na \u015bcian\u0119 w nowoczesnym stylu.<\/p>\n","protected":false},"excerpt":{"rendered":"<p>Obraz na p\u0142\u00f3tnie z panoram\u0105 Warszawy o zachodzie s\u0142o\u0144ca. Ciep\u0142e z\u0142oto i pomara\u0144cz \u0142\u0105cz\u0105 si\u0119 z fioletem nieba i ch\u0142odnym b\u0142\u0119kitem wie\u017cowc\u00f3w.<\/p>\n","protected":false},"featured_media":145671,"comment_status":"open","ping_status":"closed","template":"","meta":[],"product_brand":[],"product_cat":[88,110,76,291,134,137,122,267,107,73,91,85,70],"product_tag":[273,701,188],"class_list":{"0":"post-32689","1":"product","2":"type-product","3":"status-publish","4":"has-post-thumbnail","6":"product_cat-biuro","7":"product_cat-fotografia","8":"product_cat-hotel-pl","9":"product_cat-ilustracje","10":"product_cat-industrialne","11":"product_cat-krajobrazy","12":"product_cat-miasta-i-mosty","13":"product_cat-nocne","14":"product_cat-nowoczesne","15":"product_cat-przedpokoj","16":"product_cat-restauracja","17":"product_cat-salon","18":"product_cat-sypialnia","19":"product_tag-dark-pl","20":"product_tag-poziomy","21":"product_tag-wielokolorowy","23":"first","24":"instock","25":"taxable","26":"shipping-taxable","27":"purchasable","28":"product-type-variable","29":"has-default-attributes"},"aioseo_notices":[],"_links":{"self":[{"href":"https:\/\/interiorposter.com\/pl\/wp-json\/wp\/v2\/product\/32689","targetHints":{"allow":["GET"]}}],"collection":[{"href":"https:\/\/interiorposter.com\/pl\/wp-json\/wp\/v2\/product"}],"about":[{"href":"https:\/\/interiorposter.com\/pl\/wp-json\/wp\/v2\/types\/product"}],"replies":[{"embeddable":true,"href":"https:\/\/interiorposter.com\/pl\/wp-json\/wp\/v2\/comments?post=32689"}],"wp:featuredmedia":[{"embeddable":true,"href":"https:\/\/interiorposter.com\/pl\/wp-json\/wp\/v2\/media\/145671"}],"wp:attachment":[{"href":"https:\/\/interiorposter.com\/pl\/wp-json\/wp\/v2\/media?parent=32689"}],"wp:term":[{"taxonomy":"product_brand","embeddable":true,"href":"https:\/\/interiorposter.com\/pl\/wp-json\/wp\/v2\/product_brand?post=32689"},{"taxonomy":"product_cat","embeddable":true,"href":"https:\/\/interiorposter.com\/pl\/wp-json\/wp\/v2\/product_cat?post=32689"},{"taxonomy":"product_tag","embeddable":true,"href":"https:\/\/interiorposter.com\/pl\/wp-json\/wp\/v2\/product_tag?post=32689"}],"curies":[{"name":"wp","href":"https:\/\/api.w.org\/{rel}","templated":true}]}}