{"id":32224,"date":"2026-01-27T00:45:36","date_gmt":"2026-01-26T23:45:36","guid":{"rendered":"https:\/\/interiorposter.com\/?post_type=product&#038;p=32224"},"modified":"2026-03-19T01:00:41","modified_gmt":"2026-03-19T00:00:41","slug":"panorama-warszawy-o-zachodzie-slonca-na-plotnie","status":"publish","type":"product","link":"https:\/\/interiorposter.com\/pl\/product\/panorama-warszawy-o-zachodzie-slonca-na-plotnie\/","title":{"rendered":"Panorama Warszawy o zachodzie s\u0142o\u0144ca na p\u0142\u00f3tnie"},"content":{"rendered":"<p>Fotografia przedstawiaj\u0105ca panoram\u0119 Warszawy o zachodzie s\u0142o\u0144ca to obraz na p\u0142\u00f3tnie, kt\u00f3ry wnosi do wn\u0119trza wielkomiejski klimat i eleganck\u0105 energi\u0119. Ciep\u0142e z\u0142oto i pomara\u0144cz zachodu \u0142\u0105cz\u0105 si\u0119 z ch\u0142odnymi b\u0142\u0119kitami nieba oraz grafitow\u0105 architektur\u0105 wie\u017cowc\u00f3w, tworz\u0105c efektowny, kontrastowy uk\u0142ad kolor\u00f3w. Ten obraz do salonu \u015bwietnie podkre\u015bli nowoczesne aran\u017cacje, a w biurze doda motywacji i profesjonalnego charakteru. Pasuje te\u017c do sypialni, przedpokoju, hotelu i restauracji jako wyrazista grafika na \u015bcianie dla mi\u0142o\u015bnik\u00f3w miast.<\/p>\n","protected":false},"excerpt":{"rendered":"<p>Panorama Warszawy na p\u0142\u00f3tnie o zachodzie s\u0142o\u0144ca. Kontrast z\u0142ota i b\u0142\u0119kitu oraz nowoczesne wie\u017cowce tworz\u0105 stylow\u0105 dekoracj\u0119 do salonu, biura i hotelu.<\/p>\n","protected":false},"featured_media":144664,"comment_status":"open","ping_status":"closed","template":"","meta":[],"product_brand":[],"product_cat":[88,110,76,122,267,107,73,91,85,70],"product_tag":[273,701,188],"class_list":{"0":"post-32224","1":"product","2":"type-product","3":"status-publish","4":"has-post-thumbnail","6":"product_cat-biuro","7":"product_cat-fotografia","8":"product_cat-hotel-pl","9":"product_cat-miasta-i-mosty","10":"product_cat-nocne","11":"product_cat-nowoczesne","12":"product_cat-przedpokoj","13":"product_cat-restauracja","14":"product_cat-salon","15":"product_cat-sypialnia","16":"product_tag-dark-pl","17":"product_tag-poziomy","18":"product_tag-wielokolorowy","20":"first","21":"instock","22":"taxable","23":"shipping-taxable","24":"purchasable","25":"product-type-variable","26":"has-default-attributes"},"aioseo_notices":[],"_links":{"self":[{"href":"https:\/\/interiorposter.com\/pl\/wp-json\/wp\/v2\/product\/32224","targetHints":{"allow":["GET"]}}],"collection":[{"href":"https:\/\/interiorposter.com\/pl\/wp-json\/wp\/v2\/product"}],"about":[{"href":"https:\/\/interiorposter.com\/pl\/wp-json\/wp\/v2\/types\/product"}],"replies":[{"embeddable":true,"href":"https:\/\/interiorposter.com\/pl\/wp-json\/wp\/v2\/comments?post=32224"}],"wp:featuredmedia":[{"embeddable":true,"href":"https:\/\/interiorposter.com\/pl\/wp-json\/wp\/v2\/media\/144664"}],"wp:attachment":[{"href":"https:\/\/interiorposter.com\/pl\/wp-json\/wp\/v2\/media?parent=32224"}],"wp:term":[{"taxonomy":"product_brand","embeddable":true,"href":"https:\/\/interiorposter.com\/pl\/wp-json\/wp\/v2\/product_brand?post=32224"},{"taxonomy":"product_cat","embeddable":true,"href":"https:\/\/interiorposter.com\/pl\/wp-json\/wp\/v2\/product_cat?post=32224"},{"taxonomy":"product_tag","embeddable":true,"href":"https:\/\/interiorposter.com\/pl\/wp-json\/wp\/v2\/product_tag?post=32224"}],"curies":[{"name":"wp","href":"https:\/\/api.w.org\/{rel}","templated":true}]}}