{"id":315570,"date":"2026-04-01T23:38:07","date_gmt":"2026-04-01T21:38:07","guid":{"rendered":"https:\/\/interiorposter.com\/?post_type=product&#038;p=315570"},"modified":"2026-05-11T02:39:03","modified_gmt":"2026-05-11T00:39:03","slug":"obraz-na-plotnie-slon-na-sercu-z-roz","status":"publish","type":"product","link":"https:\/\/interiorposter.com\/pl\/product\/obraz-na-plotnie-slon-na-sercu-z-roz\/","title":{"rendered":"Obraz na p\u0142\u00f3tnie s\u0142o\u0144 na sercu z r\u00f3\u017c"},"content":{"rendered":"<p>Obraz na p\u0142\u00f3tnie z ma\u0142ym s\u0142oniem stoj\u0105cym na sercu u\u0142o\u017conym z r\u00f3\u017cowych r\u00f3\u017c to dekoracja pe\u0142na czu\u0142o\u015bci, lekko\u015bci i pozytywnych emocji. Delikatne t\u0142o, mi\u0119kkie odcienie r\u00f3\u017cu oraz subtelny motyw zwierz\u0119cia tworz\u0105 kompozycj\u0119 urocz\u0105, romantyczn\u0105 i bardzo przyjazn\u0105 dla wn\u0119trza. To pi\u0119kny obraz na \u015bcian\u0119 do salonu, sypialni, pokoju dziecka, hotelu, przedpokoju lub przytulnego biura. \u015awietnie pasuje do aran\u017cacji nowoczesnych, skandynawskich, romantycznych i inspirowanych natur\u0105. Uk\u0142ad kolorystyczny jest jasny i pastelowy, z dominacj\u0105 r\u00f3\u017cu, bieli, szaro\u015bci oraz delikatnych be\u017c\u00f3w.<\/p>\n","protected":false},"excerpt":{"rendered":"<p>Uroczy obraz na p\u0142\u00f3tnie z ma\u0142ym s\u0142oniem na sercu z r\u00f3\u017cowych r\u00f3\u017c. Romantyczna dekoracja do salonu, sypialni lub pokoju dziecka.<\/p>\n","protected":false},"featured_media":315572,"comment_status":"closed","ping_status":"closed","template":"","meta":[],"product_brand":[],"product_cat":[76,291,107,73,125,85,70,256],"product_tag":[276,696,279,706,188],"class_list":{"0":"post-315570","1":"product","2":"type-product","3":"status-publish","4":"has-post-thumbnail","6":"product_cat-hotel-pl","7":"product_cat-ilustracje","8":"product_cat-nowoczesne","9":"product_cat-przedpokoj","10":"product_cat-rosliny-i-kwiaty","11":"product_cat-salon","12":"product_cat-sypialnia","13":"product_cat-zwierzeta-i-natura","14":"product_tag-jasne","15":"product_tag-nowoczesne-obrazy","16":"product_tag-pastelowe","17":"product_tag-pionowy","18":"product_tag-wielokolorowy","19":"pa_size-finishing-20x30-standard","20":"pa_size-finishing-20x30-na-ptnie-woskim","21":"pa_size-finishing-20x30-premium-print","22":"pa_size-finishing-20x30-akustyczny","23":"pa_size-finishing-40x60-standard","24":"pa_size-finishing-40x60-na-ptnie-woskim","25":"pa_size-finishing-40x60-premium-print","26":"pa_size-finishing-40x60-akustyczny","27":"pa_size-finishing-40x60-w-ramie-drewnianej-naturalnej","28":"pa_size-finishing-40x60-w-ramie-drewnianej-czarnej","29":"pa_size-finishing-60x90-standard","30":"pa_size-finishing-60x90-na-ptnie-woskim","31":"pa_size-finishing-60x90-premium-print","32":"pa_size-finishing-60x90-akustyczny","33":"pa_size-finishing-60x90-w-ramie-drewnianej-naturalnej","34":"pa_size-finishing-60x90-w-ramie-drewnianej-czarnej","35":"pa_size-finishing-80x120-standard","36":"pa_size-finishing-80x120-na-ptnie-woskim","37":"pa_size-finishing-80x120-premium-print","38":"pa_size-finishing-80x120-akustyczny","39":"pa_size-finishing-80x120-w-ramie-drewnianej-naturalnej","40":"pa_size-finishing-80x120-w-ramie-drewnianej-czarnej","42":"first","43":"instock","44":"purchasable","45":"product-type-variable","46":"has-default-attributes"},"aioseo_notices":[],"_links":{"self":[{"href":"https:\/\/interiorposter.com\/pl\/wp-json\/wp\/v2\/product\/315570","targetHints":{"allow":["GET"]}}],"collection":[{"href":"https:\/\/interiorposter.com\/pl\/wp-json\/wp\/v2\/product"}],"about":[{"href":"https:\/\/interiorposter.com\/pl\/wp-json\/wp\/v2\/types\/product"}],"replies":[{"embeddable":true,"href":"https:\/\/interiorposter.com\/pl\/wp-json\/wp\/v2\/comments?post=315570"}],"wp:featuredmedia":[{"embeddable":true,"href":"https:\/\/interiorposter.com\/pl\/wp-json\/wp\/v2\/media\/315572"}],"wp:attachment":[{"href":"https:\/\/interiorposter.com\/pl\/wp-json\/wp\/v2\/media?parent=315570"}],"wp:term":[{"taxonomy":"product_brand","embeddable":true,"href":"https:\/\/interiorposter.com\/pl\/wp-json\/wp\/v2\/product_brand?post=315570"},{"taxonomy":"product_cat","embeddable":true,"href":"https:\/\/interiorposter.com\/pl\/wp-json\/wp\/v2\/product_cat?post=315570"},{"taxonomy":"product_tag","embeddable":true,"href":"https:\/\/interiorposter.com\/pl\/wp-json\/wp\/v2\/product_tag?post=315570"}],"curies":[{"name":"wp","href":"https:\/\/api.w.org\/{rel}","templated":true}]}}