{"id":30795,"date":"2026-02-05T04:28:25","date_gmt":"2026-02-05T03:28:25","guid":{"rendered":"https:\/\/interiorposter.com\/?post_type=product&#038;p=30795"},"modified":"2026-03-19T01:00:28","modified_gmt":"2026-03-19T00:00:28","slug":"obraz-na-plotnie-pastelowa-abstrakcja-geometryczna","status":"publish","type":"product","link":"https:\/\/interiorposter.com\/pl\/product\/obraz-na-plotnie-pastelowa-abstrakcja-geometryczna\/","title":{"rendered":"Obraz na p\u0142\u00f3tnie pastelowa abstrakcja geometryczna"},"content":{"rendered":"<p>Subtelny obraz na p\u0142\u00f3tnie o geometrycznej kompozycji wprowadza do wn\u0119trza spok\u00f3j i elegancj\u0119. Delikatne przej\u015bcia bieli i jasnej szaro\u015bci, po\u0142\u0105czone z pastelowym be\u017cem oraz cienkimi liniami w odcieniu r\u00f3\u017cowego z\u0142ota tworz\u0105 lekk\u0105, harmonijn\u0105 ca\u0142o\u015b\u0107. To idealny obraz do salonu, sypialni lub biura, gdy chcesz doda\u0107 przestrzeni klasy i \u015bwiat\u0142a. \u015awietnie prezentuje si\u0119 tak\u017ce w przedpokoju, hotelu lub restauracji, podkre\u015blaj\u0105c nowoczesny i minimalistyczny charakter aran\u017cacji.<\/p>\n","protected":false},"excerpt":{"rendered":"<p>Jasny, pastelowy obraz na p\u0142\u00f3tnie z geometrycznym uk\u0142adem i akcentem r\u00f3\u017cowego z\u0142ota do salonu, sypialni i biura.<\/p>\n","protected":false},"featured_media":180608,"comment_status":"open","ping_status":"closed","template":"","meta":[],"product_brand":[],"product_cat":[97,88,212,76,104,107,73,91,85,113,70,209],"product_tag":[276,279,701],"class_list":{"0":"post-30795","1":"product","2":"type-product","3":"status-publish","4":"has-post-thumbnail","6":"product_cat-abstrakcja","7":"product_cat-biuro","8":"product_cat-geometryczne","9":"product_cat-hotel-pl","10":"product_cat-minimalistyczne","11":"product_cat-nowoczesne","12":"product_cat-przedpokoj","13":"product_cat-restauracja","14":"product_cat-salon","15":"product_cat-skandynawskie","16":"product_cat-sypialnia","17":"product_cat-sztuka-koncepcyjna","18":"product_tag-jasne","19":"product_tag-pastelowe","20":"product_tag-poziomy","22":"first","23":"instock","24":"taxable","25":"shipping-taxable","26":"purchasable","27":"product-type-variable","28":"has-default-attributes"},"aioseo_notices":[],"_links":{"self":[{"href":"https:\/\/interiorposter.com\/pl\/wp-json\/wp\/v2\/product\/30795","targetHints":{"allow":["GET"]}}],"collection":[{"href":"https:\/\/interiorposter.com\/pl\/wp-json\/wp\/v2\/product"}],"about":[{"href":"https:\/\/interiorposter.com\/pl\/wp-json\/wp\/v2\/types\/product"}],"replies":[{"embeddable":true,"href":"https:\/\/interiorposter.com\/pl\/wp-json\/wp\/v2\/comments?post=30795"}],"wp:featuredmedia":[{"embeddable":true,"href":"https:\/\/interiorposter.com\/pl\/wp-json\/wp\/v2\/media\/180608"}],"wp:attachment":[{"href":"https:\/\/interiorposter.com\/pl\/wp-json\/wp\/v2\/media?parent=30795"}],"wp:term":[{"taxonomy":"product_brand","embeddable":true,"href":"https:\/\/interiorposter.com\/pl\/wp-json\/wp\/v2\/product_brand?post=30795"},{"taxonomy":"product_cat","embeddable":true,"href":"https:\/\/interiorposter.com\/pl\/wp-json\/wp\/v2\/product_cat?post=30795"},{"taxonomy":"product_tag","embeddable":true,"href":"https:\/\/interiorposter.com\/pl\/wp-json\/wp\/v2\/product_tag?post=30795"}],"curies":[{"name":"wp","href":"https:\/\/api.w.org\/{rel}","templated":true}]}}