{"id":30702,"date":"2026-02-17T05:07:39","date_gmt":"2026-02-17T04:07:39","guid":{"rendered":"https:\/\/interiorposter.com\/?post_type=product&#038;p=30702"},"modified":"2026-03-19T00:59:47","modified_gmt":"2026-03-18T23:59:47","slug":"obraz-na-plotnie-kolorowe-parasole-w-deszczu","status":"publish","type":"product","link":"https:\/\/interiorposter.com\/pl\/product\/obraz-na-plotnie-kolorowe-parasole-w-deszczu\/","title":{"rendered":"Obraz na p\u0142\u00f3tnie kolorowe parasole w deszczu"},"content":{"rendered":"<p>Ten obraz na p\u0142\u00f3tnie wnosi do wn\u0119trza energi\u0119 miasta i radosny akcent koloru. T\u0142um z parasolami uchwycony w deszczu tworzy dynamiczn\u0105 scen\u0119, kt\u00f3ra o\u017cywia przestrze\u0144 i przyci\u0105ga wzrok. Styl jest nowoczesny i malarski, z wyra\u017anym, ekspresyjnym efektem i \u015bwietnym poczuciem ruchu. Kolorystyka jest intensywna i kontrastowa, dominuj\u0105 \u017c\u00f3\u0142cie, turkusy, czerwienie, zielenie i b\u0142\u0119kity na tle mokrej ulicy. To idealny obraz do salonu, biura i przedpokoju, a tak\u017ce do hotelu lub restauracji, gdzie ma budowa\u0107 klimat i dodawa\u0107 charakteru. \u015awietny wyb\u00f3r, gdy szukasz nietypowej dekoracji na \u015bcian\u0119, kt\u00f3ra poprawia nastr\u00f3j ka\u017cdego dnia.<\/p>\n","protected":false},"excerpt":{"rendered":"<p>Obraz na p\u0142\u00f3tnie z kolorowymi parasolami w deszczu. Intensywne barwy i malarski styl o\u017cywi\u0105 salon, biuro lub przedpok\u00f3j.<\/p>\n","protected":false},"featured_media":147746,"comment_status":"open","ping_status":"closed","template":"","meta":[],"product_brand":[],"product_cat":[97,88,76,305,299,122,107,73,91,85,209],"product_tag":[701,188],"class_list":{"0":"post-30702","1":"product","2":"type-product","3":"status-publish","4":"has-post-thumbnail","6":"product_cat-abstrakcja","7":"product_cat-biuro","8":"product_cat-hotel-pl","9":"product_cat-ludzie","10":"product_cat-malarskie","11":"product_cat-miasta-i-mosty","12":"product_cat-nowoczesne","13":"product_cat-przedpokoj","14":"product_cat-restauracja","15":"product_cat-salon","16":"product_cat-sztuka-koncepcyjna","17":"product_tag-poziomy","18":"product_tag-wielokolorowy","20":"first","21":"instock","22":"taxable","23":"shipping-taxable","24":"purchasable","25":"product-type-variable","26":"has-default-attributes"},"aioseo_notices":[],"_links":{"self":[{"href":"https:\/\/interiorposter.com\/pl\/wp-json\/wp\/v2\/product\/30702","targetHints":{"allow":["GET"]}}],"collection":[{"href":"https:\/\/interiorposter.com\/pl\/wp-json\/wp\/v2\/product"}],"about":[{"href":"https:\/\/interiorposter.com\/pl\/wp-json\/wp\/v2\/types\/product"}],"replies":[{"embeddable":true,"href":"https:\/\/interiorposter.com\/pl\/wp-json\/wp\/v2\/comments?post=30702"}],"wp:featuredmedia":[{"embeddable":true,"href":"https:\/\/interiorposter.com\/pl\/wp-json\/wp\/v2\/media\/147746"}],"wp:attachment":[{"href":"https:\/\/interiorposter.com\/pl\/wp-json\/wp\/v2\/media?parent=30702"}],"wp:term":[{"taxonomy":"product_brand","embeddable":true,"href":"https:\/\/interiorposter.com\/pl\/wp-json\/wp\/v2\/product_brand?post=30702"},{"taxonomy":"product_cat","embeddable":true,"href":"https:\/\/interiorposter.com\/pl\/wp-json\/wp\/v2\/product_cat?post=30702"},{"taxonomy":"product_tag","embeddable":true,"href":"https:\/\/interiorposter.com\/pl\/wp-json\/wp\/v2\/product_tag?post=30702"}],"curies":[{"name":"wp","href":"https:\/\/api.w.org\/{rel}","templated":true}]}}