{"id":30330,"date":"2026-02-17T03:52:35","date_gmt":"2026-02-17T02:52:35","guid":{"rendered":"https:\/\/interiorposter.com\/?post_type=product&#038;p=30330"},"modified":"2026-03-19T00:59:59","modified_gmt":"2026-03-18T23:59:59","slug":"obraz-na-plotnie-wenecja-nad-kanalem-o-zmierzchu","status":"publish","type":"product","link":"https:\/\/interiorposter.com\/pl\/product\/obraz-na-plotnie-wenecja-nad-kanalem-o-zmierzchu\/","title":{"rendered":"Obraz na p\u0142\u00f3tnie Wenecja nad kana\u0142em o zmierzchu"},"content":{"rendered":"<p>Przenie\u015b do wn\u0119trza klimat romantycznej Wenecji i spokojny rytm wody. Ten obraz na p\u0142\u00f3tnie pokazuje szeroki kana\u0142 otoczony zabytkow\u0105 architektur\u0105, z mi\u0119kkim \u015bwiat\u0142em latarni odbijaj\u0105cym si\u0119 na tafli. Kompozycja ma styl fotograficzny z malarskim, lekko vintage wyko\u0144czeniem, kt\u00f3re pi\u0119knie ociepla przestrze\u0144 i nadaje jej charakteru. Ciep\u0142e odcienie ceg\u0142y, be\u017cu i z\u0142ota \u0142\u0105cz\u0105 si\u0119 z ch\u0142odnym b\u0142\u0119kitem i turkusem, tworz\u0105c harmonijny kontrast i wra\u017cenie g\u0142\u0119bi. To \u015bwietny obraz do salonu, sypialni, biura i przedpokoju, a tak\u017ce do hotelu lub restauracji, gdzie liczy si\u0119 nastr\u00f3j. Elegancka dekoracja na \u015bcian\u0119, kt\u00f3ra budzi podr\u00f3\u017cnicze emocje i przyci\u0105ga spojrzenia.<\/p>\n","protected":false},"excerpt":{"rendered":"<p>Obraz na p\u0142\u00f3tnie z Wenecj\u0105 o zmierzchu w stylu vintage. Ciep\u0142e kamienice i turkus wody tworz\u0105 elegancki akcent do salonu i sypialni.<\/p>\n","protected":false},"featured_media":147505,"comment_status":"open","ping_status":"closed","template":"","meta":[],"product_brand":[],"product_cat":[88,110,76,137,299,122,73,91,85,70],"product_tag":[701,188],"class_list":{"0":"post-30330","1":"product","2":"type-product","3":"status-publish","4":"has-post-thumbnail","6":"product_cat-biuro","7":"product_cat-fotografia","8":"product_cat-hotel-pl","9":"product_cat-krajobrazy","10":"product_cat-malarskie","11":"product_cat-miasta-i-mosty","12":"product_cat-przedpokoj","13":"product_cat-restauracja","14":"product_cat-salon","15":"product_cat-sypialnia","16":"product_tag-poziomy","17":"product_tag-wielokolorowy","19":"first","20":"instock","21":"taxable","22":"shipping-taxable","23":"purchasable","24":"product-type-variable","25":"has-default-attributes"},"aioseo_notices":[],"_links":{"self":[{"href":"https:\/\/interiorposter.com\/pl\/wp-json\/wp\/v2\/product\/30330","targetHints":{"allow":["GET"]}}],"collection":[{"href":"https:\/\/interiorposter.com\/pl\/wp-json\/wp\/v2\/product"}],"about":[{"href":"https:\/\/interiorposter.com\/pl\/wp-json\/wp\/v2\/types\/product"}],"replies":[{"embeddable":true,"href":"https:\/\/interiorposter.com\/pl\/wp-json\/wp\/v2\/comments?post=30330"}],"wp:featuredmedia":[{"embeddable":true,"href":"https:\/\/interiorposter.com\/pl\/wp-json\/wp\/v2\/media\/147505"}],"wp:attachment":[{"href":"https:\/\/interiorposter.com\/pl\/wp-json\/wp\/v2\/media?parent=30330"}],"wp:term":[{"taxonomy":"product_brand","embeddable":true,"href":"https:\/\/interiorposter.com\/pl\/wp-json\/wp\/v2\/product_brand?post=30330"},{"taxonomy":"product_cat","embeddable":true,"href":"https:\/\/interiorposter.com\/pl\/wp-json\/wp\/v2\/product_cat?post=30330"},{"taxonomy":"product_tag","embeddable":true,"href":"https:\/\/interiorposter.com\/pl\/wp-json\/wp\/v2\/product_tag?post=30330"}],"curies":[{"name":"wp","href":"https:\/\/api.w.org\/{rel}","templated":true}]}}