{"id":297784,"date":"2026-03-22T02:49:52","date_gmt":"2026-03-22T01:49:52","guid":{"rendered":"https:\/\/interiorposter.com\/?post_type=product&#038;p=297784"},"modified":"2026-03-29T00:22:50","modified_gmt":"2026-03-28T23:22:50","slug":"obraz-na-plotnie-schody-do-swiata-wyobrazni","status":"publish","type":"product","link":"https:\/\/interiorposter.com\/pl\/product\/obraz-na-plotnie-schody-do-swiata-wyobrazni\/","title":{"rendered":"Obraz na p\u0142\u00f3tnie Schody do \u015bwiata wyobra\u017ani"},"content":{"rendered":"<p>Intryguj\u0105cy obraz na p\u0142\u00f3tnie z motywem schod\u00f3w w artystycznym, p\u00f3\u0142abstrakcyjnym uj\u0119ciu nadaje wn\u0119trzu g\u0142\u0119bi\u0119, charakter i nowoczesny wyraz. Zestawienie ciemnych stopni z jasnym t\u0142em oraz ciep\u0142ym akcentem zgaszonej pomara\u0144czy tworzy elegancki, kontrastowy uk\u0142ad kolorystyczny, kt\u00f3ry przyci\u0105ga wzrok i buduje wyj\u0105tkowy klimat. Taka dekoracja \u015bwietnie odnajdzie si\u0119 w salonie, przedpokoju, biurze, hotelu lub restauracji, podkre\u015blaj\u0105c styl aran\u017cacji i dodaj\u0105c jej oryginalno\u015bci. To doskona\u0142y wyb\u00f3r dla os\u00f3b, kt\u00f3re ceni\u0105 nowoczesne obrazy na \u015bcian\u0119, artystyczne kompozycje i nietypowe obrazy do salonu.<\/p>\n","protected":false},"excerpt":{"rendered":"<p>Nowoczesny obraz na p\u0142\u00f3tnie z motywem schod\u00f3w w eleganckiej, kontrastowej kolorystyce. Stylowa dekoracja do salonu, biura, hotelu i nowoczesnych wn\u0119trz.<\/p>\n","protected":false},"featured_media":297786,"comment_status":"closed","ping_status":"closed","template":"","meta":[],"product_brand":[],"product_cat":[97,88,76,134,299,122,107,73,91,85,209],"product_tag":[696,706,188],"class_list":{"0":"post-297784","1":"product","2":"type-product","3":"status-publish","4":"has-post-thumbnail","6":"product_cat-abstrakcja","7":"product_cat-biuro","8":"product_cat-hotel-pl","9":"product_cat-industrialne","10":"product_cat-malarskie","11":"product_cat-miasta-i-mosty","12":"product_cat-nowoczesne","13":"product_cat-przedpokoj","14":"product_cat-restauracja","15":"product_cat-salon","16":"product_cat-sztuka-koncepcyjna","17":"product_tag-nowoczesne-obrazy","18":"product_tag-pionowy","19":"product_tag-wielokolorowy","20":"pa_size-finishing-20x30-standard","21":"pa_size-finishing-20x30-na-ptnie-woskim","22":"pa_size-finishing-20x30-premium-print","23":"pa_size-finishing-20x30-akustyczny","24":"pa_size-finishing-40x60-standard","25":"pa_size-finishing-40x60-na-ptnie-woskim","26":"pa_size-finishing-40x60-premium-print","27":"pa_size-finishing-40x60-akustyczny","28":"pa_size-finishing-40x60-w-ramie-drewnianej-naturalnej","29":"pa_size-finishing-40x60-w-ramie-drewnianej-czarnej","30":"pa_size-finishing-60x90-standard","31":"pa_size-finishing-60x90-na-ptnie-woskim","32":"pa_size-finishing-60x90-premium-print","33":"pa_size-finishing-60x90-akustyczny","34":"pa_size-finishing-60x90-w-ramie-drewnianej-naturalnej","35":"pa_size-finishing-60x90-w-ramie-drewnianej-czarnej","36":"pa_size-finishing-80x120-standard","37":"pa_size-finishing-80x120-na-ptnie-woskim","38":"pa_size-finishing-80x120-premium-print","39":"pa_size-finishing-80x120-akustyczny","40":"pa_size-finishing-80x120-w-ramie-drewnianej-naturalnej","41":"pa_size-finishing-80x120-w-ramie-drewnianej-czarnej","43":"first","44":"instock","45":"purchasable","46":"product-type-variable","47":"has-default-attributes"},"aioseo_notices":[],"_links":{"self":[{"href":"https:\/\/interiorposter.com\/pl\/wp-json\/wp\/v2\/product\/297784","targetHints":{"allow":["GET"]}}],"collection":[{"href":"https:\/\/interiorposter.com\/pl\/wp-json\/wp\/v2\/product"}],"about":[{"href":"https:\/\/interiorposter.com\/pl\/wp-json\/wp\/v2\/types\/product"}],"replies":[{"embeddable":true,"href":"https:\/\/interiorposter.com\/pl\/wp-json\/wp\/v2\/comments?post=297784"}],"wp:featuredmedia":[{"embeddable":true,"href":"https:\/\/interiorposter.com\/pl\/wp-json\/wp\/v2\/media\/297786"}],"wp:attachment":[{"href":"https:\/\/interiorposter.com\/pl\/wp-json\/wp\/v2\/media?parent=297784"}],"wp:term":[{"taxonomy":"product_brand","embeddable":true,"href":"https:\/\/interiorposter.com\/pl\/wp-json\/wp\/v2\/product_brand?post=297784"},{"taxonomy":"product_cat","embeddable":true,"href":"https:\/\/interiorposter.com\/pl\/wp-json\/wp\/v2\/product_cat?post=297784"},{"taxonomy":"product_tag","embeddable":true,"href":"https:\/\/interiorposter.com\/pl\/wp-json\/wp\/v2\/product_tag?post=297784"}],"curies":[{"name":"wp","href":"https:\/\/api.w.org\/{rel}","templated":true}]}}