{"id":297159,"date":"2026-03-22T02:35:48","date_gmt":"2026-03-22T01:35:48","guid":{"rendered":"https:\/\/interiorposter.com\/?post_type=product&#038;p=297159"},"modified":"2026-03-29T00:53:01","modified_gmt":"2026-03-28T23:53:01","slug":"obraz-na-plotnie-turkusowe-pioro-lekkosci","status":"publish","type":"product","link":"https:\/\/interiorposter.com\/pl\/product\/obraz-na-plotnie-turkusowe-pioro-lekkosci\/","title":{"rendered":"Obraz na p\u0142\u00f3tnie Turkusowe pi\u00f3ro lekko\u015bci"},"content":{"rendered":"<p>Subtelny obraz na p\u0142\u00f3tnie z motywem delikatnego pi\u00f3ra wnosi do wn\u0119trza lekko\u015b\u0107, spok\u00f3j i elegancki artystyczny akcent. Zwiewna forma zestawiona z rozmytym t\u0142em oraz drobnymi z\u0142otymi detalami tworzy harmonijn\u0105 kompozycj\u0119, kt\u00f3ra przyci\u0105ga wzrok i dodaje aran\u017cacji wyj\u0105tkowego uroku. Jasny, pastelowy uk\u0142ad kolorystyczny w odcieniach turkusu, b\u0142\u0119kitu, zieleni, be\u017cu i z\u0142amanej bieli doskonale pasuje do salonu, sypialni, biura, hotelu oraz przedpokoju. To idealny wyb\u00f3r dla os\u00f3b, kt\u00f3re ceni\u0105 eleganckie obrazy na \u015bcian\u0119, nowoczesne obrazy do salonu i dekoracje o lekkim, koj\u0105cym charakterze.<\/p>\n","protected":false},"excerpt":{"rendered":"<p>Delikatny obraz na p\u0142\u00f3tnie z turkusowym pi\u00f3rem i z\u0142otymi akcentami. Subtelna dekoracja do salonu, sypialni, biura i jasnych eleganckich wn\u0119trz.<\/p>\n","protected":false},"featured_media":297161,"comment_status":"closed","ping_status":"closed","template":"","meta":[],"product_brand":[],"product_cat":[88,76,299,104,107,73,85,113,70,209,256],"product_tag":[276,696,701,188],"class_list":{"0":"post-297159","1":"product","2":"type-product","3":"status-publish","4":"has-post-thumbnail","6":"product_cat-biuro","7":"product_cat-hotel-pl","8":"product_cat-malarskie","9":"product_cat-minimalistyczne","10":"product_cat-nowoczesne","11":"product_cat-przedpokoj","12":"product_cat-salon","13":"product_cat-skandynawskie","14":"product_cat-sypialnia","15":"product_cat-sztuka-koncepcyjna","16":"product_cat-zwierzeta-i-natura","17":"product_tag-jasne","18":"product_tag-nowoczesne-obrazy","19":"product_tag-poziomy","20":"product_tag-wielokolorowy","21":"pa_size-finishing-30x20-standard","22":"pa_size-finishing-30x20-na-ptnie-woskim","23":"pa_size-finishing-30x20-premium-print","24":"pa_size-finishing-30x20-akustyczny","25":"pa_size-finishing-60x40-standard","26":"pa_size-finishing-60x40-na-ptnie-woskim","27":"pa_size-finishing-60x40-premium-print","28":"pa_size-finishing-60x40-akustyczny","29":"pa_size-finishing-60x40-w-ramie-drewnianej-naturalnej","30":"pa_size-finishing-60x40-w-ramie-drewnianej-czarnej","31":"pa_size-finishing-90x60-standard","32":"pa_size-finishing-90x60-na-ptnie-woskim","33":"pa_size-finishing-90x60-premium-print","34":"pa_size-finishing-90x60-akustyczny","35":"pa_size-finishing-90x60-w-ramie-drewnianej-naturalnej","36":"pa_size-finishing-90x60-w-ramie-drewnianej-czarnej","37":"pa_size-finishing-120x80-standard","38":"pa_size-finishing-120x80-na-ptnie-woskim","39":"pa_size-finishing-120x80-premium-print","40":"pa_size-finishing-120x80-akustyczny","41":"pa_size-finishing-120x80-w-ramie-drewnianej-naturalnej","42":"pa_size-finishing-120x80-w-ramie-drewnianej-czarnej","44":"first","45":"instock","46":"purchasable","47":"product-type-variable","48":"has-default-attributes"},"aioseo_notices":[],"_links":{"self":[{"href":"https:\/\/interiorposter.com\/pl\/wp-json\/wp\/v2\/product\/297159","targetHints":{"allow":["GET"]}}],"collection":[{"href":"https:\/\/interiorposter.com\/pl\/wp-json\/wp\/v2\/product"}],"about":[{"href":"https:\/\/interiorposter.com\/pl\/wp-json\/wp\/v2\/types\/product"}],"replies":[{"embeddable":true,"href":"https:\/\/interiorposter.com\/pl\/wp-json\/wp\/v2\/comments?post=297159"}],"wp:featuredmedia":[{"embeddable":true,"href":"https:\/\/interiorposter.com\/pl\/wp-json\/wp\/v2\/media\/297161"}],"wp:attachment":[{"href":"https:\/\/interiorposter.com\/pl\/wp-json\/wp\/v2\/media?parent=297159"}],"wp:term":[{"taxonomy":"product_brand","embeddable":true,"href":"https:\/\/interiorposter.com\/pl\/wp-json\/wp\/v2\/product_brand?post=297159"},{"taxonomy":"product_cat","embeddable":true,"href":"https:\/\/interiorposter.com\/pl\/wp-json\/wp\/v2\/product_cat?post=297159"},{"taxonomy":"product_tag","embeddable":true,"href":"https:\/\/interiorposter.com\/pl\/wp-json\/wp\/v2\/product_tag?post=297159"}],"curies":[{"name":"wp","href":"https:\/\/api.w.org\/{rel}","templated":true}]}}