{"id":296518,"date":"2026-03-22T02:21:29","date_gmt":"2026-03-22T01:21:29","guid":{"rendered":"https:\/\/interiorposter.com\/?post_type=product&#038;p=296518"},"modified":"2026-03-29T00:09:27","modified_gmt":"2026-03-28T23:09:27","slug":"obraz-na-plotnie-malarska-mgla-nad-horyzontem","status":"publish","type":"product","link":"https:\/\/interiorposter.com\/pl\/product\/obraz-na-plotnie-malarska-mgla-nad-horyzontem\/","title":{"rendered":"Obraz na p\u0142\u00f3tnie Malarska mg\u0142a nad horyzontem"},"content":{"rendered":"<p>Nastrojowy obraz na p\u0142\u00f3tnie o malarskim charakterze wprowadza do wn\u0119trza spok\u00f3j, g\u0142\u0119bi\u0119 i eleganck\u0105 lekko\u015b\u0107. Rozmyta kompozycja inspirowana pejza\u017cem i lini\u0105 horyzontu buduje wyj\u0105tkowy klimat, kt\u00f3ry sprzyja wyciszeniu i podkre\u015bla styl aran\u017cacji. Stonowany uk\u0142ad kolorystyczny \u0142\u0105czy odcienie be\u017cu, szaro\u015bci, bieli, przygaszonego br\u0105zu i subtelnych akcent\u00f3w r\u00f3\u017cu oraz rdzawego pomara\u0144czu. Taki obraz do salonu doskonale odnajdzie si\u0119 tak\u017ce w sypialni, hotelu, biurze lub przedpokoju. To \u015bwietna propozycja dla os\u00f3b, kt\u00f3re szukaj\u0105 eleganckich obraz\u00f3w na \u015bcian\u0119, nowoczesnej dekoracji i artystycznego akcentu o ponadczasowym wyrazie.<\/p>\n","protected":false},"excerpt":{"rendered":"<p>Malarski obraz na p\u0142\u00f3tnie w stonowanych be\u017cach, szaro\u015bciach i ciep\u0142ych akcentach. Elegancka dekoracja do salonu, sypialni, biura i stylowych wn\u0119trz.<\/p>\n","protected":false},"featured_media":296520,"comment_status":"closed","ping_status":"closed","template":"","meta":[],"product_brand":[],"product_cat":[97,88,76,137,299,107,73,85,70,209],"product_tag":[696,701,188],"class_list":{"0":"post-296518","1":"product","2":"type-product","3":"status-publish","4":"has-post-thumbnail","6":"product_cat-abstrakcja","7":"product_cat-biuro","8":"product_cat-hotel-pl","9":"product_cat-krajobrazy","10":"product_cat-malarskie","11":"product_cat-nowoczesne","12":"product_cat-przedpokoj","13":"product_cat-salon","14":"product_cat-sypialnia","15":"product_cat-sztuka-koncepcyjna","16":"product_tag-nowoczesne-obrazy","17":"product_tag-poziomy","18":"product_tag-wielokolorowy","19":"pa_size-finishing-60x40-standard","20":"pa_size-finishing-60x40-na-ptnie-woskim","21":"pa_size-finishing-60x40-premium-print","22":"pa_size-finishing-60x40-akustyczny","23":"pa_size-finishing-60x40-w-ramie-drewnianej-naturalnej","24":"pa_size-finishing-60x40-w-ramie-drewnianej-czarnej","25":"pa_size-finishing-90x60-standard","26":"pa_size-finishing-90x60-na-ptnie-woskim","27":"pa_size-finishing-90x60-premium-print","28":"pa_size-finishing-90x60-akustyczny","29":"pa_size-finishing-90x60-w-ramie-drewnianej-naturalnej","30":"pa_size-finishing-90x60-w-ramie-drewnianej-czarnej","31":"pa_size-finishing-120x80-standard","32":"pa_size-finishing-120x80-na-ptnie-woskim","33":"pa_size-finishing-120x80-premium-print","34":"pa_size-finishing-120x80-akustyczny","35":"pa_size-finishing-120x80-w-ramie-drewnianej-naturalnej","36":"pa_size-finishing-120x80-w-ramie-drewnianej-czarnej","38":"first","39":"instock","40":"purchasable","41":"product-type-variable","42":"has-default-attributes"},"aioseo_notices":[],"_links":{"self":[{"href":"https:\/\/interiorposter.com\/pl\/wp-json\/wp\/v2\/product\/296518","targetHints":{"allow":["GET"]}}],"collection":[{"href":"https:\/\/interiorposter.com\/pl\/wp-json\/wp\/v2\/product"}],"about":[{"href":"https:\/\/interiorposter.com\/pl\/wp-json\/wp\/v2\/types\/product"}],"replies":[{"embeddable":true,"href":"https:\/\/interiorposter.com\/pl\/wp-json\/wp\/v2\/comments?post=296518"}],"wp:featuredmedia":[{"embeddable":true,"href":"https:\/\/interiorposter.com\/pl\/wp-json\/wp\/v2\/media\/296520"}],"wp:attachment":[{"href":"https:\/\/interiorposter.com\/pl\/wp-json\/wp\/v2\/media?parent=296518"}],"wp:term":[{"taxonomy":"product_brand","embeddable":true,"href":"https:\/\/interiorposter.com\/pl\/wp-json\/wp\/v2\/product_brand?post=296518"},{"taxonomy":"product_cat","embeddable":true,"href":"https:\/\/interiorposter.com\/pl\/wp-json\/wp\/v2\/product_cat?post=296518"},{"taxonomy":"product_tag","embeddable":true,"href":"https:\/\/interiorposter.com\/pl\/wp-json\/wp\/v2\/product_tag?post=296518"}],"curies":[{"name":"wp","href":"https:\/\/api.w.org\/{rel}","templated":true}]}}