{"id":29307,"date":"2025-06-23T03:35:51","date_gmt":"2025-06-23T01:35:51","guid":{"rendered":"https:\/\/interiorposter.com\/?post_type=product&#038;p=29307"},"modified":"2026-03-19T01:31:24","modified_gmt":"2026-03-19T00:31:24","slug":"obraz-na-plotnie-jezioro-w-gorach","status":"publish","type":"product","link":"https:\/\/interiorposter.com\/pl\/product\/obraz-na-plotnie-jezioro-w-gorach\/","title":{"rendered":"G\u00f3rskie jezioro o wschodzie \u2013 obraz na p\u0142\u00f3tnie z odbiciem"},"content":{"rendered":"<p>Ten niezwyk\u0142y obraz na p\u0142\u00f3tnie \u0142\u0105czy w sobie pi\u0119kno g\u00f3rskiej natury i artystyczn\u0105 interpretacj\u0119 barw, kt\u00f3re nadaj\u0105 mu niemal surrealistyczny charakter. Po\u0142ow\u0119 kompozycji zajmuje jezioro o idealnie g\u0142adkiej tafli, przypominaj\u0105cej lustro. Na jego powierzchni niemal doskonale odbijaj\u0105 si\u0119 dwa pot\u0119\u017cne g\u0142azy, stoj\u0105ce niczym stra\u017cnicy po lewej i prawej stronie tafli. W oddali tafla wody przechodzi w pas zielonkawo-\u017c\u00f3\u0142tawej trawy, a jeszcze dalej majestatyczne ska\u0142y pokryte \u015bniegiem podkre\u015blaj\u0105 monumentalno\u015b\u0107 krajobrazu.<\/p>\n<p>Najbardziej niezwyk\u0142ym elementem jest niebo \u2013 u do\u0142u niebieska linia, a ponad ni\u0105 rozlane jasne, r\u00f3\u017cowo-fioletowe barwy, przypominaj\u0105ce zach\u00f3d lub wsch\u00f3d s\u0142o\u0144ca. Delikatne ob\u0142oki dope\u0142niaj\u0105 tej niezwyk\u0142ej scenerii. Ca\u0142o\u015b\u0107 ma charakter dzie\u0142a na pograniczu fotografii i grafiki, gdzie kolory zosta\u0142y \u015bwiadomie podkre\u015blone, by wzmocni\u0107 emocje i nada\u0107 pejza\u017cowi bajkowy nastr\u00f3j.<\/p>\n<p>Paleta barw \u0142\u0105czy naturalne odcienie ziemi, zieleni i \u015bniegu z nienaturalnie intensywnymi, pastelowo-r\u00f3\u017cowymi i fioletowymi tonami nieba, tworz\u0105c wyj\u0105tkowy kontrast. Dzi\u0119ki temu obraz staje si\u0119 idealn\u0105 dekoracj\u0105 nowoczesnego salonu, jadalni czy sypialni, wprowadzaj\u0105c atmosfer\u0119 spokoju, a zarazem energii. \u015awietnie sprawdzi si\u0119 r\u00f3wnie\u017c w biurze, gabinecie, hotelu lub pensjonacie, gdzie podkre\u015bli artystyczny charakter wn\u0119trza.<\/p>\n<p>To nie tylko krajobraz, ale tak\u017ce zaproszenie do refleksji \u2013 nad pi\u0119knem natury i si\u0142\u0105 wyobra\u017ani. Obraz g\u00f3rskiego jeziora w \u015bwietle wschodu lub zachodu b\u0119dzie niepowtarzalnym akcentem, kt\u00f3ry nada wn\u0119trzu dusz\u0119 i wyj\u0105tkowo\u015b\u0107.<\/p>\n","protected":false},"excerpt":{"rendered":"<p>Obraz na p\u0142\u00f3tnie z g\u00f3rskim jeziorem i r\u00f3\u017cowo-fioletowym niebem. Artystyczna dekoracja, kt\u00f3ra wniesie do wn\u0119trza spok\u00f3j i magi\u0119 natury.<\/p>\n","protected":false},"featured_media":64489,"comment_status":"open","ping_status":"closed","template":"","meta":[],"product_brand":[],"product_cat":[88,76,291,137,73,91,85,70],"product_tag":[701,188],"class_list":{"0":"post-29307","1":"product","2":"type-product","3":"status-publish","4":"has-post-thumbnail","6":"product_cat-biuro","7":"product_cat-hotel-pl","8":"product_cat-ilustracje","9":"product_cat-krajobrazy","10":"product_cat-przedpokoj","11":"product_cat-restauracja","12":"product_cat-salon","13":"product_cat-sypialnia","14":"product_tag-poziomy","15":"product_tag-wielokolorowy","17":"first","18":"instock","19":"taxable","20":"shipping-taxable","21":"purchasable","22":"product-type-variable","23":"has-default-attributes"},"aioseo_notices":[],"_links":{"self":[{"href":"https:\/\/interiorposter.com\/pl\/wp-json\/wp\/v2\/product\/29307","targetHints":{"allow":["GET"]}}],"collection":[{"href":"https:\/\/interiorposter.com\/pl\/wp-json\/wp\/v2\/product"}],"about":[{"href":"https:\/\/interiorposter.com\/pl\/wp-json\/wp\/v2\/types\/product"}],"replies":[{"embeddable":true,"href":"https:\/\/interiorposter.com\/pl\/wp-json\/wp\/v2\/comments?post=29307"}],"wp:featuredmedia":[{"embeddable":true,"href":"https:\/\/interiorposter.com\/pl\/wp-json\/wp\/v2\/media\/64489"}],"wp:attachment":[{"href":"https:\/\/interiorposter.com\/pl\/wp-json\/wp\/v2\/media?parent=29307"}],"wp:term":[{"taxonomy":"product_brand","embeddable":true,"href":"https:\/\/interiorposter.com\/pl\/wp-json\/wp\/v2\/product_brand?post=29307"},{"taxonomy":"product_cat","embeddable":true,"href":"https:\/\/interiorposter.com\/pl\/wp-json\/wp\/v2\/product_cat?post=29307"},{"taxonomy":"product_tag","embeddable":true,"href":"https:\/\/interiorposter.com\/pl\/wp-json\/wp\/v2\/product_tag?post=29307"}],"curies":[{"name":"wp","href":"https:\/\/api.w.org\/{rel}","templated":true}]}}