{"id":292653,"date":"2026-05-09T22:05:12","date_gmt":"2026-05-09T20:05:12","guid":{"rendered":"https:\/\/interiorposter.com\/?post_type=product&#038;p=292653"},"modified":"2026-05-09T22:05:14","modified_gmt":"2026-05-09T20:05:14","slug":"obraz-na-plotnie-gustav-klimt-drzewo-zycia-reprodukcja","status":"publish","type":"product","link":"https:\/\/interiorposter.com\/pl\/product\/obraz-na-plotnie-gustav-klimt-drzewo-zycia-reprodukcja\/","title":{"rendered":"Obraz na p\u0142\u00f3tnie Gustav Klimt Drzewo \u017cycia reprodukcja"},"content":{"rendered":"<p>Obraz drukowany na p\u0142\u00f3tnie przedstawia reprodukcj\u0119 dzie\u0142a Gustav Klimt Drzewo \u017cycia, pe\u0142n\u0105 dekoracyjnych spirali, rytmicznych linii i symbolicznej elegancji. Ciep\u0142e t\u0142o w odcieniach z\u0142ota i pomara\u0144czu pi\u0119knie \u0142\u0105czy si\u0119 z zieleni\u0105 geometrycznych li\u015bci oraz bia\u0142ymi kwiatami, tworz\u0105c kompozycj\u0119 przyci\u0105gaj\u0105c\u0105 wzrok i pe\u0142n\u0105 artystycznego uroku. To wyj\u0105tkowy obraz na \u015bcian\u0119 do salonu, sypialni, biura, hotelu lub przedpokoju, szczeg\u00f3lnie do wn\u0119trz klasycznych, glamour i artystycznych. Uk\u0142ad kolorystyczny jest wielokolorowy, z dominacj\u0105 z\u0142ota, pomara\u0144czu, zieleni i bieli.<\/p>\n","protected":false},"excerpt":{"rendered":"<p>Reprodukcja Gustav Klimt Drzewo \u017cycia drukowana na p\u0142\u00f3tnie. Dekoracyjny obraz do salonu, sypialni, biura lub hotelu.<\/p>\n","protected":false},"featured_media":292655,"comment_status":"closed","ping_status":"closed","template":"","meta":[],"product_brand":[],"product_cat":[88,101,76,291,299,73,125,85,70,209],"product_tag":[1302,696,279,706,188],"class_list":{"0":"post-292653","1":"product","2":"type-product","3":"status-publish","4":"has-post-thumbnail","6":"product_cat-biuro","7":"product_cat-glamour-pl","8":"product_cat-hotel-pl","9":"product_cat-ilustracje","10":"product_cat-malarskie","11":"product_cat-przedpokoj","12":"product_cat-rosliny-i-kwiaty","13":"product_cat-salon","14":"product_cat-sypialnia","15":"product_cat-sztuka-koncepcyjna","16":"product_tag-drzewo","17":"product_tag-nowoczesne-obrazy","18":"product_tag-pastelowe","19":"product_tag-pionowy","20":"product_tag-wielokolorowy","21":"pa_size-finishing-20x30-standard","22":"pa_size-finishing-20x30-na-ptnie-woskim","23":"pa_size-finishing-20x30-premium-print","24":"pa_size-finishing-20x30-akustyczny","25":"pa_size-finishing-40x60-standard","26":"pa_size-finishing-40x60-na-ptnie-woskim","27":"pa_size-finishing-40x60-premium-print","28":"pa_size-finishing-40x60-akustyczny","29":"pa_size-finishing-40x60-w-ramie-drewnianej-naturalnej","30":"pa_size-finishing-40x60-w-ramie-drewnianej-czarnej","31":"pa_size-finishing-60x90-standard","32":"pa_size-finishing-60x90-na-ptnie-woskim","33":"pa_size-finishing-60x90-premium-print","34":"pa_size-finishing-60x90-akustyczny","35":"pa_size-finishing-60x90-w-ramie-drewnianej-naturalnej","36":"pa_size-finishing-60x90-w-ramie-drewnianej-czarnej","37":"pa_size-finishing-80x120-standard","38":"pa_size-finishing-80x120-na-ptnie-woskim","39":"pa_size-finishing-80x120-premium-print","40":"pa_size-finishing-80x120-akustyczny","41":"pa_size-finishing-80x120-w-ramie-drewnianej-naturalnej","42":"pa_size-finishing-80x120-w-ramie-drewnianej-czarnej","44":"first","45":"instock","46":"purchasable","47":"product-type-variable","48":"has-default-attributes"},"aioseo_notices":[],"_links":{"self":[{"href":"https:\/\/interiorposter.com\/pl\/wp-json\/wp\/v2\/product\/292653","targetHints":{"allow":["GET"]}}],"collection":[{"href":"https:\/\/interiorposter.com\/pl\/wp-json\/wp\/v2\/product"}],"about":[{"href":"https:\/\/interiorposter.com\/pl\/wp-json\/wp\/v2\/types\/product"}],"replies":[{"embeddable":true,"href":"https:\/\/interiorposter.com\/pl\/wp-json\/wp\/v2\/comments?post=292653"}],"wp:featuredmedia":[{"embeddable":true,"href":"https:\/\/interiorposter.com\/pl\/wp-json\/wp\/v2\/media\/292655"}],"wp:attachment":[{"href":"https:\/\/interiorposter.com\/pl\/wp-json\/wp\/v2\/media?parent=292653"}],"wp:term":[{"taxonomy":"product_brand","embeddable":true,"href":"https:\/\/interiorposter.com\/pl\/wp-json\/wp\/v2\/product_brand?post=292653"},{"taxonomy":"product_cat","embeddable":true,"href":"https:\/\/interiorposter.com\/pl\/wp-json\/wp\/v2\/product_cat?post=292653"},{"taxonomy":"product_tag","embeddable":true,"href":"https:\/\/interiorposter.com\/pl\/wp-json\/wp\/v2\/product_tag?post=292653"}],"curies":[{"name":"wp","href":"https:\/\/api.w.org\/{rel}","templated":true}]}}