{"id":292017,"date":"2026-05-09T22:05:18","date_gmt":"2026-05-09T20:05:18","guid":{"rendered":"https:\/\/interiorposter.com\/?post_type=product&#038;p=292017"},"modified":"2026-05-09T22:05:21","modified_gmt":"2026-05-09T20:05:21","slug":"obraz-wieloczesciowy-drzewo-zycia-z-ornamentami","status":"publish","type":"product","link":"https:\/\/interiorposter.com\/pl\/product\/obraz-wieloczesciowy-drzewo-zycia-z-ornamentami\/","title":{"rendered":"Obraz wielocz\u0119\u015bciowy drzewo \u017cycia z ornamentami"},"content":{"rendered":"<p>Obraz wielocz\u0119\u015bciowy z drzewem \u017cycia i bogatymi ornamentami to dekoracja, kt\u00f3ra od razu nadaje wn\u0119trzu artystyczny charakter. Pi\u0119\u0107 cz\u0119\u015bci tworzy szerok\u0105, efektown\u0105 kompozycj\u0119 z fantazyjnymi spiralami, mozaikowymi detalami i subtelnym po\u0142yskiem, idealn\u0105 nad sof\u0119, \u0142\u00f3\u017cko lub komod\u0119. To pi\u0119kny obraz na p\u0142\u00f3tnie do salonu, sypialni, biura, hotelu, restauracji albo przedpokoju. \u015awietnie pasuje do aran\u017cacji nowoczesnych, glamour i abstrakcyjnych. Uk\u0142ad kolorystyczny jest wielokolorowy i szary, z akcentami z\u0142ota, czerwieni, zieleni, be\u017cu oraz fioletu.<\/p>\n","protected":false},"excerpt":{"rendered":"<p>Efektowny obraz wielocz\u0119\u015bciowy z drzewem \u017cycia, spiralami i ornamentami. Stylowa dekoracja do salonu, sypialni lub biura.<\/p>\n","protected":false},"featured_media":292019,"comment_status":"closed","ping_status":"closed","template":"","meta":[],"product_brand":[],"product_cat":[97,88,101,76,291,107,73,91,125,85,70],"product_tag":[1302,696,531,188],"class_list":{"0":"post-292017","1":"product","2":"type-product","3":"status-publish","4":"has-post-thumbnail","6":"product_cat-abstrakcja","7":"product_cat-biuro","8":"product_cat-glamour-pl","9":"product_cat-hotel-pl","10":"product_cat-ilustracje","11":"product_cat-nowoczesne","12":"product_cat-przedpokoj","13":"product_cat-restauracja","14":"product_cat-rosliny-i-kwiaty","15":"product_cat-salon","16":"product_cat-sypialnia","17":"product_tag-drzewo","18":"product_tag-nowoczesne-obrazy","19":"product_tag-obraz-wieloczesciowy","20":"product_tag-wielokolorowy","21":"pa_size-finishing-200x80-standard","22":"pa_size-finishing-200x80-na-ptnie-woskim","23":"pa_size-finishing-200x80-premium-print","24":"pa_size-finishing-200x80-akustyczny","25":"pa_size-finishing-225x90-standard","26":"pa_size-finishing-225x90-na-ptnie-woskim","27":"pa_size-finishing-225x90-premium-print","28":"pa_size-finishing-225x90-akustyczny","30":"first","31":"instock","32":"purchasable","33":"product-type-variable","34":"has-default-attributes"},"aioseo_notices":[],"_links":{"self":[{"href":"https:\/\/interiorposter.com\/pl\/wp-json\/wp\/v2\/product\/292017","targetHints":{"allow":["GET"]}}],"collection":[{"href":"https:\/\/interiorposter.com\/pl\/wp-json\/wp\/v2\/product"}],"about":[{"href":"https:\/\/interiorposter.com\/pl\/wp-json\/wp\/v2\/types\/product"}],"replies":[{"embeddable":true,"href":"https:\/\/interiorposter.com\/pl\/wp-json\/wp\/v2\/comments?post=292017"}],"wp:featuredmedia":[{"embeddable":true,"href":"https:\/\/interiorposter.com\/pl\/wp-json\/wp\/v2\/media\/292019"}],"wp:attachment":[{"href":"https:\/\/interiorposter.com\/pl\/wp-json\/wp\/v2\/media?parent=292017"}],"wp:term":[{"taxonomy":"product_brand","embeddable":true,"href":"https:\/\/interiorposter.com\/pl\/wp-json\/wp\/v2\/product_brand?post=292017"},{"taxonomy":"product_cat","embeddable":true,"href":"https:\/\/interiorposter.com\/pl\/wp-json\/wp\/v2\/product_cat?post=292017"},{"taxonomy":"product_tag","embeddable":true,"href":"https:\/\/interiorposter.com\/pl\/wp-json\/wp\/v2\/product_tag?post=292017"}],"curies":[{"name":"wp","href":"https:\/\/api.w.org\/{rel}","templated":true}]}}