{"id":291900,"date":"2026-05-09T22:05:26","date_gmt":"2026-05-09T20:05:26","guid":{"rendered":"https:\/\/interiorposter.com\/?post_type=product&#038;p=291900"},"modified":"2026-05-09T22:05:27","modified_gmt":"2026-05-09T20:05:27","slug":"obraz-wieloczesciowy-drzewo-zycia-w-zlotej-elegancji","status":"publish","type":"product","link":"https:\/\/interiorposter.com\/pl\/product\/obraz-wieloczesciowy-drzewo-zycia-w-zlotej-elegancji\/","title":{"rendered":"Obraz wielocz\u0119\u015bciowy drzewo \u017cycia w z\u0142otej elegancji"},"content":{"rendered":"<p>Obraz wielocz\u0119\u015bciowy z motywem drzewa \u017cycia zachwyca lekk\u0105, eleganck\u0105 kompozycj\u0105 i subtelnym blaskiem z\u0142otych detali. Pi\u0119\u0107 sp\u00f3jnych cz\u0119\u015bci tworzy efektown\u0105 dekoracj\u0119 \u015bcienn\u0105, kt\u00f3ra pi\u0119knie podkre\u015bla charakter wn\u0119trza i wnosi do niego harmoni\u0119 oraz wyj\u0105tkowy styl. Delikatne ga\u0142\u0119zie, ozdobne ornamenty i mi\u0119kkie linie nadaj\u0105 ca\u0142o\u015bci dekoracyjny, a zarazem nowoczesny wygl\u0105d. To doskona\u0142y obraz do salonu, sypialni, biura, hotelu lub przedpokoju, szczeg\u00f3lnie do aran\u017cacji glamour, nowoczesnych i artystycznych. Uk\u0142ad kolorystyczny jest jasny i wielokolorowy, z akcentami z\u0142ota, be\u017cu, bieli, pudrowego r\u00f3\u017cu i fioletu.<\/p>\n","protected":false},"excerpt":{"rendered":"<p>Elegancki obraz wielocz\u0119\u015bciowy z drzewem \u017cycia i z\u0142otymi detalami. Stylowa dekoracja do salonu, sypialni, biura lub hotelu.<\/p>\n","protected":false},"featured_media":291902,"comment_status":"closed","ping_status":"closed","template":"","meta":[],"product_brand":[],"product_cat":[97,88,101,76,291,107,73,125,85,70],"product_tag":[1302,276,696,531,279,188],"class_list":{"0":"post-291900","1":"product","2":"type-product","3":"status-publish","4":"has-post-thumbnail","6":"product_cat-abstrakcja","7":"product_cat-biuro","8":"product_cat-glamour-pl","9":"product_cat-hotel-pl","10":"product_cat-ilustracje","11":"product_cat-nowoczesne","12":"product_cat-przedpokoj","13":"product_cat-rosliny-i-kwiaty","14":"product_cat-salon","15":"product_cat-sypialnia","16":"product_tag-drzewo","17":"product_tag-jasne","18":"product_tag-nowoczesne-obrazy","19":"product_tag-obraz-wieloczesciowy","20":"product_tag-pastelowe","21":"product_tag-wielokolorowy","22":"pa_size-finishing-200x80-standard","23":"pa_size-finishing-200x80-na-ptnie-woskim","24":"pa_size-finishing-200x80-premium-print","25":"pa_size-finishing-200x80-akustyczny","26":"pa_size-finishing-225x90-standard","27":"pa_size-finishing-225x90-na-ptnie-woskim","28":"pa_size-finishing-225x90-premium-print","29":"pa_size-finishing-225x90-akustyczny","31":"first","32":"instock","33":"purchasable","34":"product-type-variable","35":"has-default-attributes"},"aioseo_notices":[],"_links":{"self":[{"href":"https:\/\/interiorposter.com\/pl\/wp-json\/wp\/v2\/product\/291900","targetHints":{"allow":["GET"]}}],"collection":[{"href":"https:\/\/interiorposter.com\/pl\/wp-json\/wp\/v2\/product"}],"about":[{"href":"https:\/\/interiorposter.com\/pl\/wp-json\/wp\/v2\/types\/product"}],"replies":[{"embeddable":true,"href":"https:\/\/interiorposter.com\/pl\/wp-json\/wp\/v2\/comments?post=291900"}],"wp:featuredmedia":[{"embeddable":true,"href":"https:\/\/interiorposter.com\/pl\/wp-json\/wp\/v2\/media\/291902"}],"wp:attachment":[{"href":"https:\/\/interiorposter.com\/pl\/wp-json\/wp\/v2\/media?parent=291900"}],"wp:term":[{"taxonomy":"product_brand","embeddable":true,"href":"https:\/\/interiorposter.com\/pl\/wp-json\/wp\/v2\/product_brand?post=291900"},{"taxonomy":"product_cat","embeddable":true,"href":"https:\/\/interiorposter.com\/pl\/wp-json\/wp\/v2\/product_cat?post=291900"},{"taxonomy":"product_tag","embeddable":true,"href":"https:\/\/interiorposter.com\/pl\/wp-json\/wp\/v2\/product_tag?post=291900"}],"curies":[{"name":"wp","href":"https:\/\/api.w.org\/{rel}","templated":true}]}}