{"id":291697,"date":"2026-05-09T22:05:32","date_gmt":"2026-05-09T20:05:32","guid":{"rendered":"https:\/\/interiorposter.com\/?post_type=product&#038;p=291697"},"modified":"2026-05-09T22:05:34","modified_gmt":"2026-05-09T20:05:34","slug":"obraz-na-plotnie-zlote-drzewo-zycia-glamour","status":"publish","type":"product","link":"https:\/\/interiorposter.com\/pl\/product\/obraz-na-plotnie-zlote-drzewo-zycia-glamour\/","title":{"rendered":"Obraz na p\u0142\u00f3tnie z\u0142ote drzewo \u017cycia glamour"},"content":{"rendered":"<p>Obraz na p\u0142\u00f3tnie ze z\u0142otym drzewem \u017cycia zachwyca bogactwem detali, dekoracyjnymi spiralami i subtelnym blaskiem. Kompozycja \u0142\u0105czy artystyczn\u0105 fantazj\u0119 z elegancj\u0105, dzi\u0119ki czemu pi\u0119knie podkre\u015bli charakter salonu, sypialni, biura, hotelu, restauracji lub reprezentacyjnego przedpokoju. To efektowny obraz na \u015bcian\u0119 do wn\u0119trz nowoczesnych, glamour i artystycznych, kt\u00f3re potrzebuj\u0105 wyrazistego akcentu. Uk\u0142ad kolorystyczny jest wielokolorowy i ciemny, z mocnymi akcentami z\u0142ota, szaro\u015bci, zieleni, r\u00f3\u017cu oraz pomara\u0144czu.<\/p>\n","protected":false},"excerpt":{"rendered":"<p>Dekoracyjny obraz na p\u0142\u00f3tnie ze z\u0142otym drzewem \u017cycia, spiralami i subtelnym blaskiem. Elegancka ozdoba do salonu, sypialni lub biura.<\/p>\n","protected":false},"featured_media":291699,"comment_status":"closed","ping_status":"closed","template":"","meta":[],"product_brand":[],"product_cat":[97,88,101,76,291,107,73,91,125,85,70],"product_tag":[1302,696,701,188],"class_list":{"0":"post-291697","1":"product","2":"type-product","3":"status-publish","4":"has-post-thumbnail","6":"product_cat-abstrakcja","7":"product_cat-biuro","8":"product_cat-glamour-pl","9":"product_cat-hotel-pl","10":"product_cat-ilustracje","11":"product_cat-nowoczesne","12":"product_cat-przedpokoj","13":"product_cat-restauracja","14":"product_cat-rosliny-i-kwiaty","15":"product_cat-salon","16":"product_cat-sypialnia","17":"product_tag-drzewo","18":"product_tag-nowoczesne-obrazy","19":"product_tag-poziomy","20":"product_tag-wielokolorowy","21":"pa_size-finishing-30x20-standard","22":"pa_size-finishing-30x20-na-ptnie-woskim","23":"pa_size-finishing-30x20-premium-print","24":"pa_size-finishing-30x20-akustyczny","25":"pa_size-finishing-60x40-standard","26":"pa_size-finishing-60x40-na-ptnie-woskim","27":"pa_size-finishing-60x40-premium-print","28":"pa_size-finishing-60x40-akustyczny","29":"pa_size-finishing-60x40-w-ramie-drewnianej-naturalnej","30":"pa_size-finishing-60x40-w-ramie-drewnianej-czarnej","31":"pa_size-finishing-90x60-standard","32":"pa_size-finishing-90x60-na-ptnie-woskim","33":"pa_size-finishing-90x60-premium-print","34":"pa_size-finishing-90x60-akustyczny","35":"pa_size-finishing-90x60-w-ramie-drewnianej-naturalnej","36":"pa_size-finishing-90x60-w-ramie-drewnianej-czarnej","37":"pa_size-finishing-120x80-standard","38":"pa_size-finishing-120x80-na-ptnie-woskim","39":"pa_size-finishing-120x80-premium-print","40":"pa_size-finishing-120x80-akustyczny","41":"pa_size-finishing-120x80-w-ramie-drewnianej-naturalnej","42":"pa_size-finishing-120x80-w-ramie-drewnianej-czarnej","44":"first","45":"instock","46":"purchasable","47":"product-type-variable","48":"has-default-attributes"},"aioseo_notices":[],"_links":{"self":[{"href":"https:\/\/interiorposter.com\/pl\/wp-json\/wp\/v2\/product\/291697","targetHints":{"allow":["GET"]}}],"collection":[{"href":"https:\/\/interiorposter.com\/pl\/wp-json\/wp\/v2\/product"}],"about":[{"href":"https:\/\/interiorposter.com\/pl\/wp-json\/wp\/v2\/types\/product"}],"replies":[{"embeddable":true,"href":"https:\/\/interiorposter.com\/pl\/wp-json\/wp\/v2\/comments?post=291697"}],"wp:featuredmedia":[{"embeddable":true,"href":"https:\/\/interiorposter.com\/pl\/wp-json\/wp\/v2\/media\/291699"}],"wp:attachment":[{"href":"https:\/\/interiorposter.com\/pl\/wp-json\/wp\/v2\/media?parent=291697"}],"wp:term":[{"taxonomy":"product_brand","embeddable":true,"href":"https:\/\/interiorposter.com\/pl\/wp-json\/wp\/v2\/product_brand?post=291697"},{"taxonomy":"product_cat","embeddable":true,"href":"https:\/\/interiorposter.com\/pl\/wp-json\/wp\/v2\/product_cat?post=291697"},{"taxonomy":"product_tag","embeddable":true,"href":"https:\/\/interiorposter.com\/pl\/wp-json\/wp\/v2\/product_tag?post=291697"}],"curies":[{"name":"wp","href":"https:\/\/api.w.org\/{rel}","templated":true}]}}