{"id":291482,"date":"2026-05-09T22:05:36","date_gmt":"2026-05-09T20:05:36","guid":{"rendered":"https:\/\/interiorposter.com\/?post_type=product&#038;p=291482"},"modified":"2026-05-09T22:05:38","modified_gmt":"2026-05-09T20:05:38","slug":"szeroki-obraz-na-plotnie-fantazyjne-drzewo-marzen","status":"publish","type":"product","link":"https:\/\/interiorposter.com\/pl\/product\/szeroki-obraz-na-plotnie-fantazyjne-drzewo-marzen\/","title":{"rendered":"Szeroki obraz na p\u0142\u00f3tnie Fantazyjne drzewo marze\u0144"},"content":{"rendered":"<p>Szeroki obraz na p\u0142\u00f3tnie z fantazyjnym drzewem o dekoracyjnych, wij\u0105cych si\u0119 ga\u0142\u0119ziach zachwyca ba\u015bniowym klimatem i bogactwem detali. Kompozycja \u0142\u0105czy subtelne be\u017ce, zgaszone zielenie, ciep\u0142e br\u0105zy, z\u0142ote akcenty i delikatne kwiatowe motywy, tworz\u0105c jasny, artystyczny uk\u0142ad kolorystyczny z eleganckim wyko\u0144czeniem. Ten obraz do salonu doskonale sprawdzi si\u0119 tak\u017ce w sypialni, hotelu, restauracji lub biurze, gdzie pi\u0119knie podkre\u015bli charakter wn\u0119trza i doda mu wyj\u0105tkowej atmosfery. To efektowna grafika na \u015bcianie dla os\u00f3b, kt\u00f3re kochaj\u0105 nietypowe obrazy do salonu, dekoracyjne formy i sztuk\u0119 pe\u0142n\u0105 wyobra\u017ani.<\/p>\n","protected":false},"excerpt":{"rendered":"<p>Szeroki obraz na p\u0142\u00f3tnie z fantazyjnym drzewem w be\u017cach, zieleniach i z\u0142otych akcentach wnosi do wn\u0119trza elegancj\u0119, lekko\u015b\u0107 i artystyczny klimat.<\/p>\n","protected":false},"featured_media":291484,"comment_status":"closed","ping_status":"closed","template":"","meta":[],"product_brand":[],"product_cat":[88,101,76,291,299,107,73,91,125,85,70,209],"product_tag":[1302,696,701,188],"class_list":{"0":"post-291482","1":"product","2":"type-product","3":"status-publish","4":"has-post-thumbnail","6":"product_cat-biuro","7":"product_cat-glamour-pl","8":"product_cat-hotel-pl","9":"product_cat-ilustracje","10":"product_cat-malarskie","11":"product_cat-nowoczesne","12":"product_cat-przedpokoj","13":"product_cat-restauracja","14":"product_cat-rosliny-i-kwiaty","15":"product_cat-salon","16":"product_cat-sypialnia","17":"product_cat-sztuka-koncepcyjna","18":"product_tag-drzewo","19":"product_tag-nowoczesne-obrazy","20":"product_tag-poziomy","21":"product_tag-wielokolorowy","22":"pa_size-finishing-90x30-w-ramie-drewnianej-naturalnej","23":"pa_size-finishing-90x30-w-ramie-drewnianej-czarnej","24":"pa_size-finishing-120x40-standard","25":"pa_size-finishing-120x40-na-ptnie-woskim","26":"pa_size-finishing-120x40-premium-print","27":"pa_size-finishing-120x40-akustyczny","28":"pa_size-finishing-120x40-w-ramie-drewnianej-naturalnej","29":"pa_size-finishing-120x40-w-ramie-drewnianej-czarnej","30":"pa_size-finishing-135x45-standard","31":"pa_size-finishing-135x45-na-ptnie-woskim","32":"pa_size-finishing-135x45-premium-print","33":"pa_size-finishing-135x45-akustyczny","34":"pa_size-finishing-150x50-standard","35":"pa_size-finishing-150x50-na-ptnie-woskim","36":"pa_size-finishing-150x50-premium-print","37":"pa_size-finishing-150x50-akustyczny","38":"pa_size-finishing-150x50-w-ramie-drewnianej-naturalnej","39":"pa_size-finishing-150x50-w-ramie-drewnianej-czarnej","41":"first","42":"instock","43":"purchasable","44":"product-type-variable","45":"has-default-attributes"},"aioseo_notices":[],"_links":{"self":[{"href":"https:\/\/interiorposter.com\/pl\/wp-json\/wp\/v2\/product\/291482","targetHints":{"allow":["GET"]}}],"collection":[{"href":"https:\/\/interiorposter.com\/pl\/wp-json\/wp\/v2\/product"}],"about":[{"href":"https:\/\/interiorposter.com\/pl\/wp-json\/wp\/v2\/types\/product"}],"replies":[{"embeddable":true,"href":"https:\/\/interiorposter.com\/pl\/wp-json\/wp\/v2\/comments?post=291482"}],"wp:featuredmedia":[{"embeddable":true,"href":"https:\/\/interiorposter.com\/pl\/wp-json\/wp\/v2\/media\/291484"}],"wp:attachment":[{"href":"https:\/\/interiorposter.com\/pl\/wp-json\/wp\/v2\/media?parent=291482"}],"wp:term":[{"taxonomy":"product_brand","embeddable":true,"href":"https:\/\/interiorposter.com\/pl\/wp-json\/wp\/v2\/product_brand?post=291482"},{"taxonomy":"product_cat","embeddable":true,"href":"https:\/\/interiorposter.com\/pl\/wp-json\/wp\/v2\/product_cat?post=291482"},{"taxonomy":"product_tag","embeddable":true,"href":"https:\/\/interiorposter.com\/pl\/wp-json\/wp\/v2\/product_tag?post=291482"}],"curies":[{"name":"wp","href":"https:\/\/api.w.org\/{rel}","templated":true}]}}