{"id":291365,"date":"2026-05-09T22:05:39","date_gmt":"2026-05-09T20:05:39","guid":{"rendered":"https:\/\/interiorposter.com\/?post_type=product&#038;p=291365"},"modified":"2026-05-09T22:05:41","modified_gmt":"2026-05-09T20:05:41","slug":"obraz-wieloczesciowy-drzewo-zycia-w-artystycznej-odslonie","status":"publish","type":"product","link":"https:\/\/interiorposter.com\/pl\/product\/obraz-wieloczesciowy-drzewo-zycia-w-artystycznej-odslonie\/","title":{"rendered":"Obraz wielocz\u0119\u015bciowy drzewo \u017cycia w artystycznej ods\u0142onie"},"content":{"rendered":"<p>Obraz wielocz\u0119\u015bciowy z motywem drzewa \u017cycia zachwyca dekoracyjn\u0105 form\u0105, bogactwem detali i wyj\u0105tkow\u0105 kompozycj\u0105, kt\u00f3ra pi\u0119knie wype\u0142nia wi\u0119ksz\u0105 \u015bcian\u0119. Pi\u0119\u0107 sp\u00f3jnych cz\u0119\u015bci tworzy efektown\u0105 ca\u0142o\u015b\u0107, przyci\u0105gaj\u0105c wzrok misternymi ornamentami, spiralami i subteln\u0105 gr\u0105 faktur. To doskona\u0142y wyb\u00f3r do salonu, sypialni, biura, hotelu, restauracji lub eleganckiego przedpokoju. Obraz na p\u0142\u00f3tnie \u015bwietnie pasuje do wn\u0119trz nowoczesnych, artystycznych i glamour, dodaj\u0105c im stylu, harmonii i wyrazistego charakteru. Uk\u0142ad kolorystyczny jest wielokolorowy i szary, z akcentami be\u017cu, z\u0142ota, czerwieni, pomara\u0144czu oraz delikatnego r\u00f3\u017cu.<\/p>\n","protected":false},"excerpt":{"rendered":"<p>Efektowny obraz wielocz\u0119\u015bciowy z drzewem \u017cycia i bogatymi detalami. Stylowa dekoracja do salonu, sypialni, biura lub hotelu.<\/p>\n","protected":false},"featured_media":291367,"comment_status":"closed","ping_status":"closed","template":"","meta":[],"product_brand":[],"product_cat":[97,88,101,76,291,107,73,91,125,85,70],"product_tag":[1302,696,531,182,188],"class_list":{"0":"post-291365","1":"product","2":"type-product","3":"status-publish","4":"has-post-thumbnail","6":"product_cat-abstrakcja","7":"product_cat-biuro","8":"product_cat-glamour-pl","9":"product_cat-hotel-pl","10":"product_cat-ilustracje","11":"product_cat-nowoczesne","12":"product_cat-przedpokoj","13":"product_cat-restauracja","14":"product_cat-rosliny-i-kwiaty","15":"product_cat-salon","16":"product_cat-sypialnia","17":"product_tag-drzewo","18":"product_tag-nowoczesne-obrazy","19":"product_tag-obraz-wieloczesciowy","20":"product_tag-szary","21":"product_tag-wielokolorowy","22":"pa_size-finishing-100x50-standard","23":"pa_size-finishing-100x50-na-ptnie-woskim","24":"pa_size-finishing-100x50-premium-print","25":"pa_size-finishing-100x50-akustyczny","26":"pa_size-finishing-200x100-standard","27":"pa_size-finishing-200x100-na-ptnie-woskim","28":"pa_size-finishing-200x100-premium-print","29":"pa_size-finishing-200x100-akustyczny","31":"first","32":"instock","33":"purchasable","34":"product-type-variable","35":"has-default-attributes"},"aioseo_notices":[],"_links":{"self":[{"href":"https:\/\/interiorposter.com\/pl\/wp-json\/wp\/v2\/product\/291365","targetHints":{"allow":["GET"]}}],"collection":[{"href":"https:\/\/interiorposter.com\/pl\/wp-json\/wp\/v2\/product"}],"about":[{"href":"https:\/\/interiorposter.com\/pl\/wp-json\/wp\/v2\/types\/product"}],"replies":[{"embeddable":true,"href":"https:\/\/interiorposter.com\/pl\/wp-json\/wp\/v2\/comments?post=291365"}],"wp:featuredmedia":[{"embeddable":true,"href":"https:\/\/interiorposter.com\/pl\/wp-json\/wp\/v2\/media\/291367"}],"wp:attachment":[{"href":"https:\/\/interiorposter.com\/pl\/wp-json\/wp\/v2\/media?parent=291365"}],"wp:term":[{"taxonomy":"product_brand","embeddable":true,"href":"https:\/\/interiorposter.com\/pl\/wp-json\/wp\/v2\/product_brand?post=291365"},{"taxonomy":"product_cat","embeddable":true,"href":"https:\/\/interiorposter.com\/pl\/wp-json\/wp\/v2\/product_cat?post=291365"},{"taxonomy":"product_tag","embeddable":true,"href":"https:\/\/interiorposter.com\/pl\/wp-json\/wp\/v2\/product_tag?post=291365"}],"curies":[{"name":"wp","href":"https:\/\/api.w.org\/{rel}","templated":true}]}}