{"id":290691,"date":"2026-03-22T00:12:48","date_gmt":"2026-03-21T23:12:48","guid":{"rendered":"https:\/\/interiorposter.com\/?post_type=product&#038;p=290691"},"modified":"2026-03-27T23:43:14","modified_gmt":"2026-03-27T22:43:14","slug":"obraz-na-plotnie-pocalunek-czerni-i-bieli","status":"publish","type":"product","link":"https:\/\/interiorposter.com\/pl\/product\/obraz-na-plotnie-pocalunek-czerni-i-bieli\/","title":{"rendered":"Obraz na p\u0142\u00f3tnie Poca\u0142unek czerni i bieli"},"content":{"rendered":"<p>Zmys\u0142owy obraz na p\u0142\u00f3tnie ukazuj\u0105cy spotkanie dw\u00f3ch postaci w niezwykle artystycznej, p\u0142ynnej kompozycji zachwyca elegancj\u0105 i nowoczesnym wyrazem. Kontrast g\u0142\u0119bokiej czerni, czystej bieli i subtelnych szaro\u015bci tworzy efektowny, monochromatyczny uk\u0142ad kolorystyczny, kt\u00f3ry doskonale odnajduje si\u0119 w stylowych wn\u0119trzach. Ten obraz do salonu b\u0119dzie pi\u0119kn\u0105 ozdob\u0105 tak\u017ce sypialni, hotelu, biura lub restauracji, wprowadzaj\u0105c do przestrzeni emocje, klas\u0119 i wyrafinowany klimat. To wyj\u0105tkowa grafika na \u015bcianie dla os\u00f3b, kt\u00f3re ceni\u0105 nowoczesne obrazy do salonu, odwa\u017cn\u0105 estetyk\u0119 i dekoracje o silnym, zmys\u0142owym charakterze.<\/p>\n","protected":false},"excerpt":{"rendered":"<p>Obraz na p\u0142\u00f3tnie z subtelnym motywem dw\u00f3ch postaci w czerni i bieli to elegancka dekoracja do salonu, sypialni lub biura o nowoczesnym charakterze.<\/p>\n","protected":false},"featured_media":290693,"comment_status":"closed","ping_status":"closed","template":"","meta":[],"product_brand":[],"product_cat":[97,88,101,76,305,107,73,91,85,70,209],"product_tag":[273,276,696,701,182],"class_list":{"0":"post-290691","1":"product","2":"type-product","3":"status-publish","4":"has-post-thumbnail","6":"product_cat-abstrakcja","7":"product_cat-biuro","8":"product_cat-glamour-pl","9":"product_cat-hotel-pl","10":"product_cat-ludzie","11":"product_cat-nowoczesne","12":"product_cat-przedpokoj","13":"product_cat-restauracja","14":"product_cat-salon","15":"product_cat-sypialnia","16":"product_cat-sztuka-koncepcyjna","17":"product_tag-dark-pl","18":"product_tag-jasne","19":"product_tag-nowoczesne-obrazy","20":"product_tag-poziomy","21":"product_tag-szary","22":"pa_size-finishing-30x20-standard","23":"pa_size-finishing-30x20-na-ptnie-woskim","24":"pa_size-finishing-30x20-premium-print","25":"pa_size-finishing-30x20-akustyczny","26":"pa_size-finishing-60x40-standard","27":"pa_size-finishing-60x40-na-ptnie-woskim","28":"pa_size-finishing-60x40-premium-print","29":"pa_size-finishing-60x40-akustyczny","30":"pa_size-finishing-60x40-w-ramie-drewnianej-naturalnej","31":"pa_size-finishing-60x40-w-ramie-drewnianej-czarnej","32":"pa_size-finishing-90x60-standard","33":"pa_size-finishing-90x60-na-ptnie-woskim","34":"pa_size-finishing-90x60-premium-print","35":"pa_size-finishing-90x60-akustyczny","36":"pa_size-finishing-90x60-w-ramie-drewnianej-naturalnej","37":"pa_size-finishing-90x60-w-ramie-drewnianej-czarnej","38":"pa_size-finishing-120x80-standard","39":"pa_size-finishing-120x80-na-ptnie-woskim","40":"pa_size-finishing-120x80-premium-print","41":"pa_size-finishing-120x80-akustyczny","42":"pa_size-finishing-120x80-w-ramie-drewnianej-naturalnej","43":"pa_size-finishing-120x80-w-ramie-drewnianej-czarnej","45":"first","46":"instock","47":"purchasable","48":"product-type-variable","49":"has-default-attributes"},"aioseo_notices":[],"_links":{"self":[{"href":"https:\/\/interiorposter.com\/pl\/wp-json\/wp\/v2\/product\/290691","targetHints":{"allow":["GET"]}}],"collection":[{"href":"https:\/\/interiorposter.com\/pl\/wp-json\/wp\/v2\/product"}],"about":[{"href":"https:\/\/interiorposter.com\/pl\/wp-json\/wp\/v2\/types\/product"}],"replies":[{"embeddable":true,"href":"https:\/\/interiorposter.com\/pl\/wp-json\/wp\/v2\/comments?post=290691"}],"wp:featuredmedia":[{"embeddable":true,"href":"https:\/\/interiorposter.com\/pl\/wp-json\/wp\/v2\/media\/290693"}],"wp:attachment":[{"href":"https:\/\/interiorposter.com\/pl\/wp-json\/wp\/v2\/media?parent=290691"}],"wp:term":[{"taxonomy":"product_brand","embeddable":true,"href":"https:\/\/interiorposter.com\/pl\/wp-json\/wp\/v2\/product_brand?post=290691"},{"taxonomy":"product_cat","embeddable":true,"href":"https:\/\/interiorposter.com\/pl\/wp-json\/wp\/v2\/product_cat?post=290691"},{"taxonomy":"product_tag","embeddable":true,"href":"https:\/\/interiorposter.com\/pl\/wp-json\/wp\/v2\/product_tag?post=290691"}],"curies":[{"name":"wp","href":"https:\/\/api.w.org\/{rel}","templated":true}]}}