{"id":290277,"date":"2026-03-22T00:04:08","date_gmt":"2026-03-21T23:04:08","guid":{"rendered":"https:\/\/interiorposter.com\/?post_type=product&#038;p=290277"},"modified":"2026-03-27T23:37:37","modified_gmt":"2026-03-27T22:37:37","slug":"obraz-na-plotnie-zmyslowe-spotkanie-przeciwienstw","status":"publish","type":"product","link":"https:\/\/interiorposter.com\/pl\/product\/obraz-na-plotnie-zmyslowe-spotkanie-przeciwienstw\/","title":{"rendered":"Obraz na p\u0142\u00f3tnie Zmys\u0142owe spotkanie przeciwie\u0144stw"},"content":{"rendered":"<p>Wyrazisty obraz na p\u0142\u00f3tnie przedstawiaj\u0105cy kobiec\u0105 i m\u0119sk\u0105 twarz w artystycznej, dynamicznej kompozycji przyci\u0105ga uwag\u0119 nowoczesn\u0105 form\u0105 i silnym przekazem. Zestawienie bieli, czerni i ch\u0142odnych szaro\u015bci tworzy kontrastowy, elegancki uk\u0142ad kolorystyczny, kt\u00f3ry doskonale podkre\u015bla charakter wn\u0119trza. Ten obraz do salonu \u015bwietnie odnajdzie si\u0119 r\u00f3wnie\u017c w sypialni, biurze, hotelu lub restauracji, nadaj\u0105c przestrzeni wyj\u0105tkowy klimat i designerski akcent. To efektowna grafika na \u015bcianie dla os\u00f3b, kt\u00f3re ceni\u0105 nowoczesne obrazy do salonu, emocje zapisane w sztuce i dekoracje z mocnym wizualnym wyrazem.<\/p>\n","protected":false},"excerpt":{"rendered":"<p>Nowoczesny obraz na p\u0142\u00f3tnie z kobiec\u0105 i m\u0119sk\u0105 twarz\u0105 w kontrastowej czerni i bieli to elegancka dekoracja do salonu, sypialni lub biura.<\/p>\n","protected":false},"featured_media":290279,"comment_status":"closed","ping_status":"closed","template":"","meta":[],"product_brand":[],"product_cat":[97,88,76,291,305,107,73,91,85,70,209],"product_tag":[273,276,696,701,182],"class_list":{"0":"post-290277","1":"product","2":"type-product","3":"status-publish","4":"has-post-thumbnail","6":"product_cat-abstrakcja","7":"product_cat-biuro","8":"product_cat-hotel-pl","9":"product_cat-ilustracje","10":"product_cat-ludzie","11":"product_cat-nowoczesne","12":"product_cat-przedpokoj","13":"product_cat-restauracja","14":"product_cat-salon","15":"product_cat-sypialnia","16":"product_cat-sztuka-koncepcyjna","17":"product_tag-dark-pl","18":"product_tag-jasne","19":"product_tag-nowoczesne-obrazy","20":"product_tag-poziomy","21":"product_tag-szary","22":"pa_size-finishing-30x20-standard","23":"pa_size-finishing-30x20-na-ptnie-woskim","24":"pa_size-finishing-30x20-premium-print","25":"pa_size-finishing-30x20-akustyczny","26":"pa_size-finishing-60x40-standard","27":"pa_size-finishing-60x40-na-ptnie-woskim","28":"pa_size-finishing-60x40-premium-print","29":"pa_size-finishing-60x40-akustyczny","30":"pa_size-finishing-60x40-w-ramie-drewnianej-naturalnej","31":"pa_size-finishing-60x40-w-ramie-drewnianej-czarnej","32":"pa_size-finishing-90x60-standard","33":"pa_size-finishing-90x60-na-ptnie-woskim","34":"pa_size-finishing-90x60-premium-print","35":"pa_size-finishing-90x60-akustyczny","36":"pa_size-finishing-90x60-w-ramie-drewnianej-naturalnej","37":"pa_size-finishing-90x60-w-ramie-drewnianej-czarnej","38":"pa_size-finishing-120x80-standard","39":"pa_size-finishing-120x80-na-ptnie-woskim","40":"pa_size-finishing-120x80-premium-print","41":"pa_size-finishing-120x80-akustyczny","42":"pa_size-finishing-120x80-w-ramie-drewnianej-naturalnej","43":"pa_size-finishing-120x80-w-ramie-drewnianej-czarnej","45":"first","46":"instock","47":"purchasable","48":"product-type-variable","49":"has-default-attributes"},"aioseo_notices":[],"_links":{"self":[{"href":"https:\/\/interiorposter.com\/pl\/wp-json\/wp\/v2\/product\/290277","targetHints":{"allow":["GET"]}}],"collection":[{"href":"https:\/\/interiorposter.com\/pl\/wp-json\/wp\/v2\/product"}],"about":[{"href":"https:\/\/interiorposter.com\/pl\/wp-json\/wp\/v2\/types\/product"}],"replies":[{"embeddable":true,"href":"https:\/\/interiorposter.com\/pl\/wp-json\/wp\/v2\/comments?post=290277"}],"wp:featuredmedia":[{"embeddable":true,"href":"https:\/\/interiorposter.com\/pl\/wp-json\/wp\/v2\/media\/290279"}],"wp:attachment":[{"href":"https:\/\/interiorposter.com\/pl\/wp-json\/wp\/v2\/media?parent=290277"}],"wp:term":[{"taxonomy":"product_brand","embeddable":true,"href":"https:\/\/interiorposter.com\/pl\/wp-json\/wp\/v2\/product_brand?post=290277"},{"taxonomy":"product_cat","embeddable":true,"href":"https:\/\/interiorposter.com\/pl\/wp-json\/wp\/v2\/product_cat?post=290277"},{"taxonomy":"product_tag","embeddable":true,"href":"https:\/\/interiorposter.com\/pl\/wp-json\/wp\/v2\/product_tag?post=290277"}],"curies":[{"name":"wp","href":"https:\/\/api.w.org\/{rel}","templated":true}]}}