{"id":289222,"date":"2026-03-21T23:41:37","date_gmt":"2026-03-21T22:41:37","guid":{"rendered":"https:\/\/interiorposter.com\/?post_type=product&#038;p=289222"},"modified":"2026-03-27T22:45:42","modified_gmt":"2026-03-27T21:45:42","slug":"obraz-na-plotnie-minimalistyczna-kobieta-line-art","status":"publish","type":"product","link":"https:\/\/interiorposter.com\/pl\/product\/obraz-na-plotnie-minimalistyczna-kobieta-line-art\/","title":{"rendered":"Obraz na p\u0142\u00f3tnie Minimalistyczna kobieta line art"},"content":{"rendered":"<p>Subtelny obraz na p\u0142\u00f3tnie przedstawiaj\u0105cy kobiec\u0105 sylwetk\u0119 w stylistyce line art to elegancka dekoracja, kt\u00f3ra wnosi do wn\u0119trza spok\u00f3j, lekko\u015b\u0107 i artystyczny wyraz. Delikatne linie po\u0142\u0105czone z mi\u0119kkimi be\u017cowymi i szarymi plamami tworz\u0105 jasny, stonowany uk\u0142ad kolorystyczny idealny do nowoczesnych i minimalistycznych aran\u017cacji. Ten obraz do salonu doskonale sprawdzi si\u0119 tak\u017ce w sypialni, przedpokoju, biurze lub hotelu, podkre\u015blaj\u0105c estetyk\u0119 przestrzeni bez przyt\u0142aczania wn\u0119trza. To stylowa grafika na \u015bcianie dla os\u00f3b, kt\u00f3re ceni\u0105 harmoni\u0119, prostot\u0119 i ponadczasowe pi\u0119kno.<\/p>\n","protected":false},"excerpt":{"rendered":"<p>Minimalistyczny obraz na p\u0142\u00f3tnie z kobiec\u0105 sylwetk\u0105 line art w be\u017cach i szaro\u015bciach doda wn\u0119trzu lekko\u015bci, elegancji i nowoczesnego charakteru.<\/p>\n","protected":false},"featured_media":289224,"comment_status":"closed","ping_status":"closed","template":"","meta":[],"product_brand":[],"product_cat":[88,76,291,305,104,107,73,85,113,70,209],"product_tag":[276,696,279,706],"class_list":{"0":"post-289222","1":"product","2":"type-product","3":"status-publish","4":"has-post-thumbnail","6":"product_cat-biuro","7":"product_cat-hotel-pl","8":"product_cat-ilustracje","9":"product_cat-ludzie","10":"product_cat-minimalistyczne","11":"product_cat-nowoczesne","12":"product_cat-przedpokoj","13":"product_cat-salon","14":"product_cat-skandynawskie","15":"product_cat-sypialnia","16":"product_cat-sztuka-koncepcyjna","17":"product_tag-jasne","18":"product_tag-nowoczesne-obrazy","19":"product_tag-pastelowe","20":"product_tag-pionowy","21":"pa_size-finishing-20x30-standard","22":"pa_size-finishing-20x30-na-ptnie-woskim","23":"pa_size-finishing-20x30-premium-print","24":"pa_size-finishing-20x30-akustyczny","25":"pa_size-finishing-40x60-standard","26":"pa_size-finishing-40x60-na-ptnie-woskim","27":"pa_size-finishing-40x60-premium-print","28":"pa_size-finishing-40x60-akustyczny","29":"pa_size-finishing-40x60-w-ramie-drewnianej-naturalnej","30":"pa_size-finishing-40x60-w-ramie-drewnianej-czarnej","31":"pa_size-finishing-60x90-standard","32":"pa_size-finishing-60x90-na-ptnie-woskim","33":"pa_size-finishing-60x90-premium-print","34":"pa_size-finishing-60x90-akustyczny","35":"pa_size-finishing-60x90-w-ramie-drewnianej-naturalnej","36":"pa_size-finishing-60x90-w-ramie-drewnianej-czarnej","37":"pa_size-finishing-80x120-standard","38":"pa_size-finishing-80x120-na-ptnie-woskim","39":"pa_size-finishing-80x120-premium-print","40":"pa_size-finishing-80x120-akustyczny","41":"pa_size-finishing-80x120-w-ramie-drewnianej-naturalnej","42":"pa_size-finishing-80x120-w-ramie-drewnianej-czarnej","44":"first","45":"instock","46":"purchasable","47":"product-type-variable","48":"has-default-attributes"},"aioseo_notices":[],"_links":{"self":[{"href":"https:\/\/interiorposter.com\/pl\/wp-json\/wp\/v2\/product\/289222","targetHints":{"allow":["GET"]}}],"collection":[{"href":"https:\/\/interiorposter.com\/pl\/wp-json\/wp\/v2\/product"}],"about":[{"href":"https:\/\/interiorposter.com\/pl\/wp-json\/wp\/v2\/types\/product"}],"replies":[{"embeddable":true,"href":"https:\/\/interiorposter.com\/pl\/wp-json\/wp\/v2\/comments?post=289222"}],"wp:featuredmedia":[{"embeddable":true,"href":"https:\/\/interiorposter.com\/pl\/wp-json\/wp\/v2\/media\/289224"}],"wp:attachment":[{"href":"https:\/\/interiorposter.com\/pl\/wp-json\/wp\/v2\/media?parent=289222"}],"wp:term":[{"taxonomy":"product_brand","embeddable":true,"href":"https:\/\/interiorposter.com\/pl\/wp-json\/wp\/v2\/product_brand?post=289222"},{"taxonomy":"product_cat","embeddable":true,"href":"https:\/\/interiorposter.com\/pl\/wp-json\/wp\/v2\/product_cat?post=289222"},{"taxonomy":"product_tag","embeddable":true,"href":"https:\/\/interiorposter.com\/pl\/wp-json\/wp\/v2\/product_tag?post=289222"}],"curies":[{"name":"wp","href":"https:\/\/api.w.org\/{rel}","templated":true}]}}