{"id":286566,"date":"2026-03-21T22:44:37","date_gmt":"2026-03-21T21:44:37","guid":{"rendered":"https:\/\/interiorposter.com\/?post_type=product&#038;p=286566"},"modified":"2026-03-27T22:26:54","modified_gmt":"2026-03-27T21:26:54","slug":"obraz-na-plotnie-lew-w-zlotej-kompozycji","status":"publish","type":"product","link":"https:\/\/interiorposter.com\/pl\/product\/obraz-na-plotnie-lew-w-zlotej-kompozycji\/","title":{"rendered":"Obraz na p\u0142\u00f3tnie Lew w z\u0142otej kompozycji"},"content":{"rendered":"<p>Efektowny obraz na p\u0142\u00f3tnie z wizerunkiem lwa to dekoracja, kt\u00f3ra przyci\u0105ga uwag\u0119 si\u0142\u0105, elegancj\u0105 i wyrazistym charakterem. Dynamiczne po\u0142\u0105czenie g\u0142\u0119bokiej czerni, \u015bwietlistych z\u0142otych akcent\u00f3w i jasnych detali grzywy tworzy luksusowy, ciemny uk\u0142ad kolorystyczny idealny do nowoczesnych wn\u0119trz. Ten obraz do salonu \u015bwietnie podkre\u015bli styl glamour, industrialny lub nowoczesny, ale doskonale odnajdzie si\u0119 tak\u017ce w biurze, hotelu, sypialni czy restauracji. To wyj\u0105tkowa grafika na \u015bcianie dla os\u00f3b, kt\u00f3re chc\u0105 nada\u0107 przestrzeni presti\u017c, moc i niepowtarzalny klimat.<\/p>\n","protected":false},"excerpt":{"rendered":"<p>Obraz na p\u0142\u00f3tnie z majestatycznym lwem w czerni i z\u0142ocie to wyrazista dekoracja do salonu, biura lub sypialni. Elegancki, nowoczesny i pe\u0142en charakteru.<\/p>\n","protected":false},"featured_media":286568,"comment_status":"closed","ping_status":"closed","template":"","meta":[],"product_brand":[],"product_cat":[88,101,76,291,134,107,73,91,85,70,209,256],"product_tag":[273,696,701],"class_list":{"0":"post-286566","1":"product","2":"type-product","3":"status-publish","4":"has-post-thumbnail","6":"product_cat-biuro","7":"product_cat-glamour-pl","8":"product_cat-hotel-pl","9":"product_cat-ilustracje","10":"product_cat-industrialne","11":"product_cat-nowoczesne","12":"product_cat-przedpokoj","13":"product_cat-restauracja","14":"product_cat-salon","15":"product_cat-sypialnia","16":"product_cat-sztuka-koncepcyjna","17":"product_cat-zwierzeta-i-natura","18":"product_tag-dark-pl","19":"product_tag-nowoczesne-obrazy","20":"product_tag-poziomy","21":"pa_size-finishing-60x40-standard","22":"pa_size-finishing-60x40-na-ptnie-woskim","23":"pa_size-finishing-60x40-premium-print","24":"pa_size-finishing-60x40-akustyczny","25":"pa_size-finishing-60x40-w-ramie-drewnianej-naturalnej","26":"pa_size-finishing-60x40-w-ramie-drewnianej-czarnej","27":"pa_size-finishing-90x60-standard","28":"pa_size-finishing-90x60-na-ptnie-woskim","29":"pa_size-finishing-90x60-premium-print","30":"pa_size-finishing-90x60-akustyczny","31":"pa_size-finishing-90x60-w-ramie-drewnianej-naturalnej","32":"pa_size-finishing-90x60-w-ramie-drewnianej-czarnej","33":"pa_size-finishing-120x80-standard","34":"pa_size-finishing-120x80-na-ptnie-woskim","35":"pa_size-finishing-120x80-premium-print","36":"pa_size-finishing-120x80-akustyczny","37":"pa_size-finishing-120x80-w-ramie-drewnianej-naturalnej","38":"pa_size-finishing-120x80-w-ramie-drewnianej-czarnej","40":"first","41":"instock","42":"purchasable","43":"product-type-variable","44":"has-default-attributes"},"aioseo_notices":[],"_links":{"self":[{"href":"https:\/\/interiorposter.com\/pl\/wp-json\/wp\/v2\/product\/286566","targetHints":{"allow":["GET"]}}],"collection":[{"href":"https:\/\/interiorposter.com\/pl\/wp-json\/wp\/v2\/product"}],"about":[{"href":"https:\/\/interiorposter.com\/pl\/wp-json\/wp\/v2\/types\/product"}],"replies":[{"embeddable":true,"href":"https:\/\/interiorposter.com\/pl\/wp-json\/wp\/v2\/comments?post=286566"}],"wp:featuredmedia":[{"embeddable":true,"href":"https:\/\/interiorposter.com\/pl\/wp-json\/wp\/v2\/media\/286568"}],"wp:attachment":[{"href":"https:\/\/interiorposter.com\/pl\/wp-json\/wp\/v2\/media?parent=286566"}],"wp:term":[{"taxonomy":"product_brand","embeddable":true,"href":"https:\/\/interiorposter.com\/pl\/wp-json\/wp\/v2\/product_brand?post=286566"},{"taxonomy":"product_cat","embeddable":true,"href":"https:\/\/interiorposter.com\/pl\/wp-json\/wp\/v2\/product_cat?post=286566"},{"taxonomy":"product_tag","embeddable":true,"href":"https:\/\/interiorposter.com\/pl\/wp-json\/wp\/v2\/product_tag?post=286566"}],"curies":[{"name":"wp","href":"https:\/\/api.w.org\/{rel}","templated":true}]}}