{"id":286129,"date":"2026-03-21T22:35:27","date_gmt":"2026-03-21T21:35:27","guid":{"rendered":"https:\/\/interiorposter.com\/?post_type=product&#038;p=286129"},"modified":"2026-03-27T01:26:24","modified_gmt":"2026-03-27T00:26:24","slug":"obraz-na-plotnie-minimalistyczny-pies-i-kot-line-art","status":"publish","type":"product","link":"https:\/\/interiorposter.com\/pl\/product\/obraz-na-plotnie-minimalistyczny-pies-i-kot-line-art\/","title":{"rendered":"Obraz na p\u0142\u00f3tnie Minimalistyczny pies i kot line art"},"content":{"rendered":"<p>Ten obraz na p\u0142\u00f3tnie zachwyca prostot\u0105 i ponadczasow\u0105 elegancj\u0105. Delikatny rysunek line art przedstawiaj\u0105cy psa i kota tworzy lekk\u0105, nowoczesn\u0105 dekoracj\u0119, kt\u00f3ra wnosi do wn\u0119trza spok\u00f3j, harmoni\u0119 i przytulny charakter. Jasna, stonowana kolorystyka z czarn\u0105 lini\u0105 na subtelnym tle sprawia, \u017ce wz\u00f3r doskonale pasuje do salonu, sypialni, przedpokoju, biura, a tak\u017ce do hotelowych i nowoczesnych przestrzeni. To \u015bwietny wyb\u00f3r dla mi\u0142o\u015bnik\u00f3w zwierz\u0105t, kt\u00f3rzy szukaj\u0105 obrazu na \u015bcian\u0119 o minimalistycznym, estetycznym wyrazie. Taki obraz do salonu pi\u0119knie podkre\u015bla styl aran\u017cacji i \u0142atwo \u0142\u0105czy si\u0119 z wn\u0119trzami skandynawskimi oraz nowoczesnymi.<\/p>\n","protected":false},"excerpt":{"rendered":"<p>Obraz na p\u0142\u00f3tnie z minimalistycznym rysunkiem psa i kota w stylu line art. Subtelna dekoracja do salonu, sypialni, biura lub przedpokoju.<\/p>\n","protected":false},"featured_media":286131,"comment_status":"closed","ping_status":"closed","template":"","meta":[],"product_brand":[],"product_cat":[88,76,291,104,107,73,85,113,70,256],"product_tag":[276,696,706,182],"class_list":{"0":"post-286129","1":"product","2":"type-product","3":"status-publish","4":"has-post-thumbnail","6":"product_cat-biuro","7":"product_cat-hotel-pl","8":"product_cat-ilustracje","9":"product_cat-minimalistyczne","10":"product_cat-nowoczesne","11":"product_cat-przedpokoj","12":"product_cat-salon","13":"product_cat-skandynawskie","14":"product_cat-sypialnia","15":"product_cat-zwierzeta-i-natura","16":"product_tag-jasne","17":"product_tag-nowoczesne-obrazy","18":"product_tag-pionowy","19":"product_tag-szary","20":"pa_size-finishing-20x30-standard","21":"pa_size-finishing-20x30-na-ptnie-woskim","22":"pa_size-finishing-20x30-premium-print","23":"pa_size-finishing-20x30-akustyczny","24":"pa_size-finishing-40x60-standard","25":"pa_size-finishing-40x60-na-ptnie-woskim","26":"pa_size-finishing-40x60-premium-print","27":"pa_size-finishing-40x60-akustyczny","28":"pa_size-finishing-40x60-w-ramie-drewnianej-naturalnej","29":"pa_size-finishing-40x60-w-ramie-drewnianej-czarnej","30":"pa_size-finishing-60x90-standard","31":"pa_size-finishing-60x90-na-ptnie-woskim","32":"pa_size-finishing-60x90-premium-print","33":"pa_size-finishing-60x90-akustyczny","34":"pa_size-finishing-60x90-w-ramie-drewnianej-naturalnej","35":"pa_size-finishing-60x90-w-ramie-drewnianej-czarnej","36":"pa_size-finishing-80x120-standard","37":"pa_size-finishing-80x120-na-ptnie-woskim","38":"pa_size-finishing-80x120-premium-print","39":"pa_size-finishing-80x120-akustyczny","40":"pa_size-finishing-80x120-w-ramie-drewnianej-naturalnej","41":"pa_size-finishing-80x120-w-ramie-drewnianej-czarnej","43":"first","44":"instock","45":"purchasable","46":"product-type-variable","47":"has-default-attributes"},"aioseo_notices":[],"_links":{"self":[{"href":"https:\/\/interiorposter.com\/pl\/wp-json\/wp\/v2\/product\/286129","targetHints":{"allow":["GET"]}}],"collection":[{"href":"https:\/\/interiorposter.com\/pl\/wp-json\/wp\/v2\/product"}],"about":[{"href":"https:\/\/interiorposter.com\/pl\/wp-json\/wp\/v2\/types\/product"}],"replies":[{"embeddable":true,"href":"https:\/\/interiorposter.com\/pl\/wp-json\/wp\/v2\/comments?post=286129"}],"wp:featuredmedia":[{"embeddable":true,"href":"https:\/\/interiorposter.com\/pl\/wp-json\/wp\/v2\/media\/286131"}],"wp:attachment":[{"href":"https:\/\/interiorposter.com\/pl\/wp-json\/wp\/v2\/media?parent=286129"}],"wp:term":[{"taxonomy":"product_brand","embeddable":true,"href":"https:\/\/interiorposter.com\/pl\/wp-json\/wp\/v2\/product_brand?post=286129"},{"taxonomy":"product_cat","embeddable":true,"href":"https:\/\/interiorposter.com\/pl\/wp-json\/wp\/v2\/product_cat?post=286129"},{"taxonomy":"product_tag","embeddable":true,"href":"https:\/\/interiorposter.com\/pl\/wp-json\/wp\/v2\/product_tag?post=286129"}],"curies":[{"name":"wp","href":"https:\/\/api.w.org\/{rel}","templated":true}]}}