{"id":284308,"date":"2026-03-21T21:57:29","date_gmt":"2026-03-21T20:57:29","guid":{"rendered":"https:\/\/interiorposter.com\/?post_type=product&#038;p=284308"},"modified":"2026-03-27T01:05:57","modified_gmt":"2026-03-27T00:05:57","slug":"obraz-na-plotnie-spokojny-pejzaz-w-stylu-akwarelowym","status":"publish","type":"product","link":"https:\/\/interiorposter.com\/pl\/product\/obraz-na-plotnie-spokojny-pejzaz-w-stylu-akwarelowym\/","title":{"rendered":"Obraz na p\u0142\u00f3tnie Spokojny pejza\u017c w stylu akwarelowym"},"content":{"rendered":"<p>Ten obraz na p\u0142\u00f3tnie urzeka subteln\u0105 kompozycj\u0105 w stylu akwarelowym, inspirowan\u0105 spokojnym pejza\u017cem i mi\u0119kkim \u015bwiat\u0142em. Delikatne przej\u015bcia szaro\u015bci, be\u017cu, z\u0142amanej bieli i pudrowych akcent\u00f3w tworz\u0105 harmonijn\u0105 dekoracj\u0119, kt\u00f3ra wnosi do wn\u0119trza lekko\u015b\u0107, elegancj\u0119 i atmosfer\u0119 wyciszenia. Malarski charakter wzoru sprawia, \u017ce obraz doskonale odnajduje si\u0119 w salonie, sypialni, biurze, hotelu lub przedpokoju, pi\u0119knie dope\u0142niaj\u0105c zar\u00f3wno nowoczesne, jak i skandynawskie aran\u017cacje. To \u015bwietny obraz na \u015bcian\u0119 dla os\u00f3b, kt\u00f3re szukaj\u0105 dekoracji pe\u0142nej subtelnych emocji i ponadczasowego stylu. Jasna, stonowana kolorystyka pomaga stworzy\u0107 przestrze\u0144 sprzyjaj\u0105c\u0105 relaksowi i codziennemu odpoczynkowi.<\/p>\n","protected":false},"excerpt":{"rendered":"<p>Obraz na p\u0142\u00f3tnie z pejza\u017cem w stylu akwarelowym w odcieniach szaro\u015bci, be\u017cu i pudrowego r\u00f3\u017cu. Subtelna dekoracja do salonu, sypialni, biura, hotelu lub przedpokoju.<\/p>\n","protected":false},"featured_media":284310,"comment_status":"closed","ping_status":"closed","template":"","meta":[],"product_brand":[],"product_cat":[88,76,137,299,104,107,73,85,113,70,209],"product_tag":[696,701,182,188],"class_list":{"0":"post-284308","1":"product","2":"type-product","3":"status-publish","4":"has-post-thumbnail","6":"product_cat-biuro","7":"product_cat-hotel-pl","8":"product_cat-krajobrazy","9":"product_cat-malarskie","10":"product_cat-minimalistyczne","11":"product_cat-nowoczesne","12":"product_cat-przedpokoj","13":"product_cat-salon","14":"product_cat-skandynawskie","15":"product_cat-sypialnia","16":"product_cat-sztuka-koncepcyjna","17":"product_tag-nowoczesne-obrazy","18":"product_tag-poziomy","19":"product_tag-szary","20":"product_tag-wielokolorowy","21":"pa_size-finishing-30x20-standard","22":"pa_size-finishing-30x20-na-ptnie-woskim","23":"pa_size-finishing-30x20-premium-print","24":"pa_size-finishing-30x20-akustyczny","25":"pa_size-finishing-60x40-standard","26":"pa_size-finishing-60x40-na-ptnie-woskim","27":"pa_size-finishing-60x40-premium-print","28":"pa_size-finishing-60x40-akustyczny","29":"pa_size-finishing-60x40-w-ramie-drewnianej-naturalnej","30":"pa_size-finishing-60x40-w-ramie-drewnianej-czarnej","31":"pa_size-finishing-90x60-standard","32":"pa_size-finishing-90x60-na-ptnie-woskim","33":"pa_size-finishing-90x60-premium-print","34":"pa_size-finishing-90x60-akustyczny","35":"pa_size-finishing-90x60-w-ramie-drewnianej-naturalnej","36":"pa_size-finishing-90x60-w-ramie-drewnianej-czarnej","37":"pa_size-finishing-120x80-standard","38":"pa_size-finishing-120x80-na-ptnie-woskim","39":"pa_size-finishing-120x80-premium-print","40":"pa_size-finishing-120x80-akustyczny","41":"pa_size-finishing-120x80-w-ramie-drewnianej-naturalnej","42":"pa_size-finishing-120x80-w-ramie-drewnianej-czarnej","44":"first","45":"instock","46":"purchasable","47":"product-type-variable","48":"has-default-attributes"},"aioseo_notices":[],"_links":{"self":[{"href":"https:\/\/interiorposter.com\/pl\/wp-json\/wp\/v2\/product\/284308","targetHints":{"allow":["GET"]}}],"collection":[{"href":"https:\/\/interiorposter.com\/pl\/wp-json\/wp\/v2\/product"}],"about":[{"href":"https:\/\/interiorposter.com\/pl\/wp-json\/wp\/v2\/types\/product"}],"replies":[{"embeddable":true,"href":"https:\/\/interiorposter.com\/pl\/wp-json\/wp\/v2\/comments?post=284308"}],"wp:featuredmedia":[{"embeddable":true,"href":"https:\/\/interiorposter.com\/pl\/wp-json\/wp\/v2\/media\/284310"}],"wp:attachment":[{"href":"https:\/\/interiorposter.com\/pl\/wp-json\/wp\/v2\/media?parent=284308"}],"wp:term":[{"taxonomy":"product_brand","embeddable":true,"href":"https:\/\/interiorposter.com\/pl\/wp-json\/wp\/v2\/product_brand?post=284308"},{"taxonomy":"product_cat","embeddable":true,"href":"https:\/\/interiorposter.com\/pl\/wp-json\/wp\/v2\/product_cat?post=284308"},{"taxonomy":"product_tag","embeddable":true,"href":"https:\/\/interiorposter.com\/pl\/wp-json\/wp\/v2\/product_tag?post=284308"}],"curies":[{"name":"wp","href":"https:\/\/api.w.org\/{rel}","templated":true}]}}