{"id":28352,"date":"2025-06-22T15:23:59","date_gmt":"2025-06-22T13:23:59","guid":{"rendered":"https:\/\/interiorposter.com\/?post_type=product&#038;p=28352"},"modified":"2026-03-19T01:31:48","modified_gmt":"2026-03-19T00:31:48","slug":"obraz-na-plotnie-nocny-manhattan-nad-woda-elegancka-panorama-z-zachodem-slonca","status":"publish","type":"product","link":"https:\/\/interiorposter.com\/pl\/product\/obraz-na-plotnie-nocny-manhattan-nad-woda-elegancka-panorama-z-zachodem-slonca\/","title":{"rendered":"Panorama Manhattanu noc\u0105 nad wod\u0105 \u2013 obraz na p\u0142\u00f3tnie"},"content":{"rendered":"<p>Ten obraz na p\u0142\u00f3tnie to wyj\u0105tkowa interpretacja miejskiego krajobrazu Nowego Jorku. Uj\u0119cie \u2013 by\u0107 mo\u017ce zdj\u0119cie, a mo\u017ce cyfrowa grafika \u2013 prezentuje widok na wie\u017cowce Manhattanu od strony wody. Ca\u0142o\u015b\u0107 ma nieco nierealny, wyg\u0142adzony charakter \u2013 kompozycja sprawia wra\u017cenie niemal sennej, subtelnej wizji miasta, kt\u00f3ra \u0142\u0105czy realizm z artystycznym przetworzeniem.<\/p>\n<p>Wie\u017cowce maj\u0105 odcienie szaro\u015bci i czerni, a dolna cz\u0119\u015b\u0107 kadru \u2013 linia przy brzegu \u2013 roz\u015bwietlona jest bia\u0142ym \u015bwiat\u0142em miejskich lamp i okien. T\u0142o stanowi spokojny, zachmurzony zach\u00f3d s\u0142o\u0144ca, kt\u00f3ry subtelnie prze\u0142amuje monochromatyczn\u0105 kolorystyk\u0119 delikatnym \u015bwiat\u0142em i tonami zachodz\u0105cego dnia. Woda jest idealnie g\u0142adka \u2013 jak lustro \u2013 odbijaj\u0105c z niemal fotograficzn\u0105 precyzj\u0105 ca\u0142e miasto, co wzmacnia symetryczny, hipnotyzuj\u0105cy efekt obrazu.<\/p>\n<p>Kolorystyka jest stonowana, utrzymana g\u0142\u00f3wnie w szaro\u015bciach, z minimalnymi akcentami kolorystycznymi \u2013 co sprawia, \u017ce obraz z \u0142atwo\u015bci\u0105 wkomponuje si\u0119 w r\u00f3\u017cne style wn\u0119trz. Idealnie pasuje do nowoczesnych salon\u00f3w, eleganckich biur, loft\u00f3w, a tak\u017ce sypialni urz\u0105dzonych w stylu minimalistycznym, industrialnym lub glamour. To propozycja dla os\u00f3b, kt\u00f3re ceni\u0105 wielkomiejski klimat, ale w jego bardziej wyciszonej, refleksyjnej formie \u2013 z nut\u0105 poetyckiej tajemnicy i miejskiego uroku.<\/p>\n","protected":false},"excerpt":{"rendered":"<p>Subtelny i stylowy obraz przedstawiaj\u0105cy nocn\u0105 panoram\u0119 Nowego Jorku odbijaj\u0105c\u0105 si\u0119 w wodzie. Idealny do biura, salonu, sypialni lub eleganckiego loftu.<\/p>\n","protected":false},"featured_media":64200,"comment_status":"open","ping_status":"closed","template":"","meta":[],"product_brand":[],"product_cat":[88,110,101,76,122,267,107,73,85,70],"product_tag":[273,701,182],"class_list":{"0":"post-28352","1":"product","2":"type-product","3":"status-publish","4":"has-post-thumbnail","6":"product_cat-biuro","7":"product_cat-fotografia","8":"product_cat-glamour-pl","9":"product_cat-hotel-pl","10":"product_cat-miasta-i-mosty","11":"product_cat-nocne","12":"product_cat-nowoczesne","13":"product_cat-przedpokoj","14":"product_cat-salon","15":"product_cat-sypialnia","16":"product_tag-dark-pl","17":"product_tag-poziomy","18":"product_tag-szary","20":"first","21":"instock","22":"taxable","23":"shipping-taxable","24":"purchasable","25":"product-type-variable","26":"has-default-attributes"},"aioseo_notices":[],"_links":{"self":[{"href":"https:\/\/interiorposter.com\/pl\/wp-json\/wp\/v2\/product\/28352","targetHints":{"allow":["GET"]}}],"collection":[{"href":"https:\/\/interiorposter.com\/pl\/wp-json\/wp\/v2\/product"}],"about":[{"href":"https:\/\/interiorposter.com\/pl\/wp-json\/wp\/v2\/types\/product"}],"replies":[{"embeddable":true,"href":"https:\/\/interiorposter.com\/pl\/wp-json\/wp\/v2\/comments?post=28352"}],"wp:featuredmedia":[{"embeddable":true,"href":"https:\/\/interiorposter.com\/pl\/wp-json\/wp\/v2\/media\/64200"}],"wp:attachment":[{"href":"https:\/\/interiorposter.com\/pl\/wp-json\/wp\/v2\/media?parent=28352"}],"wp:term":[{"taxonomy":"product_brand","embeddable":true,"href":"https:\/\/interiorposter.com\/pl\/wp-json\/wp\/v2\/product_brand?post=28352"},{"taxonomy":"product_cat","embeddable":true,"href":"https:\/\/interiorposter.com\/pl\/wp-json\/wp\/v2\/product_cat?post=28352"},{"taxonomy":"product_tag","embeddable":true,"href":"https:\/\/interiorposter.com\/pl\/wp-json\/wp\/v2\/product_tag?post=28352"}],"curies":[{"name":"wp","href":"https:\/\/api.w.org\/{rel}","templated":true}]}}