{"id":283212,"date":"2026-03-21T21:33:25","date_gmt":"2026-03-21T20:33:25","guid":{"rendered":"https:\/\/interiorposter.com\/?post_type=product&#038;p=283212"},"modified":"2026-03-27T00:53:12","modified_gmt":"2026-03-26T23:53:12","slug":"obraz-na-plotnie-czarna-abstrakcja-ze-zlotym-akcentem","status":"publish","type":"product","link":"https:\/\/interiorposter.com\/pl\/product\/obraz-na-plotnie-czarna-abstrakcja-ze-zlotym-akcentem\/","title":{"rendered":"Obraz na p\u0142\u00f3tnie Czarna abstrakcja ze z\u0142otym akcentem"},"content":{"rendered":"<p>Ten obraz na p\u0142\u00f3tnie zachwyca efektownym po\u0142\u0105czeniem g\u0142\u0119bokiej czerni, jasnych odcieni bieli i szaro\u015bci oraz szlachetnych z\u0142otych detali. Kompozycja inspirowana struktur\u0105 minera\u0142\u00f3w i marmuru nadaje wn\u0119trzu elegancki, nowoczesny charakter, a zarazem przyci\u0105ga spojrzenia wyrazistym kontrastem i luksusowym wyko\u0144czeniem. To doskona\u0142y obraz do salonu, sypialni, biura, hotelu lub restauracji, gdzie stanie si\u0119 stylowym akcentem dekoracyjnym. Ciemna, kontrastowa kolorystyka \u015bwietnie pasuje do aran\u017cacji glamour, nowoczesnych, minimalistycznych i industrialnych. Je\u015bli szukasz obrazu na \u015bcian\u0119, kt\u00f3ry podkre\u015bli presti\u017c wn\u0119trza i doda mu mocnego, eleganckiego wyrazu, ten wz\u00f3r b\u0119dzie znakomitym wyborem.<\/p>\n","protected":false},"excerpt":{"rendered":"<p>Obraz na p\u0142\u00f3tnie w czerni, bieli, szaro\u015bci i z\u0142ocie inspirowany struktur\u0105 marmuru. Elegancka dekoracja do salonu, sypialni, biura, hotelu lub restauracji.<\/p>\n","protected":false},"featured_media":283214,"comment_status":"closed","ping_status":"closed","template":"","meta":[],"product_brand":[],"product_cat":[97,88,212,101,76,299,104,107,91,85,70,209],"product_tag":[273,696,701,182,188],"class_list":{"0":"post-283212","1":"product","2":"type-product","3":"status-publish","4":"has-post-thumbnail","6":"product_cat-abstrakcja","7":"product_cat-biuro","8":"product_cat-geometryczne","9":"product_cat-glamour-pl","10":"product_cat-hotel-pl","11":"product_cat-malarskie","12":"product_cat-minimalistyczne","13":"product_cat-nowoczesne","14":"product_cat-restauracja","15":"product_cat-salon","16":"product_cat-sypialnia","17":"product_cat-sztuka-koncepcyjna","18":"product_tag-dark-pl","19":"product_tag-nowoczesne-obrazy","20":"product_tag-poziomy","21":"product_tag-szary","22":"product_tag-wielokolorowy","23":"pa_size-finishing-30x20-standard","24":"pa_size-finishing-30x20-na-ptnie-woskim","25":"pa_size-finishing-30x20-premium-print","26":"pa_size-finishing-30x20-akustyczny","27":"pa_size-finishing-60x40-standard","28":"pa_size-finishing-60x40-na-ptnie-woskim","29":"pa_size-finishing-60x40-premium-print","30":"pa_size-finishing-60x40-akustyczny","31":"pa_size-finishing-60x40-w-ramie-drewnianej-naturalnej","32":"pa_size-finishing-60x40-w-ramie-drewnianej-czarnej","33":"pa_size-finishing-90x60-standard","34":"pa_size-finishing-90x60-na-ptnie-woskim","35":"pa_size-finishing-90x60-premium-print","36":"pa_size-finishing-90x60-akustyczny","37":"pa_size-finishing-90x60-w-ramie-drewnianej-naturalnej","38":"pa_size-finishing-90x60-w-ramie-drewnianej-czarnej","39":"pa_size-finishing-120x80-standard","40":"pa_size-finishing-120x80-na-ptnie-woskim","41":"pa_size-finishing-120x80-premium-print","42":"pa_size-finishing-120x80-akustyczny","43":"pa_size-finishing-120x80-w-ramie-drewnianej-naturalnej","44":"pa_size-finishing-120x80-w-ramie-drewnianej-czarnej","46":"first","47":"instock","48":"purchasable","49":"product-type-variable","50":"has-default-attributes"},"aioseo_notices":[],"_links":{"self":[{"href":"https:\/\/interiorposter.com\/pl\/wp-json\/wp\/v2\/product\/283212","targetHints":{"allow":["GET"]}}],"collection":[{"href":"https:\/\/interiorposter.com\/pl\/wp-json\/wp\/v2\/product"}],"about":[{"href":"https:\/\/interiorposter.com\/pl\/wp-json\/wp\/v2\/types\/product"}],"replies":[{"embeddable":true,"href":"https:\/\/interiorposter.com\/pl\/wp-json\/wp\/v2\/comments?post=283212"}],"wp:featuredmedia":[{"embeddable":true,"href":"https:\/\/interiorposter.com\/pl\/wp-json\/wp\/v2\/media\/283214"}],"wp:attachment":[{"href":"https:\/\/interiorposter.com\/pl\/wp-json\/wp\/v2\/media?parent=283212"}],"wp:term":[{"taxonomy":"product_brand","embeddable":true,"href":"https:\/\/interiorposter.com\/pl\/wp-json\/wp\/v2\/product_brand?post=283212"},{"taxonomy":"product_cat","embeddable":true,"href":"https:\/\/interiorposter.com\/pl\/wp-json\/wp\/v2\/product_cat?post=283212"},{"taxonomy":"product_tag","embeddable":true,"href":"https:\/\/interiorposter.com\/pl\/wp-json\/wp\/v2\/product_tag?post=283212"}],"curies":[{"name":"wp","href":"https:\/\/api.w.org\/{rel}","templated":true}]}}