{"id":282711,"date":"2026-03-21T21:21:28","date_gmt":"2026-03-21T20:21:28","guid":{"rendered":"https:\/\/interiorposter.com\/?post_type=product&#038;p=282711"},"modified":"2026-03-27T00:39:58","modified_gmt":"2026-03-26T23:39:58","slug":"obraz-na-plotnie-jasny-marmur-ze-zlotym-polyskiem","status":"publish","type":"product","link":"https:\/\/interiorposter.com\/pl\/product\/obraz-na-plotnie-jasny-marmur-ze-zlotym-polyskiem\/","title":{"rendered":"Obraz na p\u0142\u00f3tnie Jasny marmur ze z\u0142otym po\u0142yskiem"},"content":{"rendered":"<p>Ten obraz na p\u0142\u00f3tnie urzeka subteln\u0105 elegancj\u0105 i lekk\u0105, nowoczesn\u0105 form\u0105 inspirowan\u0105 struktur\u0105 jasnego marmuru. Delikatne odcienie bieli, szaro\u015bci i be\u017cu przeplataj\u0105 si\u0119 tu ze z\u0142otymi refleksami, tworz\u0105c harmonijn\u0105 kompozycj\u0119 pe\u0142n\u0105 \u015bwiat\u0142a, spokoju i wyrafinowanego stylu. To doskona\u0142y obraz do salonu, sypialni, biura, hotelu lub przedpokoju, gdzie pi\u0119knie rozja\u015bni przestrze\u0144 i doda jej luksusowego charakteru. Jasna kolorystyka \u015bwietnie wsp\u00f3\u0142gra z aran\u017cacjami nowoczesnymi, minimalistycznymi, glamour i skandynawskimi. Je\u015bli szukasz obrazu na \u015bcian\u0119, kt\u00f3ry wnosi do wn\u0119trza klas\u0119, \u015bwie\u017co\u015b\u0107 i ponadczasow\u0105 estetyk\u0119, ten wz\u00f3r b\u0119dzie znakomitym wyborem.<\/p>\n","protected":false},"excerpt":{"rendered":"<p>Obraz na p\u0142\u00f3tnie inspirowany jasnym marmurem z delikatnymi z\u0142otymi akcentami. Elegancka dekoracja do salonu, sypialni, biura, hotelu lub przedpokoju.<\/p>\n","protected":false},"featured_media":282713,"comment_status":"closed","ping_status":"closed","template":"","meta":[],"product_brand":[],"product_cat":[97,88,212,101,76,104,107,73,85,70,209],"product_tag":[276,696,701,188],"class_list":{"0":"post-282711","1":"product","2":"type-product","3":"status-publish","4":"has-post-thumbnail","6":"product_cat-abstrakcja","7":"product_cat-biuro","8":"product_cat-geometryczne","9":"product_cat-glamour-pl","10":"product_cat-hotel-pl","11":"product_cat-minimalistyczne","12":"product_cat-nowoczesne","13":"product_cat-przedpokoj","14":"product_cat-salon","15":"product_cat-sypialnia","16":"product_cat-sztuka-koncepcyjna","17":"product_tag-jasne","18":"product_tag-nowoczesne-obrazy","19":"product_tag-poziomy","20":"product_tag-wielokolorowy","21":"pa_size-finishing-30x20-standard","22":"pa_size-finishing-30x20-na-ptnie-woskim","23":"pa_size-finishing-30x20-premium-print","24":"pa_size-finishing-30x20-akustyczny","25":"pa_size-finishing-60x40-standard","26":"pa_size-finishing-60x40-na-ptnie-woskim","27":"pa_size-finishing-60x40-premium-print","28":"pa_size-finishing-60x40-akustyczny","29":"pa_size-finishing-60x40-w-ramie-drewnianej-naturalnej","30":"pa_size-finishing-60x40-w-ramie-drewnianej-czarnej","31":"pa_size-finishing-90x60-standard","32":"pa_size-finishing-90x60-na-ptnie-woskim","33":"pa_size-finishing-90x60-premium-print","34":"pa_size-finishing-90x60-akustyczny","35":"pa_size-finishing-90x60-w-ramie-drewnianej-naturalnej","36":"pa_size-finishing-90x60-w-ramie-drewnianej-czarnej","37":"pa_size-finishing-120x80-standard","38":"pa_size-finishing-120x80-na-ptnie-woskim","39":"pa_size-finishing-120x80-premium-print","40":"pa_size-finishing-120x80-akustyczny","41":"pa_size-finishing-120x80-w-ramie-drewnianej-naturalnej","42":"pa_size-finishing-120x80-w-ramie-drewnianej-czarnej","44":"first","45":"instock","46":"purchasable","47":"product-type-variable","48":"has-default-attributes"},"aioseo_notices":[],"_links":{"self":[{"href":"https:\/\/interiorposter.com\/pl\/wp-json\/wp\/v2\/product\/282711","targetHints":{"allow":["GET"]}}],"collection":[{"href":"https:\/\/interiorposter.com\/pl\/wp-json\/wp\/v2\/product"}],"about":[{"href":"https:\/\/interiorposter.com\/pl\/wp-json\/wp\/v2\/types\/product"}],"replies":[{"embeddable":true,"href":"https:\/\/interiorposter.com\/pl\/wp-json\/wp\/v2\/comments?post=282711"}],"wp:featuredmedia":[{"embeddable":true,"href":"https:\/\/interiorposter.com\/pl\/wp-json\/wp\/v2\/media\/282713"}],"wp:attachment":[{"href":"https:\/\/interiorposter.com\/pl\/wp-json\/wp\/v2\/media?parent=282711"}],"wp:term":[{"taxonomy":"product_brand","embeddable":true,"href":"https:\/\/interiorposter.com\/pl\/wp-json\/wp\/v2\/product_brand?post=282711"},{"taxonomy":"product_cat","embeddable":true,"href":"https:\/\/interiorposter.com\/pl\/wp-json\/wp\/v2\/product_cat?post=282711"},{"taxonomy":"product_tag","embeddable":true,"href":"https:\/\/interiorposter.com\/pl\/wp-json\/wp\/v2\/product_tag?post=282711"}],"curies":[{"name":"wp","href":"https:\/\/api.w.org\/{rel}","templated":true}]}}